{"id":35562,"date":"2025-06-10T13:59:21","date_gmt":"2025-06-10T09:59:21","guid":{"rendered":"https:\/\/airsystems.ge\/shop\/product\/ghe-dehumidifiers-for-radiant-cooling-systems-with-heat-recovery\/"},"modified":"2025-06-10T14:02:34","modified_gmt":"2025-06-10T10:02:34","slug":"ghe-dehumidifiers-for-radiant-cooling-systems-with-heat-recovery","status":"publish","type":"product","link":"https:\/\/airsystems.ge\/shop\/hy\/product\/ghe-dehumidifiers-for-radiant-cooling-systems-with-heat-recovery\/","title":{"rendered":"GHE \u0130stilik b\u0259rpas\u0131 olan radiasiyal\u0131 soyutma sisteml\u0259ri \u00fc\u00e7\u00fcn n\u0259ml\u0259ndiricil\u0259r"},"content":{"rendered":"<div class=\"elementor-element elementor-element-70da8153 elementor-widget elementor-widget-theme-page-title elementor-page-title elementor-widget-heading\" data-id=\"70da8153\" data-element_type=\"widget\" data-widget_type=\"theme-page-title.default\">\n<div class=\"elementor-widget-container\">\n<p>Y\u00fcks\u0259k s\u0259m\u0259r\u0259li GHE seriyas\u0131n\u0131n istilik b\u0259rpas\u0131 il\u0259 n\u0259ml\u0259ndiricil\u0259r parlaq soyutma sisteml\u0259ri il\u0259 birlikd\u0259 \u00e7ox y\u00fcks\u0259k enerji s\u0259m\u0259r\u0259liliyi olan ya\u015fay\u0131\u015f massivind\u0259 qurutma v\u0259 t\u0259miz havan\u0131 t\u0259min etm\u0259k \u00fc\u00e7\u00fcn n\u0259z\u0259rd\u0259 tutulmu\u015fdur. B\u00f6lm\u0259l\u0259r ya termal neytral hava \u015f\u0259raitind\u0259, ya da hava il\u0259 soyudulmu\u015f, ki\u00e7ik hava ax\u0131n\u0131n\u0131 idar\u0259 etm\u0259kl\u0259, \u0259n\u0259n\u0259vi kondisioner sisteml\u0259rin\u0259 xas olan z\u0259hl\u0259t\u00f6k\u0259n ki\u00e7ik hava c\u0259r\u0259yanlar\u0131n\u0131n qar\u015f\u0131s\u0131n\u0131 almaq \u00fc\u00e7\u00fcn n\u0259ml\u0259ndirm\u0259ni t\u0259min etm\u0259k \u00fc\u00e7\u00fcn n\u0259z\u0259rd\u0259 tutulmu\u015fdur. B\u00f6lm\u0259l\u0259r, m\u00fcvafiq regional v\u0259 milli a\u015fa\u011f\u0131 s\u0259viyy\u0259l\u0259r\u0259 uy\u011fun olaraq istiliyin b\u0259rpas\u0131 v\u0259 hava m\u00fcbadil\u0259si m\u00fchiti \u00fc\u00e7\u00fcn n\u0259z\u0259rd\u0259 tutulmu\u015f y\u00fcks\u0259k s\u0259m\u0259r\u0259li \u00e7arpaz ax\u0131nl\u0131 istilik d\u0259yi\u015fdiricisi il\u0259 birl\u0259\u015fdirilmi\u015f birba\u015fa geni\u015fl\u0259ndirm\u0259 soyutma sistemind\u0259n ibar\u0259tdir.<\/p>\n<\/div>\n<\/div>\n","protected":false},"excerpt":{"rendered":"<div class=\"elementor-element elementor-element-f80f489 elementor-widget elementor-widget-heading\" data-id=\"f80f489\" data-element_type=\"widget\" data-widget_type=\"heading.default\">\n<div class=\"elementor-widget-container\">\n<div class=\"elementor-heading-title elementor-size-default\">30,1 l\/24 saatdan 61,8 l\/24 saata q\u0259d\u0259r n\u0259m \u00e7\u0131xarma qabiliyy\u0259ti<br \/>\n130 m3\/saatdan 500 m3\/saata q\u0259d\u0259r hava ax\u0131n\u0131<\/div>\n<\/div>\n<\/div>\n","protected":false},"featured_media":35557,"template":"","meta":[],"product_brand":[],"product_cat":[1725,874],"product_tag":[],"class_list":{"0":"post-35562","1":"product","2":"type-product","3":"status-publish","4":"has-post-thumbnail","6":"product_cat-1725","7":"product_cat--hy-","9":"first","10":"instock","11":"shipping-taxable","12":"product-type-simple"},"_links":{"self":[{"href":"https:\/\/airsystems.ge\/shop\/hy\/wp-json\/wp\/v2\/product\/35562","targetHints":{"allow":["GET"]}}],"collection":[{"href":"https:\/\/airsystems.ge\/shop\/hy\/wp-json\/wp\/v2\/product"}],"about":[{"href":"https:\/\/airsystems.ge\/shop\/hy\/wp-json\/wp\/v2\/types\/product"}],"wp:featuredmedia":[{"embeddable":true,"href":"https:\/\/airsystems.ge\/shop\/hy\/wp-json\/wp\/v2\/media\/35557"}],"wp:attachment":[{"href":"https:\/\/airsystems.ge\/shop\/hy\/wp-json\/wp\/v2\/media?parent=35562"}],"wp:term":[{"taxonomy":"product_brand","embeddable":true,"href":"https:\/\/airsystems.ge\/shop\/hy\/wp-json\/wp\/v2\/product_brand?post=35562"},{"taxonomy":"product_cat","embeddable":true,"href":"https:\/\/airsystems.ge\/shop\/hy\/wp-json\/wp\/v2\/product_cat?post=35562"},{"taxonomy":"product_tag","embeddable":true,"href":"https:\/\/airsystems.ge\/shop\/hy\/wp-json\/wp\/v2\/product_tag?post=35562"}],"curies":[{"name":"wp","href":"https:\/\/api.w.org\/{rel}","templated":true}]}}