{"id":46515,"date":"2026-05-08T19:56:23","date_gmt":"2026-05-08T15:56:23","guid":{"rendered":"https:\/\/airsystems.ge\/shop\/product\/garden-pump-tgp-1000-e-powerful-1000-w-pump-for-all-watering-applications\/"},"modified":"2026-05-08T20:02:29","modified_gmt":"2026-05-08T16:02:29","slug":"garden-pump-tgp-1000-e-powerful-1000-w-pump-for-all-watering-applications","status":"publish","type":"product","link":"https:\/\/airsystems.ge\/shop\/fr\/produit\/garden-pump-tgp-1000-e-powerful-1000-w-pump-for-all-watering-applications\/","title":{"rendered":"Pompe de jardin TGP 1000 E  Puissante pompe de 1\u00a0000 W pour tous vos besoins d&rsquo;arrosage\u00a0!"},"content":{"rendered":"<h2 class=\"text-heading-xs md:text-heading-2xl text-gray-90 font-bold mb-4 md:mb-8\">Description du produit\u00a0:<\/h2>\n<p>Pour l&rsquo;arrosage avec l&rsquo;eau d&rsquo;un r\u00e9cup\u00e9rateur d&rsquo;eau de pluie, d&rsquo;une citerne, d&rsquo;un bassin de jardin ou d&rsquo;un puits peu profond, inutile d&rsquo;investir dans un syst\u00e8me d&rsquo;arrosage automatique. Une pompe fiable, facile \u00e0 installer, \u00e0 mettre en marche et \u00e0 d\u00e9monter, suffit. La pompe de jardin TROTEC TGP 1000 E est con\u00e7ue pr\u00e9cis\u00e9ment pour cela. Compacte, l\u00e9g\u00e8re et robuste, elle est dot\u00e9e d&rsquo;une poign\u00e9e de transport int\u00e9gr\u00e9e pour un d\u00e9placement ais\u00e9. Command\u00e9e manuellement par un interrupteur marche\/arr\u00eat, elle fonctionne aussi longtemps que n\u00e9cessaire et s&rsquo;arr\u00eate d\u00e8s que l&rsquo;interrupteur est actionn\u00e9.<\/p>\n<p>Avec une puissance de 1\u00a0000 watts, la TGP 1000 E fournit jusqu&rsquo;\u00e0 3\u00a0300 litres d&rsquo;eau par heure, une capacit\u00e9 suffisante pour les syst\u00e8mes d&rsquo;arrosage automatique, les syst\u00e8mes d&rsquo;irrigation, les tuyaux d&rsquo;arrosage et les nettoyeurs haute pression. Sa hauteur de refoulement de 42 m\u00e8tres permet d&rsquo;alimenter des zones de jardin plus \u00e9loign\u00e9es ou de pomper sur de longues distances. Sa hauteur d&rsquo;aspiration jusqu&rsquo;\u00e0 7 m\u00e8tres couvre efficacement les puits peu profonds, les citernes et les r\u00e9cup\u00e9rateurs d&rsquo;eau de pluie. Le raccord filet\u00e9 de 1 pouce, en m\u00e9tal robuste c\u00f4t\u00e9 aspiration et c\u00f4t\u00e9 refoulement, est compatible avec tous les tuyaux d&rsquo;arrosage et syst\u00e8mes d&rsquo;irrigation standard. Les particules en suspension jusqu&rsquo;\u00e0 2 mm sont facilement \u00e9limin\u00e9es.<\/p>\n<p>Le corps de pompe, en plastique r\u00e9sistant aux chocs, est \u00e9quip\u00e9 d&rsquo;un moteur \u00e0 bobinage aluminium sans entretien, d&rsquo;une garniture m\u00e9canique de haute qualit\u00e9 et d&rsquo;un circuit de protection thermique int\u00e9gr\u00e9, con\u00e7u pour un fonctionnement continu. Son indice de protection IPX4 le prot\u00e8ge des projections d&rsquo;eau de toutes directions\u00a0; la prise d&rsquo;alimentation est \u00e9galement \u00e9tanche aux projections d&rsquo;eau (IP44). Pour l&rsquo;hivernage, le corps de pompe peut \u00eatre enti\u00e8rement vid\u00e9 par le bouchon de vidange, sans outil ni d\u00e9montage.<\/p>\n","protected":false},"excerpt":{"rendered":"<ul class=\"text-greyscale-60 text-sml sm:text-2sml my-6 flex flex-row space-x-4\">\n<li class=\"w-1\/3\">\n<div class=\"font-bold\">\n<p>D\u00e9bit\u00a0: 3\u00a0300 l\/h<\/p>\n<p>Consommation \u00e9lectrique\u00a0: 1\u00a0000 W<\/p>\n<p>Hauteur de refoulement\u00a0: 42 m<\/p>\n<p>Carter en plastique r\u00e9sistant aux chocs, haute r\u00e9sistance \u00e0 la corrosion gr\u00e2ce au moteur \u00e0 bobinage en aluminium.<\/p>\n<p>Id\u00e9ale pour le pompage, le transfert et l&rsquo;acheminement de l&rsquo;eau, par exemple depuis des r\u00e9cup\u00e9rateurs d&rsquo;eau de pluie, des citernes et des bassins de jardin.<\/p>\n<p>Arrosage facile et continu jusqu&rsquo;\u00e0 l&rsquo;arr\u00eat manuel.<\/p>\n<p>Protection contre le gel\u00a0: vidange facile de l&rsquo;eau r\u00e9siduelle gr\u00e2ce au bouchon de vidange.<\/p>\n<p>Filetage m\u00e9tallique robuste c\u00f4t\u00e9 aspiration et refoulement.<\/p>\n<\/div>\n<\/li>\n<\/ul>\n","protected":false},"featured_media":46516,"template":"","meta":[],"product_brand":[],"product_cat":[2040,2046],"product_tag":[],"class_list":{"0":"post-46515","1":"product","2":"type-product","3":"status-publish","4":"has-post-thumbnail","6":"product_cat-pompes","7":"product_cat-pompes-de-jardin","9":"first","10":"instock","11":"shipping-taxable","12":"product-type-simple"},"_links":{"self":[{"href":"https:\/\/airsystems.ge\/shop\/fr\/wp-json\/wp\/v2\/product\/46515","targetHints":{"allow":["GET"]}}],"collection":[{"href":"https:\/\/airsystems.ge\/shop\/fr\/wp-json\/wp\/v2\/product"}],"about":[{"href":"https:\/\/airsystems.ge\/shop\/fr\/wp-json\/wp\/v2\/types\/product"}],"wp:featuredmedia":[{"embeddable":true,"href":"https:\/\/airsystems.ge\/shop\/fr\/wp-json\/wp\/v2\/media\/46516"}],"wp:attachment":[{"href":"https:\/\/airsystems.ge\/shop\/fr\/wp-json\/wp\/v2\/media?parent=46515"}],"wp:term":[{"taxonomy":"product_brand","embeddable":true,"href":"https:\/\/airsystems.ge\/shop\/fr\/wp-json\/wp\/v2\/product_brand?post=46515"},{"taxonomy":"product_cat","embeddable":true,"href":"https:\/\/airsystems.ge\/shop\/fr\/wp-json\/wp\/v2\/product_cat?post=46515"},{"taxonomy":"product_tag","embeddable":true,"href":"https:\/\/airsystems.ge\/shop\/fr\/wp-json\/wp\/v2\/product_tag?post=46515"}],"curies":[{"name":"wp","href":"https:\/\/api.w.org\/{rel}","templated":true}]}}