{"id":46401,"date":"2026-04-25T22:14:19","date_gmt":"2026-04-25T18:14:19","guid":{"rendered":"https:\/\/airsystems.ge\/shop\/product\/bc25-thermohygrometer-climate-measurements-including-heat-index-and-apparent-temperature\/"},"modified":"2026-04-25T22:19:42","modified_gmt":"2026-04-25T18:19:42","slug":"bc25-thermohygrometer-climate-measurements-including-heat-index-and-apparent-temperature","status":"publish","type":"product","link":"https:\/\/airsystems.ge\/shop\/fr\/produit\/bc25-thermohygrometer-climate-measurements-including-heat-index-and-apparent-temperature\/","title":{"rendered":"Thermohygrom\u00e8tre BC25  Mesures climatiques incluant l&rsquo;indice de chaleur et la temp\u00e9rature ressentie"},"content":{"rendered":"<h2 class=\"\">Quelques avantages pratiques\u00a0:<\/h2>\n<ul class=\"list-grid grid-md-2 csc-default csc-bulletlist-1-a\">\n<li class=\"column\">D\u00e9termination des param\u00e8tres climatiques\u00a0: \u00b0C\/\u00b0F, %HR, point de ros\u00e9e, temp\u00e9rature humide, indice de chaleur (IC), temp\u00e9rature ressentie (WBGT)\n<p>Alarme pour l&rsquo;indice de chaleur (IC) et la temp\u00e9rature ressentie (WBGT)<\/p>\n<p>Grand \u00e9cran LCD facile \u00e0 lire<\/p>\n<p>Arr\u00eat automatique<br \/>\nFonctions Max\/Min\/Moyenne<br \/>\nFonction de maintien<br \/>\nExcellent rapport qualit\u00e9-prix<\/li>\n<\/ul>\n<div class=\"table-overflow-wrapper\">\n<table class=\"tech main-data\" cellspacing=\"0\" cellpadding=\"0\">\n<tbody>\n<tr class=\"headerrow\">\n<th colspan=\"2\">Product identification<\/th>\n<\/tr>\n<tr class=\"even\">\n<th>SKU<\/th>\n<td>3510205008<\/td>\n<\/tr>\n<tr class=\"headerrow\">\n<th colspan=\"2\">Master Data<\/th>\n<\/tr>\n<tr class=\"odd\">\n<th>Length without packaging [mm]<\/th>\n<td>142\u00a0mm<\/td>\n<\/tr>\n<tr class=\"even\">\n<th>Length with packaging [mm]<\/th>\n<td>170\u00a0mm<\/td>\n<\/tr>\n<tr class=\"odd\">\n<th>Width without packaging [mm]<\/th>\n<td>20\u00a0mm<\/td>\n<\/tr>\n<tr class=\"even\">\n<th>Width with packaging [mm]<\/th>\n<td>37\u00a0mm<\/td>\n<\/tr>\n<tr class=\"odd\">\n<th>Height without packaging [mm]<\/th>\n<td>36\u00a0mm<\/td>\n<\/tr>\n<tr class=\"even\">\n<th>Height with packaging [mm]<\/th>\n<td>64\u00a0mm<\/td>\n<\/tr>\n<tr class=\"odd\">\n<th>Weight including packaging [kg]<\/th>\n<td>0.1\u00a0kg<\/td>\n<\/tr>\n<tr class=\"headerrow\">\n<th colspan=\"2\">Technical data<\/th>\n<\/tr>\n<tr class=\"even\">\n<th>Display<\/th>\n<td>LCD_monochrome<\/td>\n<\/tr>\n<\/tbody>\n<\/table>\n<\/div>\n<div class=\"table-overflow-wrapper\">\n<table class=\"tech multi-select-data\" cellspacing=\"0\" cellpadding=\"0\">\n<thead>\n<tr class=\"headerrow\">\n<th>Functions and features<\/th>\n<\/tr>\n<\/thead>\n<tbody>\n<tr>\n<th>Alarm function for and apparent temperature (WBGT)<\/th>\n<\/tr>\n<tr>\n<th>Alarm function for heat index (HI)<\/th>\n<\/tr>\n<tr>\n<th>Apparent temperature (WBGT)<\/th>\n<\/tr>\n<tr>\n<th>Automatic switch-off<\/th>\n<\/tr>\n<tr>\n<th>Average value display<\/th>\n<\/tr>\n<tr>\n<th>Heat index (HI)<\/th>\n<\/tr>\n<tr>\n<th>Maximum value display<\/th>\n<\/tr>\n<tr>\n<th>Measured value hold function<\/th>\n<\/tr>\n<tr>\n<th>Minimum value display<\/th>\n<\/tr>\n<tr>\n<th>Switching function \u00b0C\/\u00b0F<\/th>\n<\/tr>\n<tr>\n<th>Wet-bulb temperature<\/th>\n<\/tr>\n<\/tbody>\n<\/table>\n<\/div>\n<div class=\"table-overflow-wrapper\">\n<table class=\"tech multi-select-data\" cellspacing=\"0\" cellpadding=\"0\">\n<thead>\n<tr class=\"headerrow\">\n<th>Device control<\/th>\n<\/tr>\n<\/thead>\n<tbody>\n<tr>\n<th>Push buttons<\/th>\n<\/tr>\n<\/tbody>\n<\/table>\n<\/div>\n<div class=\"table-overflow-wrapper\">\n<table class=\"tech multi-select-data\" cellspacing=\"0\" cellpadding=\"0\">\n<thead>\n<tr class=\"headerrow\">\n<th>Power supply<\/th>\n<\/tr>\n<\/thead>\n<tbody>\n<tr>\n<th>1_x_3V_CR2032<\/th>\n<\/tr>\n<\/tbody>\n<\/table>\n<\/div>\n<div class=\"table-overflow-wrapper\">\n<table class=\"tech multi-select-data\" cellspacing=\"0\" cellpadding=\"0\">\n<thead>\n<tr class=\"headerrow\">\n<th>Housing design<\/th>\n<\/tr>\n<\/thead>\n<tbody>\n<tr>\n<th>Plastics<\/th>\n<\/tr>\n<\/tbody>\n<\/table>\n<\/div>\n<div class=\"table-overflow-wrapper\">\n<table class=\"tech table-data\" cellspacing=\"0\" cellpadding=\"0\">\n<thead>\n<tr class=\"headerrow\">\n<th colspan=\"5\">measurement_specifications<\/th>\n<\/tr>\n<tr>\n<th>Measured parameter<\/th>\n<th>Measuring range<\/th>\n<th>Resolution<\/th>\n<th>Accuracy<\/th>\n<\/tr>\n<\/thead>\n<tbody>\n<tr>\n<td>Air temperature [\u00b0C]<\/td>\n<td>-20\u00a0\u00b0C &#8211; 50\u00a0\u00b0C<\/td>\n<td>0,1\u00a0\u00b0C<\/td>\n<td>\u00b1 0,6\u00a0\u00b0C<\/td>\n<\/tr>\n<tr>\n<td>Air temperature [\u00b0F]<\/td>\n<td>-4 \u00b0F &#8211; 122 \u00b0F<\/td>\n<td>0,1 \u00b0F<\/td>\n<td><\/td>\n<\/tr>\n<tr>\n<td>Relative humidity<\/td>\n<td>0\u00a0% &#8211; 99,9\u00a0%<\/td>\n<td>0,1\u00a0%<\/td>\n<td>\u00b13\u00a0% r.F. (bei 10\u00a0% r.F. &#8211; 90\u00a0% r.F.)<br \/>\n\u00b15\u00a0% r.F. (bei 0\u00a0% r.F. -10\u00a0% r.F.)<br \/>\n\u00b15\u00a0% r.F. (bei 90\u00a0% r.F. &#8211; 99,9\u00a0% r.F.)<\/td>\n<\/tr>\n<\/tbody>\n<\/table>\n<h2><a href=\"https:\/\/uk.trotec.com\/fileadmin\/downloads\/Messgeraete\/Klima\/BC25\/TRT-CE-BC25-HS-001-EN.pdf\" target=\"_blank\" rel=\"noopener\">Declaration of conformity for BC25 thermohygrometer (INT)<\/a><\/h2>\n<p class=\"bodytext\">TRT-CE-BC25-HS-001-EN.pdf\u00a0(109 KB)<\/p>\n<p class=\"bodytext\"><a class=\"buy buy-left\" href=\"https:\/\/uk.trotec.com\/fileadmin\/downloads\/Messgeraete\/Klima\/BC25\/TRT-CE-BC25-HS-001-EN.pdf\" target=\"_blank\" rel=\"noopener\">Download<\/a><\/p>\n<h2><a href=\"https:\/\/uk.trotec.com\/fileadmin\/downloads\/Messgeraete\/Klima\/BC25\/TRT-KA-BC25-TC-003-INT.pdf\" target=\"_blank\" rel=\"noopener\">Operating manual for BC25 thermohygrometer (INT)<\/a><\/h2>\n<p class=\"bodytext\">TRT-KA-BC25-TC-003-INT.pdf\u00a0(287 KB)<\/p>\n<p class=\"bodytext\"><a class=\"buy buy-left\" href=\"https:\/\/uk.trotec.com\/fileadmin\/downloads\/Messgeraete\/Klima\/BC25\/TRT-KA-BC25-TC-003-INT.pdf\" target=\"_blank\" rel=\"noopener\">Download<\/a><\/p>\n<h2><a href=\"https:\/\/uk.trotec.com\/fileadmin\/downloads\/Messgeraete\/Klima\/BC25\/TRT-BA-BC25-TC-003-EN.pdf\" target=\"_blank\" rel=\"noopener\">Operating manual for BC25 thermohygrometer (EN)<\/a><\/h2>\n<p class=\"bodytext\">TRT-BA-BC25-TC-003-EN.pdf\u00a0(679 KB)<\/p>\n<p class=\"bodytext\"><a class=\"buy buy-left\" href=\"https:\/\/uk.trotec.com\/fileadmin\/downloads\/Messgeraete\/Klima\/BC25\/TRT-BA-BC25-TC-003-EN.pdf\" target=\"_blank\" rel=\"noopener\">Downloa<\/a><\/p>\n<\/div>\n","protected":false},"excerpt":{"rendered":"<div id=\"c2579960\" class=\"csc-default ctype-textpic\">\n<div class=\"csc-header csc-header-n1\">\n<h2 class=\"csc-firstHeader\">Un appareil de mesure climatique pr\u00e9cis au format de poche<\/h2>\n<\/div>\n<div class=\"csc-textpic-text clearfix\">\n<p>Le BC25 est un instrument \u00e0 la fois efficace et pratique pour mesurer avec pr\u00e9cision le stress physique induit par les fortes chaleurs et l&rsquo;humidit\u00e9 \u00e9lev\u00e9e. En effet, un taux d&rsquo;humidit\u00e9 \u00e9lev\u00e9 perturbe la thermor\u00e9gulation du corps par l&rsquo;\u00e9vaporation de la transpiration. Le bien-\u00eatre subjectif s&rsquo;en trouve consid\u00e9rablement alt\u00e9r\u00e9 et le risque de coup de chaleur objectivement accru, notamment chez les sportifs, les personnes malades et les personnes \u00e2g\u00e9es.<\/p>\n<p>Gr\u00e2ce \u00e0 son syst\u00e8me de capteurs sensibles, le BC25 mesure non seulement les param\u00e8tres climatiques classiques tels que la temp\u00e9rature de l&rsquo;air, l&rsquo;humidit\u00e9 relative, le point de ros\u00e9e et la temp\u00e9rature humide, mais aussi l&rsquo;indice de chaleur (IC) et la temp\u00e9rature ressentie (indice WBGT). L&rsquo;indice de chaleur et la temp\u00e9rature humide fournissent tous deux des informations sur la temp\u00e9rature ressentie \u00e0 partir de la temp\u00e9rature de l&rsquo;air mesur\u00e9e et, en particulier, de l&rsquo;humidit\u00e9 relative et d&rsquo;autres param\u00e8tres comme le rayonnement thermique.<\/p>\n<p>Gr\u00e2ce aux alarmes d&rsquo;indice de chaleur et de temp\u00e9rature ressentie du BC25, les dommages thermiques sont \u00e9vit\u00e9s d\u00e8s le d\u00e9part et les limites de r\u00e9sistance aux contraintes \u00e0 haute temp\u00e9rature peuvent \u00eatre d\u00e9finies. Son grand \u00e9cran LCD, facile \u00e0 lire, ainsi que les fonctions d&rsquo;arr\u00eat automatique, de valeurs minimales et maximales, de moyenne et de maintien compl\u00e8tent les fonctionnalit\u00e9s de cet appareil de mesure innovant.<\/p>\n<\/div>\n<\/div>\n","protected":false},"featured_media":46402,"template":"","meta":[],"product_brand":[],"product_cat":[1165,2030,421,424,431],"product_tag":[],"class_list":{"0":"post-46401","1":"product","2":"type-product","3":"status-publish","4":"has-post-thumbnail","6":"product_cat-technologie-de-mesure","7":"product_cat-technologies-de-mesure","8":"product_cat-mesure-outils-instruments-appareils","9":"product_cat-thermometre-mesure-climat-hygrometre-fr","10":"product_cat-humidite","12":"first","13":"instock","14":"shipping-taxable","15":"purchasable","16":"product-type-simple"},"_links":{"self":[{"href":"https:\/\/airsystems.ge\/shop\/fr\/wp-json\/wp\/v2\/product\/46401","targetHints":{"allow":["GET"]}}],"collection":[{"href":"https:\/\/airsystems.ge\/shop\/fr\/wp-json\/wp\/v2\/product"}],"about":[{"href":"https:\/\/airsystems.ge\/shop\/fr\/wp-json\/wp\/v2\/types\/product"}],"wp:featuredmedia":[{"embeddable":true,"href":"https:\/\/airsystems.ge\/shop\/fr\/wp-json\/wp\/v2\/media\/46402"}],"wp:attachment":[{"href":"https:\/\/airsystems.ge\/shop\/fr\/wp-json\/wp\/v2\/media?parent=46401"}],"wp:term":[{"taxonomy":"product_brand","embeddable":true,"href":"https:\/\/airsystems.ge\/shop\/fr\/wp-json\/wp\/v2\/product_brand?post=46401"},{"taxonomy":"product_cat","embeddable":true,"href":"https:\/\/airsystems.ge\/shop\/fr\/wp-json\/wp\/v2\/product_cat?post=46401"},{"taxonomy":"product_tag","embeddable":true,"href":"https:\/\/airsystems.ge\/shop\/fr\/wp-json\/wp\/v2\/product_tag?post=46401"}],"curies":[{"name":"wp","href":"https:\/\/api.w.org\/{rel}","templated":true}]}}