{"id":46003,"date":"2026-04-19T19:44:07","date_gmt":"2026-04-19T15:44:07","guid":{"rendered":"https:\/\/airsystems.ge\/shop\/product\/trotec-fs200-fog-and-flue-gas-simulator-fog-and-flue-gas-simulator\/"},"modified":"2026-04-19T19:50:49","modified_gmt":"2026-04-19T15:50:49","slug":"trotec-fs200-fog-and-flue-gas-simulator-fog-and-flue-gas-simulator","status":"publish","type":"product","link":"https:\/\/airsystems.ge\/shop\/fr\/produit\/trotec-fs200-fog-and-flue-gas-simulator-fog-and-flue-gas-simulator\/","title":{"rendered":"Trotec FS200 \u2013 simulateur de fum\u00e9e et de gaz de fum\u00e9e Simulateur de fum\u00e9e et de gaz de fum\u00e9e"},"content":{"rendered":"<section class=\"max-w-[1088px] mx-auto w-full px-5 my-10 md:my-12 lg:my-16 xl:my-20 xl:px-0\" data-block=\"bullet-list\">\n<div class=\"md:text-center\">\n<section class=\"max-w-[1088px] mx-auto w-full px-5 my-10 md:my-12 lg:my-16 xl:my-20 xl:px-0\" data-block=\"bullet-list\">\n<div class=\"md:text-center\">\n<h3 class=\"text-black font-bold text-lg md:text-xl lg:text-2xl\"><strong>Caract\u00e9ristiques clefs<\/strong><\/h3>\n<\/div>\n<div class=\"mt-6 md:mt-10\">\n<div class=\"flex flex-wrap\">\n<div class=\"w-full md:w-1\/2 auto-bullets md:pr-16\">\n<ul>\n<li class=\"text-sm md:text-base text-black mt-3  flex items-start\">\n<div class=\"pl-5\">Construction l\u00e9g\u00e8re robuste en aluminium<\/div>\n<\/li>\n<li class=\"text-sm md:text-base text-black mt-3 md:mt-4 flex items-start\">\n<div class=\"pl-5\">Turbine de soufflage extr\u00eamement puissante &#8211; r\u00e9glable en continu<\/div>\n<\/li>\n<li class=\"text-sm md:text-base text-black mt-3 md:mt-4 flex items-start\">\n<div class=\"pl-5\">Solution int\u00e9grale peu encombrante avec support de bidon rabattable<\/div>\n<\/li>\n<li class=\"text-sm md:text-base text-black mt-3 md:mt-4 flex items-start\">\n<div class=\"pl-5\">Fum\u00e9e blanche extra dense gr\u00e2ce \u00e0 la pompe \u00e0 fluide r\u00e9glable en continu<\/div>\n<\/li>\n<li class=\"text-sm md:text-base text-black mt-3 md:mt-4 flex items-start\">\n<div class=\"pl-5\">Facile \u00e0 transporter &#8211; m\u00eame dans les endroits \u00e9troits comme les \u00e9chelles de s\u00e9curit\u00e9<\/div>\n<\/li>\n<\/ul>\n<\/div>\n<div class=\"w-full md:w-1\/2 auto-bullets \">\n<ul>\n<li class=\"text-sm md:text-base text-black mt-3  flex items-start\">\n<div class=\"pl-5\">Couplage intelligent de la puissance de la turbine,<\/div>\n<\/li>\n<li class=\"text-sm md:text-base text-black mt-3 md:mt-4 flex items-start\">\n<div class=\"pl-5\">Chauffage et pompe pour un transport de brouillard dense et constant pendant plusieurs minutes sans interruptions dues au post-chauffage<\/div>\n<\/li>\n<li class=\"text-sm md:text-base text-black mt-3 md:mt-4 flex items-start\">\n<div class=\"pl-5\">Construction facile \u00e0 entretenir &#8211; changement de filtre simple en quelques secondes<\/div>\n<\/li>\n<li class=\"text-sm md:text-base text-black mt-3 md:mt-4 flex items-start\">\n<div class=\"pl-5\">Design industriel allemand optimis\u00e9 pour la pratique &#8211; mod\u00e8le d\u00e9pos\u00e9<\/div>\n<\/li>\n<\/ul>\n<\/div>\n<\/div>\n<\/div>\n<\/section>\n<section class=\"max-w-[1088px] mx-auto w-full my-10 md:my-12 lg:my-16 xl:my-20\" data-block=\"content-block\">\n<div class=\"max-w-[1088px] mx-auto\">\n<div class=\"flex flex-col items-center gap-6 px-5 w-full md:grid md:grid-cols-12 md:items-stretch xl:px-0\" data-content-block=\"container\">\n<div class=\"relative flex flex-col gap-5 w-full md:col-span-12 md:col-start-1  sm:items-start sm:text-left  order-first md:order-none\" data-content-block=\"column\">\n<div class=\"prose text-pretty max-w-full text-left text-black prose-p:text-black prose-headings:mt-6 prose-headings:mb-3 md:prose-headings:text-lg   prose-a:text-current prose-a:transition prose-a:ease-linear prose-a:duration-300\" data-content-block=\"text\">\n<p>Pour le transport du brouillard, la puissance de la turbine extr\u00eamement puissante et de la pompe \u00e0 fluide de la FS200 peut \u00eatre r\u00e9gl\u00e9e en continu et ainsi \u00eatre adapt\u00e9e de mani\u00e8re beaucoup plus pr\u00e9cise aux conditions d&rsquo;utilisation individuelles.<\/p>\n<p>De plus, le couplage de puissance intelligent de la turbine, du chauffage et de la pompe garantit un flux de brouillard dense et constant pendant plusieurs minutes, sans interruptions dues au post-chauffage, m\u00eame lorsque la turbine est \u00e0 sa puissance maximale.<\/p>\n<p>La consommation de fluide du FS200 est heureusement faible et se situe au maximum \u00e0 tout juste 100 ml par minute.<\/p>\n<h3>Avertissement<\/h3>\n<p>Risques pour la sant\u00e9 du fait de fluide \u00e0 brouillard\u00a0inappropri\u00e9 !<br \/>\nEn cas d&rsquo;utilisation de fluides \u00e0 brouillard venant\u00a0d\u2019autres fabricants, des produits de d\u00e9composition\u00a0nocifs sont susceptibles de se former.\u00a0Utilisez l\u2019appareil exclusivement avec le concentr\u00e9 \u00e0\u00a0brouillard FluiTect de Trotec. Ce produit ne g\u00e9n\u00e8re\u00a0aucun produit de d\u00e9composition nocif.<\/p>\n<h3>Consignes de s\u00e9curit\u00e9 pour l\u2019utilisation du syst\u00e8me<\/h3>\n<p><strong>Remarque<\/strong><br \/>\nEn cas d&rsquo;utilisation de fluides \u00e0 brouillard venant\u00a0d\u2019autres fabricants, des produits r\u00e9siduels peuvent \u00eatre\u00a0g\u00e9n\u00e9r\u00e9s au cours de l\u2019\u00e9vaporation. Ces r\u00e9sidus sont\u00a0susceptibles d\u2019endommager les capillaires du module\u00a0de chauffage et l\u2019\u00e9l\u00e9ment chauffant. De tels\u00a0dommages entra\u00eenent l\u2019extinction de la garantie.<\/p>\n<\/div>\n<\/div>\n<\/div>\n<\/div>\n<\/section>\n<section class=\"max-w-[1088px] mx-auto w-full px-5 my-10 md:my-12 lg:my-16 xl:my-20 xl:px-0\" data-block=\"product-specifications\">\n<div class=\"md:text-center\">\n<h3 class=\"text-black font-bold text-lg md:text-xl lg:text-2xl\"><strong>Caract\u00e9ristiques du produit<\/strong><\/h3>\n<\/div>\n<\/section>\n<\/div>\n<\/section>\n<section class=\"max-w-[1088px] mx-auto w-full px-5 my-10 md:my-12 lg:my-16 xl:my-20 xl:px-0\" data-block=\"product-specifications\">\n<div class=\" md:mt-10\">\n<div class=\"\">\n<div class=\"lg:mt-0 \">\n<div id=\"spec-fs200\" class=\"prose max-w-full md:overflow-auto\" data-spec-content=\"\">\n<div class=\"spreadsheet-container hidden md:block\">\n<table class=\"w-full table-fixed mb-0\">\n<thead>\n<tr>\n<th class=\"font-bold text-base\"><span class=\"block px-4\">Specifications<\/span><\/th>\n<th class=\"font-bold text-base text-center\"><span class=\"block px-10 md:px-20\">Units<\/span><\/th>\n<th class=\"font-bold text-base text-center will-change\"><span class=\"block px-4\">FS200<\/span><\/th>\n<\/tr>\n<\/thead>\n<tbody>\n<tr class=\"bg-grey-200\/50 p-2\">\n<td colspan=\"1\"><span class=\"block px-4\">Fogging time (min.)<\/span><\/td>\n<td class=\"text-center\">\n<div class=\"px-10 md:px-20 flex items-center justify-center\">s<\/div>\n<\/td>\n<td class=\"text-center will-change\">\n<div class=\"px-10 md:px-20 flex items-center justify-center\">At maximum level: approx. 270; at medium level and less: continuous fog output<\/div>\n<\/td>\n<\/tr>\n<tr class=\" p-2\">\n<td colspan=\"1\"><span class=\"block px-4\">Evaporator power<\/span><\/td>\n<td class=\"text-center\">\n<div class=\"px-10 md:px-20 flex items-center justify-center\">W<\/div>\n<\/td>\n<td class=\"text-center will-change\">\n<div class=\"px-10 md:px-20 flex items-center justify-center\">1,500<\/div>\n<\/td>\n<\/tr>\n<tr class=\"bg-grey-200\/50 p-2\">\n<td colspan=\"1\"><span class=\"block px-4\">Fan turbine power<\/span><\/td>\n<td class=\"text-center\">\n<div class=\"px-10 md:px-20 flex items-center justify-center\">W<\/div>\n<\/td>\n<td class=\"text-center will-change\">\n<div class=\"px-10 md:px-20 flex items-center justify-center\">1,600<\/div>\n<\/td>\n<\/tr>\n<tr class=\" p-2\">\n<td colspan=\"1\"><span class=\"block px-4\">Outlet pressure<\/span><\/td>\n<td class=\"text-center\">\n<div class=\"px-10 md:px-20 flex items-center justify-center\">mbar<\/div>\n<\/td>\n<td class=\"text-center will-change\">\n<div class=\"px-10 md:px-20 flex items-center justify-center\">335<\/div>\n<\/td>\n<\/tr>\n<tr class=\"bg-grey-200\/50 p-2\">\n<td colspan=\"1\"><span class=\"block px-4\">Power input max<\/span><\/td>\n<td class=\"text-center\">\n<div class=\"px-10 md:px-20 flex items-center justify-center\">W<\/div>\n<\/td>\n<td class=\"text-center will-change\">\n<div class=\"px-10 md:px-20 flex items-center justify-center\">3,100<\/div>\n<\/td>\n<\/tr>\n<tr class=\" p-2\">\n<td colspan=\"1\"><span class=\"block px-4\">Type of protection<\/span><\/td>\n<td class=\"text-center\">\n<div class=\"px-10 md:px-20 flex items-center justify-center\"><\/div>\n<\/td>\n<td class=\"text-center will-change\">\n<div class=\"px-10 md:px-20 flex items-center justify-center\">IP54<\/div>\n<\/td>\n<\/tr>\n<tr class=\"bg-grey-200\/50 p-2\">\n<td colspan=\"1\"><span class=\"block px-4\">Air flow rate<\/span><\/td>\n<td class=\"text-center\">\n<div class=\"px-10 md:px-20 flex items-center justify-center\">l\/s<\/div>\n<\/td>\n<td class=\"text-center will-change\">\n<div class=\"px-10 md:px-20 flex items-center justify-center\">Approx. 68<\/div>\n<\/td>\n<\/tr>\n<tr class=\" p-2\">\n<td colspan=\"1\"><span class=\"block px-4\">Fluid consumption<\/span><\/td>\n<td class=\"text-center\">\n<div class=\"px-10 md:px-20 flex items-center justify-center\">ml\/min.<\/div>\n<\/td>\n<td class=\"text-center will-change\">\n<div class=\"px-10 md:px-20 flex items-center justify-center\">At maximum output: 100 ml\/min; at continuous output: 30 ml\/min<\/div>\n<\/td>\n<\/tr>\n<tr class=\"bg-grey-200\/50 p-2\">\n<td colspan=\"1\"><span class=\"block px-4\">Heating-up time<\/span><\/td>\n<td class=\"text-center\">\n<div class=\"px-10 md:px-20 flex items-center justify-center\">min.<\/div>\n<\/td>\n<td class=\"text-center will-change\">\n<div class=\"px-10 md:px-20 flex items-center justify-center\">Approx. 7<\/div>\n<\/td>\n<\/tr>\n<tr class=\" p-2\">\n<td colspan=\"1\"><span class=\"block px-4\">Amount of fluid in the canister<\/span><\/td>\n<td class=\"text-center\">\n<div class=\"px-10 md:px-20 flex items-center justify-center\">l<\/div>\n<\/td>\n<td class=\"text-center will-change\">\n<div class=\"px-10 md:px-20 flex items-center justify-center\">5<\/div>\n<\/td>\n<\/tr>\n<tr class=\"bg-grey-200\/50 p-2\">\n<td colspan=\"1\"><span class=\"block px-4\">Input voltage<\/span><\/td>\n<td class=\"text-center\">\n<div class=\"px-10 md:px-20 flex items-center justify-center\">V\/Hz<\/div>\n<\/td>\n<td class=\"text-center will-change\">\n<div class=\"px-10 md:px-20 flex items-center justify-center\">230\/50<\/div>\n<\/td>\n<\/tr>\n<tr class=\" p-2\">\n<td colspan=\"1\"><span class=\"block px-4\">Product size (l x w x h)<\/span><\/td>\n<td class=\"text-center\">\n<div class=\"px-10 md:px-20 flex items-center justify-center\">mm<\/div>\n<\/td>\n<td class=\"text-center will-change\">\n<div class=\"px-10 md:px-20 flex items-center justify-center\">310 x 253 x 465<\/div>\n<\/td>\n<\/tr>\n<tr class=\"bg-grey-200\/50 p-2\">\n<td colspan=\"1\"><span class=\"block px-4\">Weight<\/span><\/td>\n<td class=\"text-center\">\n<div class=\"px-10 md:px-20 flex items-center justify-center\">kg<\/div>\n<\/td>\n<td class=\"text-center will-change\">\n<div class=\"px-10 md:px-20 flex items-center justify-center\">14 (without 5 litre fog fluid canister)<\/div>\n<\/td>\n<\/tr>\n<\/tbody>\n<\/table>\n<\/div>\n<\/div>\n<\/div>\n<\/div>\n<\/div>\n<\/section>\n<section class=\"max-w-[1088px] mx-auto w-full px-5 my-10 md:my-12 lg:my-16 xl:my-20 xl:px-0\" data-block=\"link-list\">\n<div class=\"max-w-[1088px] mx-auto\">\n<div class=\"md:text-center\">\n<div class=\"md:text-center\">\n<h3 class=\"text-black font-bold text-lg md:text-xl lg:text-2xl\"><strong>Adapt\u00e9 aux applications suivantes<\/strong><\/h3>\n<\/div>\n<div class=\"mt-6 max-w-4xl mx-auto\">\n<div class=\"flex flex-wrap md:ml-20\">\n<div class=\"w-full md:w-1\/2 auto-bullets md:pr-16\">\n<ul>\n<li class=\"flex items-center gap-5 text-sm text-black mt-3 md:text-base  lg:text-lg\">\n<div>Archives et pr\u00e9servation<\/div>\n<\/li>\n<li class=\"flex items-center gap-5 text-sm text-black mt-3 md:text-base md:mt-4 lg:text-lg\">\n<div>B\u00e2timents commerciaux<\/div>\n<\/li>\n<li class=\"flex items-center gap-5 text-sm text-black mt-3 md:text-base md:mt-4 lg:text-lg\">\n<div>Construction<\/div>\n<\/li>\n<li class=\"flex items-center gap-5 text-sm text-black mt-3 md:text-base md:mt-4 lg:text-lg\">\n<div>Services d&rsquo;urgences<\/div>\n<\/li>\n<\/ul>\n<\/div>\n<div class=\"w-full md:w-1\/2 auto-bullets \">\n<ul>\n<li class=\"flex items-center gap-5 text-sm text-black mt-3 md:text-base  lg:text-lg\">\n<div>Industrie, usines et production<\/div>\n<\/li>\n<li class=\"flex items-center gap-5 text-sm text-black mt-3 md:text-base md:mt-4 lg:text-lg\">\n<div>B\u00e2timents r\u00e9sidentiels<\/div>\n<\/li>\n<li class=\"flex items-center gap-5 text-sm text-black mt-3 md:text-base md:mt-4 lg:text-lg\">\n<div>Entrep\u00f4ts et stockage<\/div>\n<\/li>\n<li class=\"flex items-center gap-5 text-sm text-black mt-3 md:text-base md:mt-4 lg:text-lg\">\n<div>Traitement des d\u00e9g\u00e2ts des eaux<\/div>\n<\/li>\n<\/ul>\n<\/div>\n<\/div>\n<\/div>\n<\/div>\n<\/div>\n<\/section>\n<section class=\"max-w-[1088px] mx-auto w-full px-5 my-10 md:my-12 lg:my-16 xl:my-20 xl:px-0\" data-block=\"related-downloads\">\n<div class=\"md:text-center\">\n<h3 class=\"text-black font-bold text-lg md:text-xl lg:text-2xl\"><strong>Useful downloads<\/strong><\/h3>\n<\/div>\n<div class=\"mt-6 md:mt-10\">\n<div class=\"flex flex-col md:flex-row md:flex-wrap \">\n<div class=\"mb-4 md:mb-8 w-full md:w-1\/2 md:px-4\">\n<div class=\"p-4 md:p-5 h-full flex md:items-center border border-grey-300\">\n<div class=\"mt-1.5 md:mt-0 w-6 md:w-10\"><a href=\"https:\/\/www.danthermgroup.com\/downloads\/dantherm-group-professional-portable-catalogue\" target=\"_blank\" rel=\"nofollow noindex noopener\"><img decoding=\"async\" class=\"lazyload h-8 md:h-14 w-auto object-contain\" src=\"https:\/\/danthermgroup-website.s3.eu-central-1.amazonaws.com\/media\/icons\/download-catalog.svg\" alt=\"Download catalog\" height=\"56\" \/><\/a><\/div>\n<div class=\"flex-1 pl-4 md:px-8\">\n<h2 class=\"font-bold text-sm md:text-lg\"><a class=\"underline underline-offset-2 decoration-transparent transition duration-300 ease-linear hover:decoration-black\" href=\"https:\/\/www.danthermgroup.com\/downloads\/dantherm-group-professional-portable-catalogue\" target=\"_blank\" rel=\"nofollow noindex noopener\">Dantherm Group Catalogue \u2013 Professional Portable Solutions<\/a><\/h2>\n<div class=\"prose text-grey-500 text-sm\">Catalogs<\/div>\n<\/div>\n<\/div>\n<\/div>\n<div class=\"mb-4 md:mb-8 w-full md:w-1\/2 md:px-4\">\n<div class=\"p-4 md:p-5 h-full flex md:items-center border border-grey-300\">\n<div class=\"mt-1.5 md:mt-0 w-6 md:w-10\"><a href=\"https:\/\/www.danthermgroup.com\/downloads\/trotec-fs200-user-manual\" target=\"_blank\" rel=\"nofollow noindex noopener\"><img decoding=\"async\" class=\"lazyload h-8 md:h-14 w-auto object-contain\" src=\"https:\/\/danthermgroup-website.s3.eu-central-1.amazonaws.com\/media\/icons\/download-manual.svg\" alt=\"Download manual\" height=\"56\" \/><\/a><\/div>\n<div class=\"flex-1 pl-4 md:px-8\">\n<h2 class=\"font-bold text-sm md:text-lg\"><a class=\"underline underline-offset-2 decoration-transparent transition duration-300 ease-linear hover:decoration-black\" href=\"https:\/\/www.danthermgroup.com\/downloads\/trotec-fs200-user-manual\" target=\"_blank\" rel=\"nofollow noindex noopener\">Trotec FS200 &#8211; user manual<\/a><\/h2>\n<div class=\"prose text-grey-500 text-sm\">Manuals<\/div>\n<\/div>\n<\/div>\n<\/div>\n<\/div>\n<\/div>\n<\/section>\n","protected":false},"excerpt":{"rendered":"<div class=\"prose md:prose-sm lg:prose-base prose-a:text-current prose-a:transition prose-a:ease-linear prose-a:duration-300\">\n<p>Ce simulateur professionnel de brouillard et de gaz de fum\u00e9e de fabrication allemande de qualit\u00e9 est l&rsquo;appareil le plus compact et le plus l\u00e9ger dans sa cat\u00e9gorie de puissance.<\/p>\n<p>Gr\u00e2ce \u00e0 sa construction intelligente en aluminium l\u00e9ger et robuste, le FS200 est facile \u00e0 transporter sur tous les lieux d&rsquo;intervention et vous b\u00e9n\u00e9ficiez d&rsquo;une grande libert\u00e9 de mouvement m\u00eame dans les endroits \u00e9troits comme les \u00e9chelles de s\u00e9curit\u00e9.<\/p>\n<p>Sur place, le support de bidon brevet\u00e9 du FS200 se d\u00e9verrouille et s&rsquo;ouvre en quelques secondes. De cette mani\u00e8re, la surface d&rsquo;appui est agrandie et offre une plus grande stabilit\u00e9, m\u00eame sur des surfaces d\u00e9favorables comme les toits plats recouverts de gravier.<\/p>\n<\/div>\n","protected":false},"featured_media":46004,"template":"","meta":[],"product_brand":[],"product_cat":[443,421,435,1165,2030],"product_tag":[],"class_list":{"0":"post-46003","1":"product","2":"type-product","3":"status-publish","4":"has-post-thumbnail","6":"product_cat-inspection-visuelle","7":"product_cat-mesure-outils-instruments-appareils","8":"product_cat-localisation-et-detection","9":"product_cat-technologie-de-mesure","10":"product_cat-technologies-de-mesure","12":"first","13":"instock","14":"shipping-taxable","15":"purchasable","16":"product-type-simple"},"_links":{"self":[{"href":"https:\/\/airsystems.ge\/shop\/fr\/wp-json\/wp\/v2\/product\/46003","targetHints":{"allow":["GET"]}}],"collection":[{"href":"https:\/\/airsystems.ge\/shop\/fr\/wp-json\/wp\/v2\/product"}],"about":[{"href":"https:\/\/airsystems.ge\/shop\/fr\/wp-json\/wp\/v2\/types\/product"}],"wp:featuredmedia":[{"embeddable":true,"href":"https:\/\/airsystems.ge\/shop\/fr\/wp-json\/wp\/v2\/media\/46004"}],"wp:attachment":[{"href":"https:\/\/airsystems.ge\/shop\/fr\/wp-json\/wp\/v2\/media?parent=46003"}],"wp:term":[{"taxonomy":"product_brand","embeddable":true,"href":"https:\/\/airsystems.ge\/shop\/fr\/wp-json\/wp\/v2\/product_brand?post=46003"},{"taxonomy":"product_cat","embeddable":true,"href":"https:\/\/airsystems.ge\/shop\/fr\/wp-json\/wp\/v2\/product_cat?post=46003"},{"taxonomy":"product_tag","embeddable":true,"href":"https:\/\/airsystems.ge\/shop\/fr\/wp-json\/wp\/v2\/product_tag?post=46003"}],"curies":[{"name":"wp","href":"https:\/\/api.w.org\/{rel}","templated":true}]}}