{"id":45834,"date":"2026-04-19T18:58:39","date_gmt":"2026-04-19T14:58:39","guid":{"rendered":"https:\/\/airsystems.ge\/shop\/product\/trotec-td200-laser-distance-meter-laser-distance-meter\/"},"modified":"2026-04-19T19:06:12","modified_gmt":"2026-04-19T15:06:12","slug":"trotec-td200-laser-distance-meter-laser-distance-meter","status":"publish","type":"product","link":"https:\/\/airsystems.ge\/shop\/fr\/produit\/trotec-td200-laser-distance-meter-laser-distance-meter\/","title":{"rendered":"Trotec TD200 \u2013 t\u00e9l\u00e9m\u00e8tre laser T\u00e9l\u00e9m\u00e8tre laser"},"content":{"rendered":"<section class=\"max-w-[1088px] mx-auto w-full px-5 my-10 md:my-12 lg:my-16 xl:my-20 xl:px-0\" data-block=\"bullet-list\">\n<div class=\"md:text-center\">\n<section class=\"max-w-[1088px] mx-auto w-full px-5 my-10 md:my-12 lg:my-16 xl:my-20 xl:px-0\" data-block=\"bullet-list\">\n<div class=\"md:text-center\">\n<h3 class=\"text-black font-bold text-lg md:text-xl lg:text-2xl\"><strong>Caract\u00e9ristiques clefs<\/strong><\/h3>\n<\/div>\n<div class=\"mt-6 md:mt-10\">\n<div class=\"flex flex-wrap\">\n<div class=\"w-full md:w-1\/2 auto-bullets md:pr-16\">\n<ul>\n<li class=\"text-sm md:text-base text-black mt-3  flex items-start\">\n<div class=\"pl-5\">T\u00e9l\u00e9m\u00e8tre professionnel pour des mesures de distance pr\u00e9cises au laser jusqu&rsquo;\u00e0 200 m de port\u00e9e<\/div>\n<\/li>\n<li class=\"text-sm md:text-base text-black mt-3 md:mt-4 flex items-start\">\n<div class=\"pl-5\">Capteur d&rsquo;inclinaison 360\u00b0 et cam\u00e9ra num\u00e9rique int\u00e9gr\u00e9e avec fonction de recherche de cible<\/div>\n<\/li>\n<li class=\"text-sm md:text-base text-black mt-3 md:mt-4 flex items-start\">\n<div class=\"pl-5\">Fonctions Pythagoras pour les calculs de distances partielles et les mesures indirectes par-del\u00e0 les obstacles<\/div>\n<\/li>\n<li class=\"text-sm md:text-base text-black mt-3 md:mt-4 flex items-start\">\n<div class=\"pl-5\">Fonctions vari\u00e9es pour le calcul automatique de surfaces circulaires, surfaces rectangulaires ou triangulaires, distances partielles ainsi que volumes cylindriques<\/div>\n<\/li>\n<li class=\"text-sm md:text-base text-black mt-3 md:mt-4 flex items-start\">\n<div class=\"pl-5\">Avec niveau \u00e0 bulle num\u00e9rique et fixation pour tr\u00e9pied<\/div>\n<\/li>\n<li class=\"text-sm md:text-base text-black mt-3 md:mt-4 flex items-start\">\n<div class=\"pl-5\">Bien lisible, Affichage des valeurs mesur\u00e9es sur 4 lignes<\/div>\n<\/li>\n<li class=\"text-sm md:text-base text-black mt-3 md:mt-4 flex items-start\">\n<div class=\"pl-5\">Mesure rapide et ergonomique gr\u00e2ce \u00e0 deux touches de mesure &#8211; frontale et longitudinale<\/div>\n<\/li>\n<li class=\"text-sm md:text-base text-black mt-3 md:mt-4 flex items-start\">\n<div class=\"pl-5\">Rotation automatique de l&rsquo;\u00e9cran<\/div>\n<\/li>\n<\/ul>\n<\/div>\n<div class=\"w-full md:w-1\/2 auto-bullets \">\n<ul>\n<li class=\"text-sm md:text-base text-black mt-3  flex items-start\">\n<div class=\"pl-5\">Mode de mesure continu avec fonction MIN\/MAX<\/div>\n<\/li>\n<li class=\"text-sm md:text-base text-black mt-3 md:mt-4 flex items-start\">\n<div class=\"pl-5\">Addition et soustraction des r\u00e9sultats de mesure<\/div>\n<\/li>\n<li class=\"text-sm md:text-base text-black mt-3 md:mt-4 flex items-start\">\n<div class=\"pl-5\">Trois points de r\u00e9f\u00e9rence au choix pour mesurer \u00e0 partir de bord avant ou arri\u00e8re ainsi qu&rsquo;\u00e0 partir d&rsquo;un tr\u00e9pied<\/div>\n<\/li>\n<li class=\"text-sm md:text-base text-black mt-3 md:mt-4 flex items-start\">\n<div class=\"pl-5\">Fonction muette<\/div>\n<\/li>\n<li class=\"text-sm md:text-base text-black mt-3 md:mt-4 flex items-start\">\n<div class=\"pl-5\">Possibilit\u00e9 de chargement par induction<\/div>\n<\/li>\n<li class=\"text-sm md:text-base text-black mt-3 md:mt-4 flex items-start\">\n<div class=\"pl-5\">Fonction Bluetooth &#8211; s\u00e9curit\u00e9 d&rsquo;avenir int\u00e9gr\u00e9e pour les innovations d&rsquo;app \u00e0 venir<\/div>\n<\/li>\n<li class=\"text-sm md:text-base text-black mt-3 md:mt-4 flex items-start\">\n<div class=\"pl-5\">M\u00e9moire pour 1.000 valeurs de mesure et 100 captures d&rsquo;\u00e9cran<\/div>\n<\/li>\n<\/ul>\n<\/div>\n<\/div>\n<\/div>\n<\/section>\n<section class=\"max-w-[1088px] mx-auto w-full px-5 my-10 md:my-12 lg:my-16 xl:my-20 xl:px-0\" data-block=\"product-specifications\">\n<div class=\"md:text-center\">\n<h3 class=\"text-black font-bold text-lg md:text-xl lg:text-2xl\"><strong>Caract\u00e9ristiques du produit<\/strong><\/h3>\n<\/div>\n<div class=\" md:mt-10\">\n<div class=\"\">\n<div class=\"lg:mt-0 \">\n<div id=\"spec-td200\" class=\"prose max-w-full  md:overflow-auto\" data-spec-content=\"\">\n<div class=\"spreadsheet-container hidden md:block\">\n<table class=\"w-full table-fixed mb-0\">\n<thead>\n<tr>\n<th class=\"font-bold text-base\"><span class=\"block px-4\">Caract\u00e9ristiques<\/span><\/th>\n<th class=\"font-bold text-base text-center\"><span class=\"block px-10 md:px-20\">Unit\u00e9s<\/span><\/th>\n<th class=\"font-bold text-base text-center will-change\"><span class=\"block px-4\">TD200<\/span><\/th>\n<\/tr>\n<\/thead>\n<tbody>\n<tr class=\"bg-grey-200\/50 p-2\">\n<td colspan=\"1\"><span class=\"block px-4\">Mesure de la distance &#8211; Plage de mesure<\/span><\/td>\n<td class=\"text-center\">\n<div class=\"px-10 md:px-20 flex items-center justify-center\">m<\/div>\n<\/td>\n<td class=\"text-center will-change\">\n<div class=\"px-10 md:px-20 flex items-center justify-center\">0,2 \u00e0 200<\/div>\n<\/td>\n<\/tr>\n<tr class=\" p-2\">\n<td colspan=\"1\"><span class=\"block px-4\">Mesure de la distance &#8211; R\u00e9solution (pr\u00e9cision de mesure typ.)<\/span><\/td>\n<td class=\"text-center\">\n<div class=\"px-10 md:px-20 flex items-center justify-center\">mm<\/div>\n<\/td>\n<td class=\"text-center will-change\">\n<div class=\"px-10 md:px-20 flex items-center justify-center\">0,1 (\u00b1 2)<\/div>\n<\/td>\n<\/tr>\n<tr class=\"bg-grey-200\/50 p-2\">\n<td colspan=\"1\"><span class=\"block px-4\">Mesure de l&rsquo;inclinaison &#8211; Plage de mesure (affichage)<\/span><\/td>\n<td class=\"text-center\">\n<div class=\"px-10 md:px-20 flex items-center justify-center\">\u00b0<\/div>\n<\/td>\n<td class=\"text-center will-change\">\n<div class=\"px-10 md:px-20 flex items-center justify-center\">360 (\u00b1 90)<\/div>\n<\/td>\n<\/tr>\n<tr class=\" p-2\">\n<td colspan=\"1\"><span class=\"block px-4\">Mesure de l&rsquo;inclinaison &#8211; Pr\u00e9cision de mesure typ.<\/span><\/td>\n<td class=\"text-center\">\n<div class=\"px-10 md:px-20 flex items-center justify-center\">\u00b0<\/div>\n<\/td>\n<td class=\"text-center will-change\">\n<div class=\"px-10 md:px-20 flex items-center justify-center\">\u00b1 0,3<\/div>\n<\/td>\n<\/tr>\n<tr class=\"bg-grey-200\/50 p-2\">\n<td colspan=\"1\"><span class=\"block px-4\">Unit\u00e9s s\u00e9lectionnables<\/span><\/td>\n<td class=\"text-center\">\n<div class=\"px-10 md:px-20 flex items-center justify-center\"><\/div>\n<\/td>\n<td class=\"text-center will-change\">\n<div class=\"px-10 md:px-20 flex items-center justify-center\">m, ft, in<\/div>\n<\/td>\n<\/tr>\n<tr class=\" p-2\">\n<td colspan=\"1\"><span class=\"block px-4\">Classe de laser \/ sortie laser<\/span><\/td>\n<td class=\"text-center\">\n<div class=\"px-10 md:px-20 flex items-center justify-center\">M\/mW<\/div>\n<\/td>\n<td class=\"text-center will-change\">\n<div class=\"px-10 md:px-20 flex items-center justify-center\">2\/&lt;1<\/div>\n<\/td>\n<\/tr>\n<tr class=\"bg-grey-200\/50 p-2\">\n<td colspan=\"1\"><span class=\"block px-4\">Affichage<\/span><\/td>\n<td class=\"text-center\">\n<div class=\"px-10 md:px-20 flex items-center justify-center\"><\/div>\n<\/td>\n<td class=\"text-center will-change\">\n<div class=\"px-10 md:px-20 flex items-center justify-center\">LCD couleur 3 pouces, 360 x 640 px<\/div>\n<\/td>\n<\/tr>\n<tr class=\" p-2\">\n<td colspan=\"1\"><span class=\"block px-4\">Connexion au tr\u00e9pied<\/span><\/td>\n<td class=\"text-center\">\n<div class=\"px-10 md:px-20 flex items-center justify-center\"><\/div>\n<\/td>\n<td class=\"text-center will-change\">\n<div class=\"px-10 md:px-20 flex items-center justify-center\">\u00bc de pouce<\/div>\n<\/td>\n<\/tr>\n<tr class=\"bg-grey-200\/50 p-2\">\n<td colspan=\"1\"><span class=\"block px-4\">Alimentation \u00e9lectrique<\/span><\/td>\n<td class=\"text-center\">\n<div class=\"px-10 md:px-20 flex items-center justify-center\">Batterie<\/div>\n<\/td>\n<td class=\"text-center will-change\">\n<div class=\"px-10 md:px-20 flex items-center justify-center\">3 x 1,2V AAA Ni-MH<\/div>\n<\/td>\n<\/tr>\n<tr class=\" p-2\">\n<td colspan=\"1\"><span class=\"block px-4\">Ports<\/span><\/td>\n<td class=\"text-center\">\n<div class=\"px-10 md:px-20 flex items-center justify-center\"><\/div>\n<\/td>\n<td class=\"text-center will-change\">\n<div class=\"px-10 md:px-20 flex items-center justify-center\">MicroUSB, Bluetooth<\/div>\n<\/td>\n<\/tr>\n<tr class=\"bg-grey-200\/50 p-2\">\n<td colspan=\"1\"><span class=\"block px-4\">Cam\u00e9ra int\u00e9gr\u00e9e<\/span><\/td>\n<td class=\"text-center\">\n<div class=\"px-10 md:px-20 flex items-center justify-center\"><\/div>\n<\/td>\n<td class=\"text-center will-change\">\n<div class=\"px-10 md:px-20 flex items-center justify-center\">3 x zoom<\/div>\n<\/td>\n<\/tr>\n<tr class=\" p-2\">\n<td colspan=\"1\"><span class=\"block px-4\">M\u00e9moire<\/span><\/td>\n<td class=\"text-center\">\n<div class=\"px-10 md:px-20 flex items-center justify-center\"><\/div>\n<\/td>\n<td class=\"text-center will-change\">\n<div class=\"px-10 md:px-20 flex items-center justify-center\">1.000 mesures, 100 captures d&rsquo;\u00e9cran<\/div>\n<\/td>\n<\/tr>\n<tr class=\"bg-grey-200\/50 p-2\">\n<td colspan=\"1\"><span class=\"block px-4\">Type de protection<\/span><\/td>\n<td class=\"text-center\">\n<div class=\"px-10 md:px-20 flex items-center justify-center\"><\/div>\n<\/td>\n<td class=\"text-center will-change\">\n<div class=\"px-10 md:px-20 flex items-center justify-center\">IP65<\/div>\n<\/td>\n<\/tr>\n<tr class=\" p-2\">\n<td colspan=\"1\"><span class=\"block px-4\">Protection contre les chutes<\/span><\/td>\n<td class=\"text-center\">\n<div class=\"px-10 md:px-20 flex items-center justify-center\"><\/div>\n<\/td>\n<td class=\"text-center will-change\">\n<div class=\"px-10 md:px-20 flex items-center justify-center\">jusqu&rsquo;\u00e0 1 m de hauteur de chute<\/div>\n<\/td>\n<\/tr>\n<tr class=\"bg-grey-200\/50 p-2\">\n<td colspan=\"1\"><span class=\"block px-4\">Affichage des valeurs minimales\/maximales<\/span><\/td>\n<td class=\"text-center\">\n<div class=\"px-10 md:px-20 flex items-center justify-center\"><\/div>\n<\/td>\n<td class=\"text-center will-change\">\n<div class=\"px-10 md:px-20 flex items-center justify-center\">Oui\/oui<\/div>\n<\/td>\n<\/tr>\n<tr class=\" p-2\">\n<td colspan=\"1\"><span class=\"block px-4\">Commutation automatique<\/span><\/td>\n<td class=\"text-center\">\n<div class=\"px-10 md:px-20 flex items-center justify-center\"><\/div>\n<\/td>\n<td class=\"text-center will-change\">\n<div class=\"px-10 md:px-20 flex items-center justify-center\">Oui<\/div>\n<\/td>\n<\/tr>\n<tr class=\"bg-grey-200\/50 p-2\">\n<td colspan=\"1\"><span class=\"block px-4\">Fonction Pythagore 2 points<\/span><\/td>\n<td class=\"text-center\">\n<div class=\"px-10 md:px-20 flex items-center justify-center\"><\/div>\n<\/td>\n<td class=\"text-center will-change\">\n<div class=\"px-10 md:px-20 flex items-center justify-center\">Oui<\/div>\n<\/td>\n<\/tr>\n<tr class=\" p-2\">\n<td colspan=\"1\"><span class=\"block px-4\">Pythagore \u00e0 3 points pour les mesures indirectes de hauteur<\/span><\/td>\n<td class=\"text-center\">\n<div class=\"px-10 md:px-20 flex items-center justify-center\"><\/div>\n<\/td>\n<td class=\"text-center will-change\">\n<div class=\"px-10 md:px-20 flex items-center justify-center\">Oui<\/div>\n<\/td>\n<\/tr>\n<tr class=\"bg-grey-200\/50 p-2\">\n<td colspan=\"1\"><span class=\"block px-4\">Pythagore \u00e0 3 points pour les mesures de distances partielles<\/span><\/td>\n<td class=\"text-center\">\n<div class=\"px-10 md:px-20 flex items-center justify-center\"><\/div>\n<\/td>\n<td class=\"text-center will-change\">\n<div class=\"px-10 md:px-20 flex items-center justify-center\">Oui<\/div>\n<\/td>\n<\/tr>\n<tr class=\" p-2\">\n<td colspan=\"1\"><span class=\"block px-4\">Mesures automatiques de la hauteur<\/span><\/td>\n<td class=\"text-center\">\n<div class=\"px-10 md:px-20 flex items-center justify-center\"><\/div>\n<\/td>\n<td class=\"text-center will-change\">\n<div class=\"px-10 md:px-20 flex items-center justify-center\">Oui<\/div>\n<\/td>\n<\/tr>\n<tr class=\"bg-grey-200\/50 p-2\">\n<td colspan=\"1\"><span class=\"block px-4\">Mesures indirectes de longueur<\/span><\/td>\n<td class=\"text-center\">\n<div class=\"px-10 md:px-20 flex items-center justify-center\"><\/div>\n<\/td>\n<td class=\"text-center will-change\">\n<div class=\"px-10 md:px-20 flex items-center justify-center\">Oui<\/div>\n<\/td>\n<\/tr>\n<tr class=\" p-2\">\n<td colspan=\"1\"><span class=\"block px-4\">Calcul de la surface rectangulaire<\/span><\/td>\n<td class=\"text-center\">\n<div class=\"px-10 md:px-20 flex items-center justify-center\"><\/div>\n<\/td>\n<td class=\"text-center will-change\">\n<div class=\"px-10 md:px-20 flex items-center justify-center\">Oui<\/div>\n<\/td>\n<\/tr>\n<tr class=\"bg-grey-200\/50 p-2\">\n<td colspan=\"1\"><span class=\"block px-4\">Mesure de volume<\/span><\/td>\n<td class=\"text-center\">\n<div class=\"px-10 md:px-20 flex items-center justify-center\"><\/div>\n<\/td>\n<td class=\"text-center will-change\">\n<div class=\"px-10 md:px-20 flex items-center justify-center\">Oui<\/div>\n<\/td>\n<\/tr>\n<tr class=\" p-2\">\n<td colspan=\"1\"><span class=\"block px-4\">Calcul de l&rsquo;aire circulaire<\/span><\/td>\n<td class=\"text-center\">\n<div class=\"px-10 md:px-20 flex items-center justify-center\"><\/div>\n<\/td>\n<td class=\"text-center will-change\">\n<div class=\"px-10 md:px-20 flex items-center justify-center\">Oui<\/div>\n<\/td>\n<\/tr>\n<tr class=\"bg-grey-200\/50 p-2\">\n<td colspan=\"1\"><span class=\"block px-4\">Calcul du volume d&rsquo;un cylindre<\/span><\/td>\n<td class=\"text-center\">\n<div class=\"px-10 md:px-20 flex items-center justify-center\"><\/div>\n<\/td>\n<td class=\"text-center will-change\">\n<div class=\"px-10 md:px-20 flex items-center justify-center\">Oui<\/div>\n<\/td>\n<\/tr>\n<tr class=\" p-2\">\n<td colspan=\"1\"><span class=\"block px-4\">Mesure de la distance point \u00e0 point<\/span><\/td>\n<td class=\"text-center\">\n<div class=\"px-10 md:px-20 flex items-center justify-center\"><\/div>\n<\/td>\n<td class=\"text-center will-change\">\n<div class=\"px-10 md:px-20 flex items-center justify-center\">Oui<\/div>\n<\/td>\n<\/tr>\n<tr class=\"bg-grey-200\/50 p-2\">\n<td colspan=\"1\"><span class=\"block px-4\">Calcul de la surface triangulaire<\/span><\/td>\n<td class=\"text-center\">\n<div class=\"px-10 md:px-20 flex items-center justify-center\"><\/div>\n<\/td>\n<td class=\"text-center will-change\">\n<div class=\"px-10 md:px-20 flex items-center justify-center\">Oui<\/div>\n<\/td>\n<\/tr>\n<tr class=\" p-2\">\n<td colspan=\"1\"><span class=\"block px-4\">Fonction de piquetage<\/span><\/td>\n<td class=\"text-center\">\n<div class=\"px-10 md:px-20 flex items-center justify-center\"><\/div>\n<\/td>\n<td class=\"text-center will-change\">\n<div class=\"px-10 md:px-20 flex items-center justify-center\">Oui<\/div>\n<\/td>\n<\/tr>\n<tr class=\"bg-grey-200\/50 p-2\">\n<td colspan=\"1\"><span class=\"block px-4\">Fonction trap\u00e9zo\u00efdale<\/span><\/td>\n<td class=\"text-center\">\n<div class=\"px-10 md:px-20 flex items-center justify-center\"><\/div>\n<\/td>\n<td class=\"text-center will-change\">\n<div class=\"px-10 md:px-20 flex items-center justify-center\">Oui<\/div>\n<\/td>\n<\/tr>\n<tr class=\" p-2\">\n<td colspan=\"1\"><span class=\"block px-4\">Fonction de mesure non-stop<\/span><\/td>\n<td class=\"text-center\">\n<div class=\"px-10 md:px-20 flex items-center justify-center\"><\/div>\n<\/td>\n<td class=\"text-center will-change\">\n<div class=\"px-10 md:px-20 flex items-center justify-center\">Oui<\/div>\n<\/td>\n<\/tr>\n<tr class=\"bg-grey-200\/50 p-2\">\n<td colspan=\"1\"><span class=\"block px-4\">Addition \/ soustraction<\/span><\/td>\n<td class=\"text-center\">\n<div class=\"px-10 md:px-20 flex items-center justify-center\"><\/div>\n<\/td>\n<td class=\"text-center will-change\">\n<div class=\"px-10 md:px-20 flex items-center justify-center\">Oui\/oui<\/div>\n<\/td>\n<\/tr>\n<tr class=\" p-2\">\n<td colspan=\"1\"><span class=\"block px-4\">Recherche de cible<\/span><\/td>\n<td class=\"text-center\">\n<div class=\"px-10 md:px-20 flex items-center justify-center\"><\/div>\n<\/td>\n<td class=\"text-center will-change\">\n<div class=\"px-10 md:px-20 flex items-center justify-center\">Oui<\/div>\n<\/td>\n<\/tr>\n<tr class=\"bg-grey-200\/50 p-2\">\n<td colspan=\"1\"><span class=\"block px-4\">Rotation automatique de l&rsquo;\u00e9cran<\/span><\/td>\n<td class=\"text-center\">\n<div class=\"px-10 md:px-20 flex items-center justify-center\"><\/div>\n<\/td>\n<td class=\"text-center will-change\">\n<div class=\"px-10 md:px-20 flex items-center justify-center\">Oui<\/div>\n<\/td>\n<\/tr>\n<tr class=\" p-2\">\n<td colspan=\"1\"><span class=\"block px-4\">Indication du mode d&rsquo;affichage clair\/obscur<\/span><\/td>\n<td class=\"text-center\">\n<div class=\"px-10 md:px-20 flex items-center justify-center\"><\/div>\n<\/td>\n<td class=\"text-center will-change\">\n<div class=\"px-10 md:px-20 flex items-center justify-center\">Oui<\/div>\n<\/td>\n<\/tr>\n<tr class=\"bg-grey-200\/50 p-2\">\n<td colspan=\"1\"><span class=\"block px-4\">Capteur d&rsquo;inclinaison<\/span><\/td>\n<td class=\"text-center\">\n<div class=\"px-10 md:px-20 flex items-center justify-center\"><\/div>\n<\/td>\n<td class=\"text-center will-change\">\n<div class=\"px-10 md:px-20 flex items-center justify-center\">Oui<\/div>\n<\/td>\n<\/tr>\n<tr class=\" p-2\">\n<td colspan=\"1\"><span class=\"block px-4\">Niveau \u00e0 bulle num\u00e9rique<\/span><\/td>\n<td class=\"text-center\">\n<div class=\"px-10 md:px-20 flex items-center justify-center\"><\/div>\n<\/td>\n<td class=\"text-center will-change\">\n<div class=\"px-10 md:px-20 flex items-center justify-center\">Oui<\/div>\n<\/td>\n<\/tr>\n<tr class=\"bg-grey-200\/50 p-2\">\n<td colspan=\"1\"><span class=\"block px-4\">Retardateur pour les mesures diff\u00e9r\u00e9es<\/span><\/td>\n<td class=\"text-center\">\n<div class=\"px-10 md:px-20 flex items-center justify-center\"><\/div>\n<\/td>\n<td class=\"text-center will-change\">\n<div class=\"px-10 md:px-20 flex items-center justify-center\">Oui<\/div>\n<\/td>\n<\/tr>\n<tr class=\" p-2\">\n<td colspan=\"1\"><span class=\"block px-4\">Option de chargement par induction<\/span><\/td>\n<td class=\"text-center\">\n<div class=\"px-10 md:px-20 flex items-center justify-center\"><\/div>\n<\/td>\n<td class=\"text-center will-change\">\n<div class=\"px-10 md:px-20 flex items-center justify-center\">Oui<\/div>\n<\/td>\n<\/tr>\n<tr class=\"bg-grey-200\/50 p-2\">\n<td colspan=\"1\"><span class=\"block px-4\">Signal acoustique<\/span><\/td>\n<td class=\"text-center\">\n<div class=\"px-10 md:px-20 flex items-center justify-center\"><\/div>\n<\/td>\n<td class=\"text-center will-change\">\n<div class=\"px-10 md:px-20 flex items-center justify-center\">Oui<\/div>\n<\/td>\n<\/tr>\n<tr class=\" p-2\">\n<td colspan=\"1\"><span class=\"block px-4\">S\u00e9lection du point de r\u00e9f\u00e9rence<\/span><\/td>\n<td class=\"text-center\">\n<div class=\"px-10 md:px-20 flex items-center justify-center\"><\/div>\n<\/td>\n<td class=\"text-center will-change\">\n<div class=\"px-10 md:px-20 flex items-center justify-center\">Dessus, dessous, tr\u00e9pied<\/div>\n<\/td>\n<\/tr>\n<tr class=\"bg-grey-200\/50 p-2\">\n<td colspan=\"1\"><span class=\"block px-4\">Dimensions du produit (l x l x h)<\/span><\/td>\n<td class=\"text-center\">\n<div class=\"px-10 md:px-20 flex items-center justify-center\">mm<\/div>\n<\/td>\n<td class=\"text-center will-change\">\n<div class=\"px-10 md:px-20 flex items-center justify-center\">28 x 54 x 130<\/div>\n<\/td>\n<\/tr>\n<tr class=\" p-2\">\n<td colspan=\"1\"><span class=\"block px-4\">Poids<\/span><\/td>\n<td class=\"text-center\">\n<div class=\"px-10 md:px-20 flex items-center justify-center\">g<\/div>\n<\/td>\n<td class=\"text-center will-change\">\n<div class=\"px-10 md:px-20 flex items-center justify-center\">190<\/div>\n<\/td>\n<\/tr>\n<\/tbody>\n<\/table>\n<\/div>\n<\/div>\n<\/div>\n<\/div>\n<\/div>\n<\/section>\n<section class=\"max-w-[1088px] mx-auto w-full px-5 my-10 md:my-12 lg:my-16 xl:my-20 xl:px-0\" data-block=\"link-list\">\n<div class=\"max-w-[1088px] mx-auto\">\n<div class=\"md:text-center\">\n<h3 class=\"text-black font-bold text-lg md:text-xl lg:text-2xl\"><strong>Adapt\u00e9 aux applications suivantes<\/strong><\/h3>\n<\/div>\n<div class=\"mt-6 max-w-4xl mx-auto\">\n<div class=\"flex flex-wrap md:ml-20\">\n<div class=\"w-full md:w-1\/2 auto-bullets md:pr-16\">\n<ul>\n<li class=\"flex items-center gap-5 text-sm text-black mt-3 md:text-base  lg:text-lg\">\n<div>B\u00e2timents commerciaux<\/div>\n<\/li>\n<li class=\"flex items-center gap-5 text-sm text-black mt-3 md:text-base md:mt-4 lg:text-lg\">\n<div>Construction<\/div>\n<\/li>\n<li class=\"flex items-center gap-5 text-sm text-black mt-3 md:text-base md:mt-4 lg:text-lg\">\n<div>Sites du patrimoine<\/div>\n<\/li>\n<li class=\"flex items-center gap-5 text-sm text-black mt-3 md:text-base md:mt-4 lg:text-lg\">\n<div>Industrie, usines et production<\/div>\n<\/li>\n<\/ul>\n<\/div>\n<div class=\"w-full md:w-1\/2 auto-bullets \">\n<ul>\n<li class=\"flex items-center gap-5 text-sm text-black mt-3 md:text-base  lg:text-lg\">\n<div>Mus\u00e9es et galeries<\/div>\n<\/li>\n<li class=\"flex items-center gap-5 text-sm text-black mt-3 md:text-base md:mt-4 lg:text-lg\">\n<div>B\u00e2timents r\u00e9sidentiels<\/div>\n<\/li>\n<li class=\"flex items-center gap-5 text-sm text-black mt-3 md:text-base md:mt-4 lg:text-lg\">\n<div>Entrep\u00f4ts et stockage<\/div>\n<\/li>\n<\/ul>\n<\/div>\n<\/div>\n<\/div>\n<\/div>\n<\/section>\n<\/div>\n<\/section>\n","protected":false},"excerpt":{"rendered":"<p>Boue, pluie, poussi\u00e8re &#8211; et le TD200 mesure. La construction extr\u00eamement robuste IP65 de notre t\u00e9l\u00e9m\u00e8tre r\u00e9siste sans probl\u00e8me \u00e0 des chutes d&rsquo;un m\u00e8tre et est \u00e9tanche aux jets d&rsquo;eau et \u00e0 la poussi\u00e8re, ce qui permet de le nettoyer m\u00eame sous l&rsquo;eau courante et fait du TD200 le choix id\u00e9al pour les chantiers quotidiens.<\/p>\n<p>Ses valeurs internes sont \u00e9galement impressionnantes : 15 modes de mesure diff\u00e9rents r\u00e9pondent pratiquement \u00e0 tous les souhaits d&rsquo;application &#8211; outre les mesures directes ou indirectes de distances et de hauteurs, la TD200 calcule rapidement et de mani\u00e8re fiable des surfaces circulaires, rectangulaires ou triangulaires, des distances partielles ou des volumes cylindriques.<\/p>\n<p>L&rsquo;interaction brevet\u00e9e entre la cam\u00e9ra num\u00e9rique \u00e0 zoom 3x avec fonction de recherche de cible et le capteur d&rsquo;inclinaison 360\u00b0 permet non seulement d&rsquo;effectuer des mesures pr\u00e9cises \u00e0 longue distance jusqu&rsquo;\u00e0 une port\u00e9e de 200 m\u00e8tres, mais aussi de nombreuses applications de mesure qui ne sont pas aussi facilement r\u00e9alisables avec des appareils conventionnels.<\/p>\n","protected":false},"featured_media":45835,"template":"","meta":[],"product_brand":[],"product_cat":[1165,2030,458,421,428],"product_tag":[],"class_list":{"0":"post-45834","1":"product","2":"type-product","3":"status-publish","4":"has-post-thumbnail","6":"product_cat-technologie-de-mesure","7":"product_cat-technologies-de-mesure","8":"product_cat-outils-de-mesure","9":"product_cat-mesure-outils-instruments-appareils","10":"product_cat-mesure-de-distance","12":"first","13":"instock","14":"shipping-taxable","15":"product-type-simple"},"_links":{"self":[{"href":"https:\/\/airsystems.ge\/shop\/fr\/wp-json\/wp\/v2\/product\/45834","targetHints":{"allow":["GET"]}}],"collection":[{"href":"https:\/\/airsystems.ge\/shop\/fr\/wp-json\/wp\/v2\/product"}],"about":[{"href":"https:\/\/airsystems.ge\/shop\/fr\/wp-json\/wp\/v2\/types\/product"}],"wp:featuredmedia":[{"embeddable":true,"href":"https:\/\/airsystems.ge\/shop\/fr\/wp-json\/wp\/v2\/media\/45835"}],"wp:attachment":[{"href":"https:\/\/airsystems.ge\/shop\/fr\/wp-json\/wp\/v2\/media?parent=45834"}],"wp:term":[{"taxonomy":"product_brand","embeddable":true,"href":"https:\/\/airsystems.ge\/shop\/fr\/wp-json\/wp\/v2\/product_brand?post=45834"},{"taxonomy":"product_cat","embeddable":true,"href":"https:\/\/airsystems.ge\/shop\/fr\/wp-json\/wp\/v2\/product_cat?post=45834"},{"taxonomy":"product_tag","embeddable":true,"href":"https:\/\/airsystems.ge\/shop\/fr\/wp-json\/wp\/v2\/product_tag?post=45834"}],"curies":[{"name":"wp","href":"https:\/\/api.w.org\/{rel}","templated":true}]}}