{"id":45743,"date":"2026-04-19T17:27:28","date_gmt":"2026-04-19T13:27:28","guid":{"rendered":"https:\/\/airsystems.ge\/shop\/product\/trotec-ld6000-combi-leak-detector-combination-detector-for-leak-detection-measurement-technology\/"},"modified":"2026-04-19T17:40:02","modified_gmt":"2026-04-19T13:40:02","slug":"trotec-ld6000-combi-leak-detector-combination-detector-for-leak-detection-measurement-technology","status":"publish","type":"product","link":"https:\/\/airsystems.ge\/shop\/fr\/produit\/trotec-ld6000-combi-leak-detector-combination-detector-for-leak-detection-measurement-technology\/","title":{"rendered":"Trotec LD6000 \u2013 d\u00e9tecteur combin\u00e9 pour la recherche de fuites D\u00e9tecteur combin\u00e9 pour la recherche de fuites"},"content":{"rendered":"<section class=\"max-w-[1088px] mx-auto w-full px-5 my-10 md:my-12 lg:my-16 xl:my-20 xl:px-0\" data-block=\"bullet-list\">\n<div class=\"md:text-center\">\n<section class=\"max-w-[1088px] mx-auto w-full px-5 my-10 md:my-12 lg:my-16 xl:my-20 xl:px-0\" data-block=\"bullet-list\">\n<div class=\"md:text-center\">\n<h3 class=\"text-black font-bold text-lg md:text-xl lg:text-2xl\"><strong>Caract\u00e9ristiques clefs<\/strong><\/h3>\n<\/div>\n<div class=\"mt-6 md:mt-10\">\n<div class=\"flex flex-wrap\">\n<div class=\"w-full md:w-1\/2 auto-bullets md:pr-16\">\n<ul>\n<li class=\"text-sm md:text-base text-black mt-3  flex items-start\">\n<div class=\"pl-5\">Recherche de fuites acoustiques et de gaz traceurs avec un seul appareil<\/div>\n<\/li>\n<li class=\"text-sm md:text-base text-black mt-3 md:mt-4 flex items-start\">\n<div class=\"pl-5\">Affichage graphique couleur haute r\u00e9solution avec fonction \u00e9cran tactile<\/div>\n<\/li>\n<li class=\"text-sm md:text-base text-black mt-3 md:mt-4 flex items-start\">\n<div class=\"pl-5\">Unique au monde dans cette cat\u00e9gorie d&rsquo;appareils :<\/div>\n<\/li>\n<li class=\"text-sm md:text-base text-black mt-3 md:mt-4 flex items-start\">\n<div class=\"pl-5\">Fonction Smart innovante pour une localisation de fuite ponctuelle encore plus rapide (protection par brevet)<\/div>\n<\/li>\n<li class=\"text-sm md:text-base text-black mt-3 md:mt-4 flex items-start\">\n<div class=\"pl-5\">De nombreux cas d&rsquo;utilisation typiques sont d\u00e9j\u00e0 pr\u00e9programm\u00e9s pour l&rsquo;acc\u00e8s rapide<\/div>\n<\/li>\n<\/ul>\n<\/div>\n<div class=\"w-full md:w-1\/2 auto-bullets \">\n<ul>\n<li class=\"text-sm md:text-base text-black mt-3  flex items-start\">\n<div class=\"pl-5\">Tous les filtres et param\u00e8tres sont librement configurables<\/div>\n<\/li>\n<li class=\"text-sm md:text-base text-black mt-3 md:mt-4 flex items-start\">\n<div class=\"pl-5\">Mode de localisation de conduites<\/div>\n<\/li>\n<li class=\"text-sm md:text-base text-black mt-3 md:mt-4 flex items-start\">\n<div class=\"pl-5\">R\u00e9pond aux exigences de protection auditive selon BGV B3 (anciennement VBG 121) en cas d&rsquo;utilisation avec Casque d&rsquo;origine<\/div>\n<\/li>\n<li class=\"text-sm md:text-base text-black mt-3 md:mt-4 flex items-start\">\n<div class=\"pl-5\">Haute sensibilit\u00e9, microphones de pr\u00e9cision robustes de fabrication allemande de qualit\u00e9<\/div>\n<\/li>\n<\/ul>\n<\/div>\n<\/div>\n<\/div>\n<\/section>\n<section class=\"max-w-[1088px] mx-auto w-full my-10 md:my-12 lg:my-16 xl:my-20\" data-block=\"content-block\">\n<div class=\"max-w-[1088px] mx-auto\">\n<div class=\"flex flex-col items-center gap-6 px-5 w-full md:grid md:grid-cols-12 md:items-stretch xl:px-0\" data-content-block=\"container\">\n<div class=\"relative flex flex-col gap-5 w-full md:col-span-12 md:col-start-1  sm:items-start sm:text-left  order-first md:order-none\" data-content-block=\"column\">\n<div class=\"prose text-pretty max-w-full text-left text-black prose-p:text-black prose-headings:mt-6 prose-headings:mb-3 md:prose-headings:text-lg   prose-a:text-current prose-a:transition prose-a:ease-linear prose-a:duration-300\" data-content-block=\"text\">\n<p><strong>Le LD6000 offre aux entreprises de service public de nombreuses possibilit\u00e9s d&rsquo;utilisation pour l&rsquo;analyse des pertes d&rsquo;eau :<\/strong><\/p>\n<p>Localisation acoustique ponctuelle \u00e0 l&rsquo;aide de microphones de sol ultrasensibles, localisation de fuites de gaz traceur dans les r\u00e9seaux d&rsquo;eau potable, localisation de trac\u00e9s sur des conduites m\u00e9talliques et non m\u00e9talliques &#8211; ou contr\u00f4les d&rsquo;\u00e9tanch\u00e9it\u00e9 de raccords de tuyaux et de joints d&rsquo;\u00e9tanch\u00e9it\u00e9.<\/p>\n<p>De nombreux accessoires tels que le microphone de sol, le microphone de contact et le microphone \u00e0 tige font du LD6000 une solution universelle pour la d\u00e9tection rapide et fiable des fuites dans l&rsquo;artisanat.<\/p>\n<p>Le LD6000 offre aux utilisateurs les possibilit\u00e9s de r\u00e9glage les plus diverses pour une d\u00e9tection rapide et pr\u00e9cise des fuites et peut \u00eatre command\u00e9 au choix par \u00e9cran tactile ou par touches et r\u00e9gulateurs rotatifs. Diff\u00e9rents pr\u00e9r\u00e9glages pour de nombreux cas d&rsquo;utilisation typiques sont disponibles en acc\u00e8s rapide, les filtres et autres param\u00e8tres sont bien entendu \u00e9galement configurables individuellement.<\/p>\n<\/div>\n<\/div>\n<\/div>\n<\/div>\n<\/section>\n<section class=\"max-w-[1088px] mx-auto w-full px-5 my-10 md:my-12 lg:my-16 xl:my-20 xl:px-0\" data-block=\"product-specifications\">\n<div class=\"md:text-center\">\n<h3 class=\"text-black font-bold text-lg md:text-xl lg:text-2xl\"><strong>Caract\u00e9ristiques du produit<\/strong><\/h3>\n<\/div>\n<div class=\" md:mt-10\">\n<div class=\"\">\n<div class=\"lg:mt-0 \">\n<div id=\"spec-ld6000\" class=\"prose max-w-full  md:overflow-auto\" data-spec-content=\"\">\n<div class=\"spreadsheet-container hidden md:block\">\n<table class=\"w-full table-fixed mb-0\">\n<thead>\n<tr>\n<th class=\"font-bold text-base\"><span class=\"block px-4\">Caract\u00e9ristiques<\/span><\/th>\n<th class=\"font-bold text-base text-center\"><span class=\"block px-10 md:px-20\">Unit\u00e9s<\/span><\/th>\n<th class=\"font-bold text-base text-center will-change\"><span class=\"block px-4\">LD6000<\/span><\/th>\n<\/tr>\n<\/thead>\n<tbody>\n<tr class=\"bg-grey-200\/50 p-2\">\n<td colspan=\"1\"><span class=\"block px-4\">Mode de fonctionnement<\/span><\/td>\n<td class=\"text-center\">\n<div class=\"px-10 md:px-20 flex items-center justify-center\"><\/div>\n<\/td>\n<td class=\"text-center will-change\">\n<div class=\"px-10 md:px-20 flex items-center justify-center\">D\u00e9tection acoustique des fuites (F&amp;V, Smart, mesure \u00e0 long terme), d\u00e9tection des conduites et d\u00e9tection des fuites de gaz \u00e0 l&rsquo;\u00e9tat de traces<\/div>\n<\/td>\n<\/tr>\n<tr class=\" p-2\">\n<td colspan=\"1\"><span class=\"block px-4\">Fonctions de mesure et d&rsquo;appareil<\/span><\/td>\n<td class=\"text-center\">\n<div class=\"px-10 md:px-20 flex items-center justify-center\"><\/div>\n<\/td>\n<td class=\"text-center will-change\">\n<div class=\"px-10 md:px-20 flex items-center justify-center\">Modes de mesure pour le niveau minimum, le niveau moyen, les mesures d&rsquo;ondes d&rsquo;impulsion, l&rsquo;analyse F&amp;V simultan\u00e9e, la fonction d&rsquo;enregistrement, les fonctions automatiques de r\u00e9glage des fr\u00e9quences de filtrage et de la sensibilit\u00e9 du capteur, la pr\u00e9f\u00e9rence de m\u00e9moire pour les r\u00e9glages manuels des filtres, la protection contre la surmodulation du niveau sonore, la d\u00e9tection de gaz \u00e0 l&rsquo;\u00e9tat de traces avec un signal d\u00e9pendant de la concentration (optique et acoustique).<\/div>\n<\/td>\n<\/tr>\n<tr class=\"bg-grey-200\/50 p-2\">\n<td colspan=\"1\"><span class=\"block px-4\">Contr\u00f4le<\/span><\/td>\n<td class=\"text-center\">\n<div class=\"px-10 md:px-20 flex items-center justify-center\"><\/div>\n<\/td>\n<td class=\"text-center will-change\">\n<div class=\"px-10 md:px-20 flex items-center justify-center\">Soit par l&rsquo;interm\u00e9diaire d&rsquo;un \u00e9cran tactile, de touches ou d&rsquo;un cadran de commande<\/div>\n<\/td>\n<\/tr>\n<tr class=\" p-2\">\n<td colspan=\"1\"><span class=\"block px-4\">Amplification<\/span><\/td>\n<td class=\"text-center\">\n<div class=\"px-10 md:px-20 flex items-center justify-center\">dB<\/div>\n<\/td>\n<td class=\"text-center will-change\">\n<div class=\"px-10 md:px-20 flex items-center justify-center\">120 pour un facteur de correction diff\u00e9rent<\/div>\n<\/td>\n<\/tr>\n<tr class=\"bg-grey-200\/50 p-2\">\n<td colspan=\"1\"><span class=\"block px-4\">Imp\u00e9dance d&rsquo;entr\u00e9e<\/span><\/td>\n<td class=\"text-center\">\n<div class=\"px-10 md:px-20 flex items-center justify-center\">\u03a9<\/div>\n<\/td>\n<td class=\"text-center will-change\">\n<div class=\"px-10 md:px-20 flex items-center justify-center\">1 M<\/div>\n<\/td>\n<\/tr>\n<tr class=\" p-2\">\n<td colspan=\"1\"><span class=\"block px-4\">Filtre<\/span><\/td>\n<td class=\"text-center\">\n<div class=\"px-10 md:px-20 flex items-center justify-center\"><\/div>\n<\/td>\n<td class=\"text-center will-change\">\n<div class=\"px-10 md:px-20 flex items-center justify-center\">Jusqu&rsquo;\u00e0 256 peuvent \u00eatre configur\u00e9s individuellement (pour le capteur \u00e0 tige et le microphone de sol)<\/div>\n<\/td>\n<\/tr>\n<tr class=\"bg-grey-200\/50 p-2\">\n<td colspan=\"1\"><span class=\"block px-4\">Spectre de fr\u00e9quence<\/span><\/td>\n<td class=\"text-center\">\n<div class=\"px-10 md:px-20 flex items-center justify-center\">Hz<\/div>\n<\/td>\n<td class=\"text-center will-change\">\n<div class=\"px-10 md:px-20 flex items-center justify-center\">0-4,000<\/div>\n<\/td>\n<\/tr>\n<tr class=\" p-2\">\n<td colspan=\"1\"><span class=\"block px-4\">Affichage<\/span><\/td>\n<td class=\"text-center\">\n<div class=\"px-10 md:px-20 flex items-center justify-center\"><\/div>\n<\/td>\n<td class=\"text-center will-change\">\n<div class=\"px-10 md:px-20 flex items-center justify-center\">\u00c9cran LCD couleur (\u00e9clairage automatique), 480 x 272 pixels<\/div>\n<\/td>\n<\/tr>\n<tr class=\"bg-grey-200\/50 p-2\">\n<td colspan=\"1\"><span class=\"block px-4\">V\u00e9rification de la batterie<\/span><\/td>\n<td class=\"text-center\">\n<div class=\"px-10 md:px-20 flex items-center justify-center\"><\/div>\n<\/td>\n<td class=\"text-center will-change\">\n<div class=\"px-10 md:px-20 flex items-center justify-center\">Via micro-contr\u00f4leur<\/div>\n<\/td>\n<\/tr>\n<tr class=\" p-2\">\n<td colspan=\"1\"><span class=\"block px-4\">Imp\u00e9dance de sortie<\/span><\/td>\n<td class=\"text-center\">\n<div class=\"px-10 md:px-20 flex items-center justify-center\">\u03a9<\/div>\n<\/td>\n<td class=\"text-center will-change\">\n<div class=\"px-10 md:px-20 flex items-center justify-center\">\u2264 10<\/div>\n<\/td>\n<\/tr>\n<tr class=\"bg-grey-200\/50 p-2\">\n<td colspan=\"1\"><span class=\"block px-4\">Alimentation \u00e9lectrique<\/span><\/td>\n<td class=\"text-center\">\n<div class=\"px-10 md:px-20 flex items-center justify-center\"><\/div>\n<\/td>\n<td class=\"text-center will-change\">\n<div class=\"px-10 md:px-20 flex items-center justify-center\">4 x piles type LR14 C 1,5 V<\/div>\n<\/td>\n<\/tr>\n<tr class=\" p-2\">\n<td colspan=\"1\"><span class=\"block px-4\">Dur\u00e9e de fonctionnement<\/span><\/td>\n<td class=\"text-center\">\n<div class=\"px-10 md:px-20 flex items-center justify-center\">h<\/div>\n<\/td>\n<td class=\"text-center will-change\">\n<div class=\"px-10 md:px-20 flex items-center justify-center\">Jusqu&rsquo;\u00e0 14 h en fonctionnement continu, jusqu&rsquo;\u00e0 40 h en fonctionnement normal<\/div>\n<\/td>\n<\/tr>\n<tr class=\"bg-grey-200\/50 p-2\">\n<td colspan=\"1\"><span class=\"block px-4\">Connexions<\/span><\/td>\n<td class=\"text-center\">\n<div class=\"px-10 md:px-20 flex items-center justify-center\"><\/div>\n<\/td>\n<td class=\"text-center will-change\">\n<div class=\"px-10 md:px-20 flex items-center justify-center\">Connecteur \u00e0 ba\u00efonnette (microphone \/ capteur), prise jack 6,3 mm (casque), USB<\/div>\n<\/td>\n<\/tr>\n<tr class=\" p-2\">\n<td colspan=\"1\"><span class=\"block px-4\">Classe de protection<\/span><\/td>\n<td class=\"text-center\">\n<div class=\"px-10 md:px-20 flex items-center justify-center\"><\/div>\n<\/td>\n<td class=\"text-center will-change\">\n<div class=\"px-10 md:px-20 flex items-center justify-center\">IP54<\/div>\n<\/td>\n<\/tr>\n<tr class=\"bg-grey-200\/50 p-2\">\n<td colspan=\"1\"><span class=\"block px-4\">Bo\u00eetier<\/span><\/td>\n<td class=\"text-center\">\n<div class=\"px-10 md:px-20 flex items-center justify-center\"><\/div>\n<\/td>\n<td class=\"text-center will-change\">\n<div class=\"px-10 md:px-20 flex items-center justify-center\">Aluminium, rev\u00eatement en poudre<\/div>\n<\/td>\n<\/tr>\n<tr class=\" p-2\">\n<td colspan=\"1\"><span class=\"block px-4\">Taille du produit (l x l x h)<\/span><\/td>\n<td class=\"text-center\">\n<div class=\"px-10 md:px-20 flex items-center justify-center\">mm<\/div>\n<\/td>\n<td class=\"text-center will-change\">\n<div class=\"px-10 md:px-20 flex items-center justify-center\">210 x 160 x 60<\/div>\n<\/td>\n<\/tr>\n<tr class=\"bg-grey-200\/50 p-2\">\n<td colspan=\"1\"><span class=\"block px-4\">Poids<\/span><\/td>\n<td class=\"text-center\">\n<div class=\"px-10 md:px-20 flex items-center justify-center\">kg<\/div>\n<\/td>\n<td class=\"text-center will-change\">\n<div class=\"px-10 md:px-20 flex items-center justify-center\">1,05<\/div>\n<\/td>\n<\/tr>\n<\/tbody>\n<\/table>\n<\/div>\n<\/div>\n<\/div>\n<\/div>\n<\/div>\n<\/section>\n<section class=\"max-w-[1088px] mx-auto w-full px-5 my-10 md:my-12 lg:my-16 xl:my-20 xl:px-0\" data-block=\"link-list\">\n<div class=\"max-w-[1088px] mx-auto\">\n<div class=\"md:text-center\">\n<h3 class=\"text-black font-bold text-lg md:text-xl lg:text-2xl\"><strong>Adapt\u00e9 aux applications suivantes<\/strong><\/h3>\n<\/div>\n<div class=\"mt-6 max-w-4xl mx-auto\">\n<div class=\"flex flex-wrap md:ml-20\">\n<div class=\"w-full md:w-1\/2 auto-bullets md:pr-16\">\n<ul>\n<li class=\"flex items-center gap-5 text-sm text-black mt-3 md:text-base  lg:text-lg\">\n<div>Traitement des d\u00e9g\u00e2ts des eaux<\/div>\n<\/li>\n<\/ul>\n<\/div>\n<div class=\"w-full md:w-1\/2 auto-bullets \">\n<ul>\n<li class=\"flex items-center gap-5 text-sm text-black mt-3 md:text-base  lg:text-lg\">\n<div>Usine de traitement de l&rsquo;eau<\/div>\n<\/li>\n<\/ul>\n<\/div>\n<\/div>\n<\/div>\n<\/div>\n<\/section>\n<\/div>\n<\/section>\n","protected":false},"excerpt":{"rendered":"<p>Qu&rsquo;il s&rsquo;agisse de tracer des conduites, d&rsquo;\u00e9tablir un cercle de fuites ou de localiser des points, le capteur d&rsquo;hydrog\u00e8ne avanc\u00e9 LD6000 et des microphones de haute qualit\u00e9 de fabrication allemande permettent de d\u00e9tecter, de traiter et d&rsquo;afficher les bruits de fuite les plus infimes dans une dimension jusqu&rsquo;ici inconnue.<\/p>\n<p>Avec le capteur d&rsquo;hydrog\u00e8ne LD6000, les utilisateurs industriels b\u00e9n\u00e9ficient d&rsquo;un instrument de mesure universel qui garantit non seulement une localisation rapide et pr\u00e9cise des fuites dans des r\u00e9seaux de canalisations tr\u00e8s ramifi\u00e9s, mais qui permet \u00e9galement des proc\u00e9dures de contr\u00f4le particuli\u00e8rement \u00e9conomiques gr\u00e2ce au proc\u00e9d\u00e9 de mesure de l&rsquo;hydrog\u00e8ne, par exemple le contr\u00f4le d&rsquo;\u00e9tanch\u00e9it\u00e9 des soudures, des vannes, des r\u00e9servoirs et des chaudi\u00e8res, des conduites sous pression ou des corps de pompes.<\/p>\n","protected":false},"featured_media":45744,"template":"","meta":[],"product_brand":[],"product_cat":[433,421,435,458,1165,2030],"product_tag":[],"class_list":{"0":"post-45743","1":"product","2":"type-product","3":"status-publish","4":"has-post-thumbnail","6":"product_cat-detection-des-fuites","7":"product_cat-mesure-outils-instruments-appareils","8":"product_cat-localisation-et-detection","9":"product_cat-outils-de-mesure","10":"product_cat-technologie-de-mesure","11":"product_cat-technologies-de-mesure","13":"first","14":"instock","15":"shipping-taxable","16":"purchasable","17":"product-type-simple"},"_links":{"self":[{"href":"https:\/\/airsystems.ge\/shop\/fr\/wp-json\/wp\/v2\/product\/45743","targetHints":{"allow":["GET"]}}],"collection":[{"href":"https:\/\/airsystems.ge\/shop\/fr\/wp-json\/wp\/v2\/product"}],"about":[{"href":"https:\/\/airsystems.ge\/shop\/fr\/wp-json\/wp\/v2\/types\/product"}],"wp:featuredmedia":[{"embeddable":true,"href":"https:\/\/airsystems.ge\/shop\/fr\/wp-json\/wp\/v2\/media\/45744"}],"wp:attachment":[{"href":"https:\/\/airsystems.ge\/shop\/fr\/wp-json\/wp\/v2\/media?parent=45743"}],"wp:term":[{"taxonomy":"product_brand","embeddable":true,"href":"https:\/\/airsystems.ge\/shop\/fr\/wp-json\/wp\/v2\/product_brand?post=45743"},{"taxonomy":"product_cat","embeddable":true,"href":"https:\/\/airsystems.ge\/shop\/fr\/wp-json\/wp\/v2\/product_cat?post=45743"},{"taxonomy":"product_tag","embeddable":true,"href":"https:\/\/airsystems.ge\/shop\/fr\/wp-json\/wp\/v2\/product_tag?post=45743"}],"curies":[{"name":"wp","href":"https:\/\/api.w.org\/{rel}","templated":true}]}}