{"id":45640,"date":"2026-04-19T15:39:08","date_gmt":"2026-04-19T11:39:08","guid":{"rendered":"https:\/\/airsystems.ge\/shop\/product\/trotec-ld8-sound-locator-sound-locator-for-electro-acoustic-leak-detection\/"},"modified":"2026-04-19T15:51:53","modified_gmt":"2026-04-19T11:51:53","slug":"trotec-ld8-sound-locator-sound-locator-for-electro-acoustic-leak-detection","status":"publish","type":"product","link":"https:\/\/airsystems.ge\/shop\/fr\/produit\/trotec-ld8-sound-locator-sound-locator-for-electro-acoustic-leak-detection\/","title":{"rendered":"Trotec LD8 \u2013 g\u00e9ophone acoustique Appareils de d\u00e9tection de fuites"},"content":{"rendered":"<section class=\"max-w-[1088px] mx-auto w-full px-5 my-10 md:my-12 lg:my-16 xl:my-20 xl:px-0\" data-block=\"bullet-list\">\n<div class=\"md:text-center\">\n<section class=\"max-w-[1088px] mx-auto w-full px-5 my-10 md:my-12 lg:my-16 xl:my-20 xl:px-0\" data-block=\"bullet-list\">\n<div class=\"md:text-center\">\n<h3 class=\"text-black font-bold text-lg md:text-xl lg:text-2xl\"><strong>Caract\u00e9ristiques clefs<\/strong><\/h3>\n<\/div>\n<div class=\"mt-6 md:mt-10\">\n<div class=\"flex flex-wrap\">\n<div class=\"w-full md:w-1\/2 auto-bullets md:pr-16\">\n<ul>\n<li class=\"text-sm md:text-base text-black mt-3  flex items-start\">\n<div class=\"pl-5\">Construction m\u00e9tallique robuste<\/div>\n<\/li>\n<li class=\"text-sm md:text-base text-black mt-3 md:mt-4 flex items-start\">\n<div class=\"pl-5\">Conception ultra-compacte et l\u00e9g\u00e8re &#8211; tient dans la main ou dans la poche<\/div>\n<\/li>\n<li class=\"text-sm md:text-base text-black mt-3 md:mt-4 flex items-start\">\n<div class=\"pl-5\">Fonctionnement \u00e0 bouton unique &#8211; simple, rapide et fiable<\/div>\n<\/li>\n<li class=\"text-sm md:text-base text-black mt-3 md:mt-4 flex items-start\">\n<div class=\"pl-5\">Transducteur de vibration \u00e0 haute sensibilit\u00e9 &#8211; d\u00e9tecte m\u00eame les bruits de fuite les plus faibles<\/div>\n<\/li>\n<li class=\"text-sm md:text-base text-black mt-3 md:mt-4 flex items-start\">\n<div class=\"pl-5\">Filtre haute\/basse fr\u00e9quence r\u00e9glable &#8211; pour des r\u00e9sultats optimaux sur tout type de tuyauterie<\/div>\n<\/li>\n<\/ul>\n<\/div>\n<div class=\"w-full md:w-1\/2 auto-bullets \">\n<ul>\n<li class=\"text-sm md:text-base text-black mt-3  flex items-start\">\n<div class=\"pl-5\">Casque sans fil Bluetooth 2.0 &#8211; garantit une totale libert\u00e9 de mouvement<\/div>\n<\/li>\n<li class=\"text-sm md:text-base text-black mt-3 md:mt-4 flex items-start\">\n<div class=\"pl-5\">Affichage num\u00e9rique du niveau de bruit avec \u00e9cran \u00e9clair\u00e9 &#8211; retour visuel clair<\/div>\n<\/li>\n<li class=\"text-sm md:text-base text-black mt-3 md:mt-4 flex items-start\">\n<div class=\"pl-5\">Lampe torche int\u00e9gr\u00e9e &#8211; pour les environnements de travail peu \u00e9clair\u00e9s<\/div>\n<\/li>\n<li class=\"text-sm md:text-base text-black mt-3 md:mt-4 flex items-start\">\n<div class=\"pl-5\">Batterie rechargeable &#8211; pour une utilisation prolong\u00e9e sur le terrain<\/div>\n<\/li>\n<li class=\"text-sm md:text-base text-black mt-3 md:mt-4 flex items-start\">\n<div class=\"pl-5\">Connectivit\u00e9 avec un microphone externe &#8211; pour des applications flexibles et la localisation pr\u00e9cise des fuites<\/div>\n<\/li>\n<\/ul>\n<\/div>\n<\/div>\n<\/div>\n<\/section>\n<section class=\"max-w-[1088px] mx-auto w-full my-10 md:my-12 lg:my-16 xl:my-20\" data-block=\"content-block\">\n<div class=\"max-w-[1088px] mx-auto\">\n<div class=\"flex flex-col items-center gap-6 px-5 w-full md:grid md:grid-cols-12 md:items-stretch xl:px-0\" data-content-block=\"container\">\n<div class=\"relative flex flex-col gap-5 w-full md:col-span-12 md:col-start-1  sm:items-start sm:text-left  order-first md:order-none\" data-content-block=\"column\">\n<div class=\"prose text-pretty max-w-full text-left text-black prose-p:text-black prose-headings:mt-6 prose-headings:mb-3 md:prose-headings:text-lg   prose-a:text-current prose-a:transition prose-a:ease-linear prose-a:duration-300\" data-content-block=\"text\">\n<p><strong>Fonctionnement intelligent et sans fil<\/strong><\/p>\n<p>Le LD8 et sa transmission sans fil Bluetooth permet aux professionnels de la d\u00e9tection de fuites de surveiller les signaux acoustiques en temps r\u00e9el sans connexion filaire. Vous pouvez vous d\u00e9placer librement, changer de position et optimiser votre strat\u00e9gie de d\u00e9tection, le tout sans interruption.<\/p>\n<p>Le LD8 s&rsquo;adapte \u00e0 un large \u00e9ventail de t\u00e2ches de d\u00e9tection de fuites :<\/p>\n<ul>\n<li>Localisation des fuites \u00e0 l&rsquo;aide d&rsquo;un tr\u00e9pied et d&rsquo;un microphone<\/li>\n<li>Pr\u00e9-localisation \u00e0 l&rsquo;aide d&rsquo;une pointe de contact ou d&rsquo;une base magn\u00e9tique<\/li>\n<li>Inspection d&rsquo;arbres profonds avec des sondes \u00e0 double extension<\/li>\n<li>Mesures sur tous les types de mat\u00e9riaux de tuyauterie<\/li>\n<li>Montage magn\u00e9tique sur les bouches d&rsquo;incendie, les vannes ou les raccords<\/li>\n<li>D\u00e9tection des bruits de surface ou souterrains<\/li>\n<\/ul>\n<\/div>\n<\/div>\n<\/div>\n<\/div>\n<\/section>\n<section class=\"max-w-[1088px] mx-auto w-full px-5 my-10 md:my-12 lg:my-16 xl:my-20 xl:px-0\" data-block=\"product-specifications\">\n<div class=\"md:text-center\">\n<h3 class=\"text-black font-bold text-lg md:text-xl lg:text-2xl\"><strong>Caract\u00e9ristiques du produit<\/strong><\/h3>\n<\/div>\n<div class=\" md:mt-10\">\n<div class=\"\">\n<div class=\"lg:mt-0 \">\n<div id=\"spec-ld8\" class=\"prose max-w-full  md:overflow-auto\" data-spec-content=\"\">\n<div class=\"spreadsheet-container hidden md:block\">\n<table class=\"w-full table-fixed mb-0\">\n<thead>\n<tr>\n<th class=\"font-bold text-base\"><span class=\"block px-4\">Caract\u00e9ristiques<\/span><\/th>\n<th class=\"font-bold text-base text-center\"><span class=\"block px-10 md:px-20\">Unit\u00e9s<\/span><\/th>\n<th class=\"font-bold text-base text-center will-change\"><span class=\"block px-4\">LD8<\/span><\/th>\n<\/tr>\n<\/thead>\n<tbody>\n<tr class=\"bg-grey-200\/50 p-2\">\n<td colspan=\"1\"><span class=\"block px-4\">Affichage de l&rsquo;\u00e9tat des fuites<\/span><\/td>\n<td class=\"text-center\">\n<div class=\"px-10 md:px-20 flex items-center justify-center\">&#8211;<\/div>\n<\/td>\n<td class=\"text-center will-change\">\n<div class=\"px-10 md:px-20 flex items-center justify-center\">Affichage num\u00e9rique, enregistrement du bruit acoustique<\/div>\n<\/td>\n<\/tr>\n<tr class=\" p-2\">\n<td colspan=\"1\"><span class=\"block px-4\">R\u00e9solution de l&rsquo;affichage<\/span><\/td>\n<td class=\"text-center\">\n<div class=\"px-10 md:px-20 flex items-center justify-center\">&#8211;<\/div>\n<\/td>\n<td class=\"text-center will-change\">\n<div class=\"px-10 md:px-20 flex items-center justify-center\">0 \u00e0 99 niveau de bruit<\/div>\n<\/td>\n<\/tr>\n<tr class=\"bg-grey-200\/50 p-2\">\n<td colspan=\"1\"><span class=\"block px-4\">Fonctions<\/span><\/td>\n<td class=\"text-center\">\n<div class=\"px-10 md:px-20 flex items-center justify-center\">&#8211;<\/div>\n<\/td>\n<td class=\"text-center will-change\">\n<div class=\"px-10 md:px-20 flex items-center justify-center\">R\u00e9glages du filtre (passe-haut, passe-bas, aucun), \u00e9clairage de l&rsquo;affichage, torche<\/div>\n<\/td>\n<\/tr>\n<tr class=\" p-2\">\n<td colspan=\"1\"><span class=\"block px-4\">Norme Bluetooth<\/span><\/td>\n<td class=\"text-center\">\n<div class=\"px-10 md:px-20 flex items-center justify-center\">&#8211;<\/div>\n<\/td>\n<td class=\"text-center will-change\">\n<div class=\"px-10 md:px-20 flex items-center justify-center\">Bluetooth 2.0<\/div>\n<\/td>\n<\/tr>\n<tr class=\"bg-grey-200\/50 p-2\">\n<td colspan=\"1\"><span class=\"block px-4\">Port\u00e9e de transmission<\/span><\/td>\n<td class=\"text-center\">\n<div class=\"px-10 md:px-20 flex items-center justify-center\">m<\/div>\n<\/td>\n<td class=\"text-center will-change\">\n<div class=\"px-10 md:px-20 flex items-center justify-center\">env. 10<\/div>\n<\/td>\n<\/tr>\n<tr class=\" p-2\">\n<td colspan=\"1\"><span class=\"block px-4\">Alimentation \u00e9lectrique (appareil)<\/span><\/td>\n<td class=\"text-center\">\n<div class=\"px-10 md:px-20 flex items-center justify-center\">&#8211;<\/div>\n<\/td>\n<td class=\"text-center will-change\">\n<div class=\"px-10 md:px-20 flex items-center justify-center\">Batterie lithium-ion interne<\/div>\n<\/td>\n<\/tr>\n<tr class=\"bg-grey-200\/50 p-2\">\n<td colspan=\"1\"><span class=\"block px-4\">Alimentation \u00e9lectrique (casque)<\/span><\/td>\n<td class=\"text-center\">\n<div class=\"px-10 md:px-20 flex items-center justify-center\">&#8211;<\/div>\n<\/td>\n<td class=\"text-center will-change\">\n<div class=\"px-10 md:px-20 flex items-center justify-center\">Batterie lithium-polym\u00e8re interne<\/div>\n<\/td>\n<\/tr>\n<tr class=\" p-2\">\n<td colspan=\"1\"><span class=\"block px-4\">Dimensions du produit (L \u00d7 L \u00d7 H)<\/span><\/td>\n<td class=\"text-center\">\n<div class=\"px-10 md:px-20 flex items-center justify-center\">mm<\/div>\n<\/td>\n<td class=\"text-center will-change\">\n<div class=\"px-10 md:px-20 flex items-center justify-center\">33 \u00d7 45 \u00d7 185<\/div>\n<\/td>\n<\/tr>\n<tr class=\"bg-grey-200\/50 p-2\">\n<td colspan=\"1\"><span class=\"block px-4\">Poids du produit<\/span><\/td>\n<td class=\"text-center\">\n<div class=\"px-10 md:px-20 flex items-center justify-center\">g<\/div>\n<\/td>\n<td class=\"text-center will-change\">\n<div class=\"px-10 md:px-20 flex items-center justify-center\">180<\/div>\n<\/td>\n<\/tr>\n<\/tbody>\n<\/table>\n<\/div>\n<\/div>\n<\/div>\n<\/div>\n<\/div>\n<\/section>\n<section class=\"my-10 md:my-12 lg:my-16 xl:my-20\" data-block=\"related-accessories\">\n<div class=\"bg-[linear-gradient(0deg,_#fff_33%,_#f2f2f2_33%)] pt-10 md:pt-16 lg:px-5\">\n<div class=\"relative max-w-5xl mx-auto\">\n<div class=\"max-w-3xl mx-auto px-5 mb-6 text-center lg:mb-8\">\n<h4 class=\"text-black font-bold text-lg md:text-xl lg:text-2xl\"><strong>Accessoires et consommables<\/strong><\/h4>\n<\/div>\n<div class=\"relative lg:px-5\">\n<div class=\"static swiper px-5 lg:px-0 swiper-initialized swiper-horizontal swiper-watch-progress swiper-backface-hidden\" data-swipe-related=\"\"><button class=\"hidden lg:flex lg:absolute lg:z-[1] lg:left-0 lg:top-1\/2 lg:-translate-y-1\/2 lg:border lg:text-grey-500 lg:rounded lg:items-center lg:justify-center lg:transition lg:duration-300 lg:ease-linear lg:bg-white lg:h-12 lg:w-14 lg:shadow-lg xl:-left-16 xl:shadow-none focus:bg-grey-500 focus:border-grey-500 focus:text-white hover:bg-grey-500 hover:border-grey-500 hover:text-white invisible opacity-0\" tabindex=\"-1\" disabled=\"disabled\" data-swiper-prev=\"\" aria-label=\"Previous slide\" aria-controls=\"swiper-wrapper-ff72e2f910ec2bebe\" aria-disabled=\"true\"><\/button><\/p>\n<div id=\"swiper-wrapper-ff72e2f910ec2bebe\" class=\"swiper-wrapper flex flex-nowrap relative z-0 \" aria-live=\"polite\">\n<div class=\"swiper-slide flex shrink-0 h-auto w-[calc(100vw-2.6875rem)] sm:w-[calc(50vw-1.625rem)] lg:w-[calc(33.3334%-1.375rem)] mr-3 lg:mr-8 swiper-slide-visible swiper-slide-active\" role=\"group\" aria-label=\"1 \/ 3\">\n<div class=\"bg-white overflow-hidden h-full w-full border-2 border-grey-300 rounded flex flex-col justify-between\"><a class=\"block relative overflow-hidden group\" href=\"https:\/\/www.danthermgroup.com\/fr\/accessoires\/trotec-ld8-professional-bluetooth-headphones\"><img loading=\"lazy\" decoding=\"async\" class=\"lazyload w-full mt-4 transition ease-linear duration-300 group-hover:scale-105\" src=\"https:\/\/danthermgroup-website.s3.eu-central-1.amazonaws.com\/cache\/media\/products\/7106278\/Trotec_LD8_professional-headphones_web_639c58b7b3fd56946b971b7a4d57a084.webp\" sizes=\"auto\" srcset=\"https:\/\/danthermgroup-website.s3.eu-central-1.amazonaws.com\/cache\/media\/products\/7106278\/Trotec_LD8_professional-headphones_web_1bdd4b9eebd4f271f01e1b2691082655.webp 1000w, https:\/\/danthermgroup-website.s3.eu-central-1.amazonaws.com\/cache\/media\/products\/7106278\/Trotec_LD8_professional-headphones_web_639c58b7b3fd56946b971b7a4d57a084.webp 640w\" alt=\"Trotec LD8 professional headphones web\" width=\"640\" height=\"640\" \/><\/a><\/p>\n<div class=\"p-6 pt-3 flex-1\">\n<div>\n<h5>Trotec &#8211; LD8 casque Bluetooth professionnel<\/h5>\n<\/div>\n<p class=\"mt-1 text-grey-500 text-[0.9375rem]\">Code produit :3.110.008.070<\/p>\n<p class=\"leading-relaxed mt-2 text-sm text-black !line-clamp-3\">Accessoire pour LD8<\/p>\n<\/div>\n<\/div>\n<\/div>\n<div class=\"swiper-slide flex shrink-0 h-auto w-[calc(100vw-2.6875rem)] sm:w-[calc(50vw-1.625rem)] lg:w-[calc(33.3334%-1.375rem)] mr-3 lg:mr-8 swiper-slide-visible swiper-slide-next\" role=\"group\" aria-label=\"2 \/ 3\">\n<div class=\"bg-white overflow-hidden h-full w-full border-2 border-grey-300 rounded flex flex-col justify-between\"><a class=\"block relative overflow-hidden group\" href=\"https:\/\/www.danthermgroup.com\/fr\/accessoires\/trotec-professional-case-for-ld8-sound-locator\"><img loading=\"lazy\" decoding=\"async\" class=\"lazyload w-full mt-4 transition ease-linear duration-300 group-hover:scale-105\" src=\"https:\/\/danthermgroup-website.s3.eu-central-1.amazonaws.com\/cache\/media\/products\/7106295\/Trotec_LD8-Set_professional-case_web_639c58b7b3fd56946b971b7a4d57a084.webp\" sizes=\"auto\" srcset=\"https:\/\/danthermgroup-website.s3.eu-central-1.amazonaws.com\/cache\/media\/products\/7106295\/Trotec_LD8-Set_professional-case_web_1bdd4b9eebd4f271f01e1b2691082655.webp 1000w, https:\/\/danthermgroup-website.s3.eu-central-1.amazonaws.com\/cache\/media\/products\/7106295\/Trotec_LD8-Set_professional-case_web_639c58b7b3fd56946b971b7a4d57a084.webp 640w\" alt=\"Trotec LD8 Set professional case web\" width=\"640\" height=\"640\" \/><\/a><\/p>\n<div class=\"p-6 pt-3 flex-1\">\n<div>\n<h5>Trotec &#8211; valise de transport professionnelle pour LD8 appareil d&rsquo;\u00e9coute<\/h5>\n<\/div>\n<p class=\"mt-1 text-grey-500 text-[0.9375rem]\">Code produit : 3.110.008.050<\/p>\n<p class=\"leading-relaxed mt-2 text-sm text-black !line-clamp-3\">Accessoire pour LD8<\/p>\n<\/div>\n<\/div>\n<\/div>\n<div class=\"swiper-slide flex shrink-0 h-auto w-[calc(100vw-2.6875rem)] sm:w-[calc(50vw-1.625rem)] lg:w-[calc(33.3334%-1.375rem)] mr-3 lg:mr-8 swiper-slide-visible\" role=\"group\" aria-label=\"3 \/ 3\">\n<div class=\"bg-white overflow-hidden h-full w-full border-2 border-grey-300 rounded flex flex-col justify-between\"><a class=\"block relative overflow-hidden group\" href=\"https:\/\/www.danthermgroup.com\/fr\/accessoires\/trotec-magnetic-michrophone\"><img loading=\"lazy\" decoding=\"async\" class=\"lazyload w-full mt-4 transition ease-linear duration-300 group-hover:scale-105\" src=\"https:\/\/danthermgroup-website.s3.eu-central-1.amazonaws.com\/cache\/media\/products\/7106291\/Trotec_LD8-mic_01_web_639c58b7b3fd56946b971b7a4d57a084.webp\" sizes=\"auto\" srcset=\"https:\/\/danthermgroup-website.s3.eu-central-1.amazonaws.com\/cache\/media\/products\/7106291\/Trotec_LD8-mic_01_web_1bdd4b9eebd4f271f01e1b2691082655.webp 1000w, https:\/\/danthermgroup-website.s3.eu-central-1.amazonaws.com\/cache\/media\/products\/7106291\/Trotec_LD8-mic_01_web_639c58b7b3fd56946b971b7a4d57a084.webp 640w\" alt=\"Trotec LD8 mic 01 web\" width=\"640\" height=\"640\" \/><\/a><\/p>\n<div class=\"p-6 pt-3 flex-1\">\n<div>\n<h5>Trotec &#8211; microphone magn\u00e9tique<\/h5>\n<\/div>\n<p class=\"mt-1 text-grey-500 text-[0.9375rem]\">Code produit : 3.110.008.060<\/p>\n<p class=\"leading-relaxed mt-2 text-sm text-black !line-clamp-3\">Accessoire pour LD8<\/p>\n<\/div>\n<\/div>\n<\/div>\n<\/div>\n<p><button class=\"hidden lg:flex lg:absolute lg:z-[1] lg:right-0 lg:top-1\/2 lg:-translate-y-1\/2 lg:border lg:text-grey-500 lg:rounded lg:items-center lg:justify-center lg:transition lg:duration-300 lg:ease-linear lg:bg-white lg:h-12 lg:w-14 lg:shadow-lg xl:-right-16 xl:shadow-none focus:bg-grey-500 focus:border-grey-500 focus:text-white hover:bg-grey-500 hover:border-grey-500 hover:text-white invisible opacity-0\" tabindex=\"-1\" disabled=\"disabled\" data-swiper-next=\"\" aria-label=\"Next slide\" aria-controls=\"swiper-wrapper-ff72e2f910ec2bebe\" aria-disabled=\"true\"><\/button><\/div>\n<\/div>\n<\/div>\n<\/div>\n<\/section>\n<section class=\"max-w-[1088px] mx-auto w-full px-5 my-10 md:my-12 lg:my-16 xl:my-20 xl:px-0\" data-block=\"related-downloads\">\n<div class=\"md:text-center\">\n<h3 class=\"text-black font-bold text-lg md:text-xl lg:text-2xl\"><strong>T\u00e9l\u00e9chargements utiles<\/strong><\/h3>\n<\/div>\n<div class=\"mt-6 md:mt-10\">\n<div class=\"flex flex-col md:flex-row md:flex-wrap \">\n<div class=\"mb-4 md:mb-8 w-full md:w-1\/2 md:px-4\">\n<div class=\"p-4 md:p-5 h-full flex md:items-center border border-grey-300\">\n<div class=\"mt-1.5 md:mt-0 w-6 md:w-10\"><a href=\"https:\/\/www.danthermgroup.com\/fr\/telechargements\/trotec-ld8-product-guide\" target=\"_blank\" rel=\"nofollow noindex noopener\"><img decoding=\"async\" class=\"lazyload h-8 md:h-14 w-auto object-contain\" src=\"https:\/\/danthermgroup-website.s3.eu-central-1.amazonaws.com\/media\/icons\/download-guide.svg\" alt=\"Download guide\" height=\"56\" \/><\/a><\/div>\n<div class=\"flex-1 pl-4 md:px-8\">\n<h2 class=\"font-bold text-sm md:text-lg\"><a class=\"underline underline-offset-2 decoration-transparent transition duration-300 ease-linear hover:decoration-black\" href=\"https:\/\/www.danthermgroup.com\/fr\/telechargements\/trotec-ld8-product-guide\" target=\"_blank\" rel=\"nofollow noindex noopener\">Trotec LD8 &#8211; guide des produits<\/a><\/h2>\n<div class=\"prose text-grey-500 text-sm\">Brochures sur les produits<\/div>\n<\/div>\n<\/div>\n<\/div>\n<div class=\"mb-4 md:mb-8 w-full md:w-1\/2 md:px-4\">\n<div class=\"p-4 md:p-5 h-full flex md:items-center border border-grey-300\">\n<div class=\"mt-1.5 md:mt-0 w-6 md:w-10\"><a href=\"https:\/\/www.danthermgroup.com\/fr\/telechargements\/trotec-ld8-user-manual\" target=\"_blank\" rel=\"nofollow noindex noopener\"><img decoding=\"async\" class=\"lazyload h-8 md:h-14 w-auto object-contain\" src=\"https:\/\/danthermgroup-website.s3.eu-central-1.amazonaws.com\/media\/icons\/download-manual.svg\" alt=\"Download manual\" height=\"56\" \/><\/a><\/div>\n<div class=\"flex-1 pl-4 md:px-8\">\n<h2 class=\"font-bold text-sm md:text-lg\"><a class=\"underline underline-offset-2 decoration-transparent transition duration-300 ease-linear hover:decoration-black\" href=\"https:\/\/www.danthermgroup.com\/fr\/telechargements\/trotec-ld8-user-manual\" target=\"_blank\" rel=\"nofollow noindex noopener\">Trotec LD8 &#8211; manuel d&rsquo;utilisation<\/a><\/h2>\n<div class=\"prose text-grey-500 text-sm\">Manuels sur les produits<\/div>\n<\/div>\n<\/div>\n<\/div>\n<\/div>\n<\/div>\n<\/section>\n<\/div>\n<\/section>\n","protected":false},"excerpt":{"rendered":"<p>Le g\u00e9ophone acoustique LD8 est un outil r\u00e9volutionnaire pour les professionnels qui ont besoin d&rsquo;une d\u00e9tection \u00e9lectroacoustique pr\u00e9cise et efficace des fuites dans les syst\u00e8mes d&rsquo;alimentation en eau sous pression. Con\u00e7u pour \u00eatre portable et facile \u00e0 utiliser, le LD8 combine une d\u00e9tection de vibrations \u00e0 haute sensibilit\u00e9, un syst\u00e8me audio sans fil Bluetooth et un fonctionnement intuitif dans un format compact qui tient dans votre poche.<\/p>\n<p>Que vous inspectiez des tuyaux en m\u00e9tal, en plastique ou en tout autre mat\u00e9riau &#8211; en surface ou en profondeur &#8211; le LD8 offre une pr\u00e9cision parfaite et un retour d&rsquo;information acoustique clair \u00e0 tout moment et en tout lieu.<\/p>\n","protected":false},"featured_media":45641,"template":"","meta":[],"product_brand":[],"product_cat":[1165,2030,458,421,433],"product_tag":[],"class_list":{"0":"post-45640","1":"product","2":"type-product","3":"status-publish","4":"has-post-thumbnail","6":"product_cat-technologie-de-mesure","7":"product_cat-technologies-de-mesure","8":"product_cat-outils-de-mesure","9":"product_cat-mesure-outils-instruments-appareils","10":"product_cat-detection-des-fuites","12":"first","13":"instock","14":"shipping-taxable","15":"product-type-simple"},"_links":{"self":[{"href":"https:\/\/airsystems.ge\/shop\/fr\/wp-json\/wp\/v2\/product\/45640","targetHints":{"allow":["GET"]}}],"collection":[{"href":"https:\/\/airsystems.ge\/shop\/fr\/wp-json\/wp\/v2\/product"}],"about":[{"href":"https:\/\/airsystems.ge\/shop\/fr\/wp-json\/wp\/v2\/types\/product"}],"wp:featuredmedia":[{"embeddable":true,"href":"https:\/\/airsystems.ge\/shop\/fr\/wp-json\/wp\/v2\/media\/45641"}],"wp:attachment":[{"href":"https:\/\/airsystems.ge\/shop\/fr\/wp-json\/wp\/v2\/media?parent=45640"}],"wp:term":[{"taxonomy":"product_brand","embeddable":true,"href":"https:\/\/airsystems.ge\/shop\/fr\/wp-json\/wp\/v2\/product_brand?post=45640"},{"taxonomy":"product_cat","embeddable":true,"href":"https:\/\/airsystems.ge\/shop\/fr\/wp-json\/wp\/v2\/product_cat?post=45640"},{"taxonomy":"product_tag","embeddable":true,"href":"https:\/\/airsystems.ge\/shop\/fr\/wp-json\/wp\/v2\/product_tag?post=45640"}],"curies":[{"name":"wp","href":"https:\/\/api.w.org\/{rel}","templated":true}]}}