{"id":45536,"date":"2026-04-19T15:21:26","date_gmt":"2026-04-19T11:21:26","guid":{"rendered":"https:\/\/airsystems.ge\/shop\/product\/trotec-luminat-uv-tracers-uv-tracers\/"},"modified":"2026-04-19T15:27:58","modified_gmt":"2026-04-19T11:27:58","slug":"trotec-luminat-uv-tracers-uv-tracers","status":"publish","type":"product","link":"https:\/\/airsystems.ge\/shop\/fr\/produit\/trotec-luminat-uv-tracers-uv-tracers\/","title":{"rendered":"Trotec LUMINAT \u2013 Traceur UV Traceur UV"},"content":{"rendered":"<section class=\"max-w-[1088px] mx-auto w-full px-5 my-10 md:my-12 lg:my-16 xl:my-20 xl:px-0\" data-block=\"bullet-list\">\n<div class=\"md:text-center\">\n<section class=\"max-w-[1088px] mx-auto w-full px-5 my-10 md:my-12 lg:my-16 xl:my-20 xl:px-0\" data-block=\"bullet-list\">\n<div class=\"md:text-center\">\n<h3 class=\"text-black font-bold text-lg md:text-xl lg:text-2xl\"><strong>Caract\u00e9ristiques clefs<\/strong><\/h3>\n<\/div>\n<div class=\"mt-6 md:mt-10\">\n<div class=\"flex flex-wrap\">\n<div class=\"w-full md:w-1\/2 auto-bullets md:pr-16\">\n<ul>\n<li class=\"text-sm md:text-base text-black mt-3  flex items-start\">\n<div class=\"pl-5\">Traceur UV \u00e9prouv\u00e9 pour la d\u00e9tection des ruptures de canalisations<\/div>\n<\/li>\n<li class=\"text-sm md:text-base text-black mt-3 md:mt-4 flex items-start\">\n<div class=\"pl-5\">Pas de m\u00e9tabolisation &#8211; optimal pour les \u00e9tudes \u00e0 long terme<\/div>\n<\/li>\n<li class=\"text-sm md:text-base text-black mt-3 md:mt-4 flex items-start\">\n<div class=\"pl-5\">Eclairage color\u00e9 tr\u00e8s intense sous UV.Excitation<\/div>\n<\/li>\n<\/ul>\n<\/div>\n<div class=\"w-full md:w-1\/2 auto-bullets \">\n<ul>\n<li class=\"text-sm md:text-base text-black mt-3  flex items-start\">\n<div class=\"pl-5\">Application de couleur neutre &#8211; ne laisse pas de d\u00e9coloration visible sur la plupart des surfaces<\/div>\n<\/li>\n<li class=\"text-sm md:text-base text-black mt-3 md:mt-4 flex items-start\">\n<div class=\"pl-5\">Colorant fluorescent 100 % sans formald\u00e9hyde &#8211; made in Germany<\/div>\n<\/li>\n<li class=\"text-sm md:text-base text-black mt-3 md:mt-4 flex items-start\">\n<div class=\"pl-5\">Disponible en diff\u00e9rentes couleurs &#8211; pour chaque condition environnementale et pr\u00e9f\u00e9rence<\/div>\n<\/li>\n<\/ul>\n<\/div>\n<\/div>\n<\/div>\n<\/section>\n<section class=\"max-w-[1088px] mx-auto w-full my-10 md:my-12 lg:my-16 xl:my-20\" data-block=\"content-block\">\n<div class=\"max-w-[1088px] mx-auto\">\n<div class=\"flex flex-col items-center gap-6 px-5 w-full md:grid md:grid-cols-12 md:items-stretch xl:px-0\" data-content-block=\"container\">\n<div class=\"relative flex flex-col gap-5 w-full md:col-span-12 md:col-start-1  sm:items-start sm:text-left  order-first md:order-none\" data-content-block=\"column\">\n<div class=\"prose text-pretty max-w-full text-left text-black prose-p:text-black prose-headings:mt-6 prose-headings:mb-3 md:prose-headings:text-lg   prose-a:text-current prose-a:transition prose-a:ease-linear prose-a:duration-300\" data-content-block=\"text\">\n<p><strong>Important\u00a0<\/strong>:\u00a0 Luminat ne convient pas comme colorant alimentaire !<\/p>\n<\/div>\n<\/div>\n<\/div>\n<\/div>\n<\/section>\n<section class=\"max-w-[1088px] mx-auto w-full px-5 my-10 md:my-12 lg:my-16 xl:my-20 xl:px-0\" data-block=\"link-list\">\n<div class=\"max-w-[1088px] mx-auto\">\n<div class=\"md:text-center\">\n<h3 class=\"text-black font-bold text-lg md:text-xl lg:text-2xl\"><strong>Adapt\u00e9 aux applications suivantes<\/strong><\/h3>\n<\/div>\n<div class=\"mt-6 max-w-4xl mx-auto\">\n<div class=\"flex flex-wrap md:ml-20\">\n<div class=\"w-full md:w-1\/2 auto-bullets md:pr-16\">\n<ul>\n<li class=\"flex items-center gap-5 text-sm text-black mt-3 md:text-base  lg:text-lg\">\n<div>Automobile<\/div>\n<\/li>\n<li class=\"flex items-center gap-5 text-sm text-black mt-3 md:text-base md:mt-4 lg:text-lg\">\n<div>Industrie, usines et production<\/div>\n<\/li>\n<\/ul>\n<\/div>\n<div class=\"w-full md:w-1\/2 auto-bullets \">\n<ul>\n<li class=\"flex items-center gap-5 text-sm text-black mt-3 md:text-base  lg:text-lg\">\n<div>Traitement des d\u00e9g\u00e2ts des eaux<\/div>\n<\/li>\n<li class=\"flex items-center gap-5 text-sm text-black mt-3 md:text-base md:mt-4 lg:text-lg\">\n<div>Usine de traitement de l&rsquo;eau<\/div>\n<\/li>\n<\/ul>\n<\/div>\n<\/div>\n<\/div>\n<\/div>\n<\/section>\n<\/div>\n<\/section>\n","protected":false},"excerpt":{"rendered":"<p>Trotec Luminat est une dispersion aqueuse qui peut \u00eatre dilu\u00e9e dans l&rsquo;eau, mais qui ne se m\u00e9tabolise pas et ne laisse pratiquement aucune trace reconnaissable dans la plage de longueurs d&rsquo;onde visibles.<\/p>\n<p>Ce n&rsquo;est qu&rsquo;en cas d&rsquo;exposition aux UV dans la plage de longueurs d&rsquo;onde optimale que les pigments fluorescents sans formald\u00e9hyde de ce traceur sont excit\u00e9s pour atteindre une fluorescence maximale et devenir intens\u00e9ment lumineux.<\/p>\n<p>Afin que les utilisateurs puissent disposer du colorant fluorescent UV optimal avec la luminosit\u00e9 la plus appropri\u00e9e pour chaque t\u00e2che, Trotec Luminat est d\u00e9sormais disponible en quatre couleurs lumineuses, en plus de la version Luminat Green, \u00e9galement en tant que Luminat Red, Luminat Blue et Luminat Purple.<\/p>\n<p>Luminat convient particuli\u00e8rement bien aux contr\u00f4les d&rsquo;\u00e9tanch\u00e9it\u00e9 sur les niveaux d&rsquo;eau des toits plats ou au contr\u00f4le des bouches d&rsquo;\u00e9gout et des tuyaux de descente. \u00c0 ses points de sortie, la substance fluorescente peut \u00eatre d\u00e9tect\u00e9e et rendue visible sous lumi\u00e8re UV.<\/p>\n<p>D&rsquo;autres possibilit\u00e9s d&rsquo;utilisation du Luminat Trotec se trouvent dans le contr\u00f4le non destructif des mat\u00e9riaux (CND) ainsi que dans le domaine de la localisation des fuites, lorsque la capillarit\u00e9 est secondaire et qu&rsquo;aucune trace visible du traceur UV ne doit subsister.<\/p>\n","protected":false},"featured_media":45537,"template":"","meta":[],"product_brand":[],"product_cat":[1165,2030,458,421,433,435,441,443],"product_tag":[],"class_list":{"0":"post-45536","1":"product","2":"type-product","3":"status-publish","4":"has-post-thumbnail","6":"product_cat-technologie-de-mesure","7":"product_cat-technologies-de-mesure","8":"product_cat-outils-de-mesure","9":"product_cat-mesure-outils-instruments-appareils","10":"product_cat-detection-des-fuites","11":"product_cat-localisation-et-detection","12":"product_cat-rayonnement-uv-a","13":"product_cat-inspection-visuelle","15":"first","16":"instock","17":"shipping-taxable","18":"purchasable","19":"product-type-simple"},"_links":{"self":[{"href":"https:\/\/airsystems.ge\/shop\/fr\/wp-json\/wp\/v2\/product\/45536","targetHints":{"allow":["GET"]}}],"collection":[{"href":"https:\/\/airsystems.ge\/shop\/fr\/wp-json\/wp\/v2\/product"}],"about":[{"href":"https:\/\/airsystems.ge\/shop\/fr\/wp-json\/wp\/v2\/types\/product"}],"wp:featuredmedia":[{"embeddable":true,"href":"https:\/\/airsystems.ge\/shop\/fr\/wp-json\/wp\/v2\/media\/45537"}],"wp:attachment":[{"href":"https:\/\/airsystems.ge\/shop\/fr\/wp-json\/wp\/v2\/media?parent=45536"}],"wp:term":[{"taxonomy":"product_brand","embeddable":true,"href":"https:\/\/airsystems.ge\/shop\/fr\/wp-json\/wp\/v2\/product_brand?post=45536"},{"taxonomy":"product_cat","embeddable":true,"href":"https:\/\/airsystems.ge\/shop\/fr\/wp-json\/wp\/v2\/product_cat?post=45536"},{"taxonomy":"product_tag","embeddable":true,"href":"https:\/\/airsystems.ge\/shop\/fr\/wp-json\/wp\/v2\/product_tag?post=45536"}],"curies":[{"name":"wp","href":"https:\/\/api.w.org\/{rel}","templated":true}]}}