{"id":45089,"date":"2026-04-13T22:01:02","date_gmt":"2026-04-13T18:01:02","guid":{"rendered":"https:\/\/airsystems.ge\/shop\/product\/trotec-t220-stand-alone-climate-meter-intelligent-climate-measurement\/"},"modified":"2026-04-13T22:06:18","modified_gmt":"2026-04-13T18:06:18","slug":"trotec-t220-stand-alone-climate-meter-intelligent-climate-measurement","status":"publish","type":"product","link":"https:\/\/airsystems.ge\/shop\/fr\/produit\/trotec-t220-stand-alone-climate-meter-intelligent-climate-measurement\/","title":{"rendered":"Trotec T220 &#8211; thermo-hygrom\u00e8tre autonome Mesure intelligente du climat"},"content":{"rendered":"<section class=\"max-w-[1088px] mx-auto w-full px-5 my-10 md:my-12 lg:my-16 xl:my-20 xl:px-0\" data-block=\"bullet-list\">\n<div class=\"md:text-center\">\n<section class=\"max-w-[1088px] mx-auto w-full px-5 my-10 md:my-12 lg:my-16 xl:my-20 xl:px-0\" data-block=\"bullet-list\">\n<div class=\"md:text-center\">\n<h3 class=\"text-black font-bold text-lg md:text-xl lg:text-2xl\"><strong>Caract\u00e9ristiques clefs<\/strong><\/h3>\n<\/div>\n<div class=\"mt-6 md:mt-10\">\n<div class=\"flex flex-wrap\">\n<div class=\"w-full md:w-1\/2 auto-bullets md:pr-16\">\n<ul>\n<li class=\"text-sm md:text-base text-black mt-3  flex items-start\">\n<div class=\"pl-5\">Id\u00e9al pour le diagnostic des b\u00e2timents \u2013 construction et assainissement<\/div>\n<\/li>\n<li class=\"text-sm md:text-base text-black mt-3 md:mt-4 flex items-start\">\n<div class=\"pl-5\">Mesures de la temp\u00e9rature de l&rsquo;air<\/div>\n<\/li>\n<li class=\"text-sm md:text-base text-black mt-3 md:mt-4 flex items-start\">\n<div class=\"pl-5\">Mesures de l&rsquo;humidit\u00e9 relative<\/div>\n<\/li>\n<\/ul>\n<\/div>\n<div class=\"w-full md:w-1\/2 auto-bullets \">\n<ul>\n<li class=\"text-sm md:text-base text-black mt-3  flex items-start\">\n<div class=\"pl-5\">Mesures du point de ros\u00e9e (100 %) \/ point de ros\u00e9e critique (70 %, 75 %, 80 %)<\/div>\n<\/li>\n<li class=\"text-sm md:text-base text-black mt-3 md:mt-4 flex items-start\">\n<div class=\"pl-5\">Mesures de l&rsquo;humidit\u00e9 absolue (g\/m\u00b3)<\/div>\n<\/li>\n<li class=\"text-sm md:text-base text-black mt-3 md:mt-4 flex items-start\">\n<div class=\"pl-5\">Mesures de l&rsquo;humidit\u00e9 sp\u00e9cifique (g\/kg)<\/div>\n<\/li>\n<\/ul>\n<\/div>\n<\/div>\n<\/div>\n<\/section>\n<section class=\"max-w-[1088px] mx-auto w-full px-5 my-10 md:my-12 lg:my-16 xl:my-20 xl:px-0\" data-block=\"bullet-list\">\n<div class=\"md:text-center\">\n<h3 class=\"text-black font-bold text-lg md:text-xl lg:text-2xl\"><strong>Fonctions<\/strong><\/h3>\n<\/div>\n<div class=\"mt-6 md:mt-10\">\n<div class=\"flex flex-wrap\">\n<div class=\"w-full md:w-1\/2 auto-bullets md:pr-16\">\n<ul>\n<li class=\"text-sm md:text-base text-black mt-3  flex items-start\">\n<div class=\"pl-5\">Enregistreur de donn\u00e9es<\/div>\n<\/li>\n<li class=\"text-sm md:text-base text-black mt-3 md:mt-4 flex items-start\">\n<div class=\"pl-5\">Alarme<\/div>\n<\/li>\n<li class=\"text-sm md:text-base text-black mt-3 md:mt-4 flex items-start\">\n<div class=\"pl-5\">Archivage des donn\u00e9es et affichage des archives<\/div>\n<\/li>\n<li class=\"text-sm md:text-base text-black mt-3 md:mt-4 flex items-start\">\n<div class=\"pl-5\">Correction du d\u00e9calage du capteur<\/div>\n<\/li>\n<li class=\"text-sm md:text-base text-black mt-3 md:mt-4 flex items-start\">\n<div class=\"pl-5\">S\u00e9lection multilingue et du syst\u00e8me d&rsquo;unit\u00e9s (m\u00e9trique\/imp\u00e9rial)<\/div>\n<\/li>\n<li class=\"text-sm md:text-base text-black mt-3 md:mt-4 flex items-start\">\n<div class=\"pl-5\">Horloge en temps r\u00e9el avec date<\/div>\n<\/li>\n<li class=\"text-sm md:text-base text-black mt-3 md:mt-4 flex items-start\">\n<div class=\"pl-5\">\u00c9cran r\u00e9tro\u00e9clair\u00e9 avec r\u00e9glage de la luminosit\u00e9<\/div>\n<\/li>\n<\/ul>\n<\/div>\n<div class=\"w-full md:w-1\/2 auto-bullets \">\n<ul>\n<li class=\"text-sm md:text-base text-black mt-3  flex items-start\">\n<div class=\"pl-5\">Valeur minimale, valeur maximale et fonction de maintien<\/div>\n<\/li>\n<li class=\"text-sm md:text-base text-black mt-3 md:mt-4 flex items-start\">\n<div class=\"pl-5\">Fonction de zoom et de capture d&rsquo;\u00e9cran pour la documentation photographique<\/div>\n<\/li>\n<li class=\"text-sm md:text-base text-black mt-3 md:mt-4 flex items-start\">\n<div class=\"pl-5\">Fonction automatique et test des piles<\/div>\n<\/li>\n<li class=\"text-sm md:text-base text-black mt-3 md:mt-4 flex items-start\">\n<div class=\"pl-5\">Visualisation du graphique XY<\/div>\n<\/li>\n<li class=\"text-sm md:text-base text-black mt-3 md:mt-4 flex items-start\">\n<div class=\"pl-5\">Visualisation sous forme de tableau des valeurs sauvegard\u00e9es<\/div>\n<\/li>\n<li class=\"text-sm md:text-base text-black mt-3 md:mt-4 flex items-start\">\n<div class=\"pl-5\">Arr\u00eat automatique<\/div>\n<\/li>\n<\/ul>\n<\/div>\n<\/div>\n<\/div>\n<\/section>\n<section class=\"max-w-[1088px] mx-auto w-full px-5 my-10 md:my-12 lg:my-16 xl:my-20 xl:px-0\" data-block=\"product-specifications\">\n<div class=\"md:text-center\">\n<h3 class=\"text-black font-bold text-lg md:text-xl lg:text-2xl\"><strong>Caract\u00e9ristiques du produit<\/strong><\/h3>\n<\/div>\n<div class=\" md:mt-10\">\n<div class=\"\">\n<div class=\"lg:mt-0 \">\n<div id=\"spec-t220\" class=\"prose max-w-full  md:overflow-auto\" data-spec-content=\"\">\n<div class=\"spreadsheet-container hidden md:block\">\n<table class=\"w-full table-fixed mb-0\">\n<thead>\n<tr>\n<th class=\"font-bold text-base\"><span class=\"block px-4\">Caract\u00e9ristiques<\/span><\/th>\n<th class=\"font-bold text-base text-center\"><span class=\"block px-10 md:px-20\">Unit\u00e9s<\/span><\/th>\n<th class=\"font-bold text-base text-center will-change\"><span class=\"block px-4\">T220<\/span><\/th>\n<\/tr>\n<\/thead>\n<tbody>\n<tr class=\"bg-grey-200\/50 p-2\">\n<td colspan=\"3\"><span class=\"block px-4\">Temp\u00e9rature<\/span><\/td>\n<\/tr>\n<tr class=\" p-2\">\n<td colspan=\"1\"><span class=\"block px-4\">Plage de mesure<\/span><\/td>\n<td class=\"text-center\">\n<div class=\"px-10 md:px-20 flex items-center justify-center\">\u00b0C<\/div>\n<\/td>\n<td class=\"text-center will-change\">\n<div class=\"px-10 md:px-20 flex items-center justify-center\">-40.0 &#8230; +125.0<\/div>\n<\/td>\n<\/tr>\n<tr class=\"bg-grey-200\/50 p-2\">\n<td colspan=\"1\"><span class=\"block px-4\">R\u00e9solution<\/span><\/td>\n<td class=\"text-center\">\n<div class=\"px-10 md:px-20 flex items-center justify-center\">\u00b0C<\/div>\n<\/td>\n<td class=\"text-center will-change\">\n<div class=\"px-10 md:px-20 flex items-center justify-center\">0.01<\/div>\n<\/td>\n<\/tr>\n<tr class=\" p-2\">\n<td colspan=\"1\"><span class=\"block px-4\">D\u00e9rive \u00e0 long terme<\/span><\/td>\n<td class=\"text-center\">\n<div class=\"px-10 md:px-20 flex items-center justify-center\">\u00b0C\/y<\/div>\n<\/td>\n<td class=\"text-center will-change\">\n<div class=\"px-10 md:px-20 flex items-center justify-center\">&lt;0.03<\/div>\n<\/td>\n<\/tr>\n<tr class=\"bg-grey-200\/50 p-2\">\n<td colspan=\"1\"><span class=\"block px-4\">Pr\u00e9cision<\/span><\/td>\n<td class=\"text-center\">\n<div class=\"px-10 md:px-20 flex items-center justify-center\">\u00b0C<\/div>\n<\/td>\n<td class=\"text-center will-change\">\n<div class=\"px-10 md:px-20 flex items-center justify-center\">\u00b10,2 \u00b0C de -40 \u00b0C \u00e0 -20 \u00b0C \u00b10.1 \u00b0C de 0 \u00b0C \u00e0 60 \u00b0C \u00b10,2 \u00b0C de 60 \u00b0C \u00e0 125 \u00b0C<\/div>\n<\/td>\n<\/tr>\n<tr class=\" p-2\">\n<td colspan=\"3\"><span class=\"block px-4\">Humidit\u00e9 relative, humidit\u00e9 absolue, rapport de m\u00e9lange, point de ros\u00e9e<\/span><\/td>\n<\/tr>\n<tr class=\"bg-grey-200\/50 p-2\">\n<td colspan=\"1\"><span class=\"block px-4\">Plage de mesure de l&rsquo;humidit\u00e9 relative<\/span><\/td>\n<td class=\"text-center\">\n<div class=\"px-10 md:px-20 flex items-center justify-center\">RH<\/div>\n<\/td>\n<td class=\"text-center will-change\">\n<div class=\"px-10 md:px-20 flex items-center justify-center\">0.0 &#8230; 100.0%<\/div>\n<\/td>\n<\/tr>\n<tr class=\" p-2\">\n<td colspan=\"1\"><span class=\"block px-4\">R\u00e9solution humidit\u00e9 relative<\/span><\/td>\n<td class=\"text-center\">\n<div class=\"px-10 md:px-20 flex items-center justify-center\">RH<\/div>\n<\/td>\n<td class=\"text-center will-change\">\n<div class=\"px-10 md:px-20 flex items-center justify-center\">0.01%<\/div>\n<\/td>\n<\/tr>\n<tr class=\"bg-grey-200\/50 p-2\">\n<td colspan=\"1\"><span class=\"block px-4\">Pr\u00e9cision humidit\u00e9 relative (@25 \u00b0C)<\/span><\/td>\n<td class=\"text-center\">\n<div class=\"px-10 md:px-20 flex items-center justify-center\">RH<\/div>\n<\/td>\n<td class=\"text-center will-change\">\n<div class=\"px-10 md:px-20 flex items-center justify-center\">\u00b1 1,5 % \u00e0 0&#8230;20 % et 70&#8230;100 % RH ; \u00b1 1 % \u00e0 20&#8230;.70 % RH<\/div>\n<\/td>\n<\/tr>\n<tr class=\" p-2\">\n<td colspan=\"3\"><span class=\"block px-4\">Sp\u00e9cifications g\u00e9n\u00e9rales<\/span><\/td>\n<\/tr>\n<tr class=\"bg-grey-200\/50 p-2\">\n<td colspan=\"1\"><span class=\"block px-4\">Communication<\/span><\/td>\n<td class=\"text-center\">\n<div class=\"px-10 md:px-20 flex items-center justify-center\">&#8211;<\/div>\n<\/td>\n<td class=\"text-center will-change\">\n<div class=\"px-10 md:px-20 flex items-center justify-center\">Bluetooth<\/div>\n<\/td>\n<\/tr>\n<tr class=\" p-2\">\n<td colspan=\"1\"><span class=\"block px-4\">M\u00e9moire<\/span><\/td>\n<td class=\"text-center\">\n<div class=\"px-10 md:px-20 flex items-center justify-center\">&#8211;<\/div>\n<\/td>\n<td class=\"text-center will-change\">\n<div class=\"px-10 md:px-20 flex items-center justify-center\">Flash interne et carte microSD<\/div>\n<\/td>\n<\/tr>\n<tr class=\"bg-grey-200\/50 p-2\">\n<td colspan=\"1\"><span class=\"block px-4\">Fonctionnement<\/span><\/td>\n<td class=\"text-center\">\n<div class=\"px-10 md:px-20 flex items-center justify-center\">&#8211;<\/div>\n<\/td>\n<td class=\"text-center will-change\">\n<div class=\"px-10 md:px-20 flex items-center justify-center\">\u00c9cran tactile et touches tactiles<\/div>\n<\/td>\n<\/tr>\n<tr class=\" p-2\">\n<td colspan=\"1\"><span class=\"block px-4\">\u00c9cran\/verre avant<\/span><\/td>\n<td class=\"text-center\">\n<div class=\"px-10 md:px-20 flex items-center justify-center\">&#8211;<\/div>\n<\/td>\n<td class=\"text-center will-change\">\n<div class=\"px-10 md:px-20 flex items-center justify-center\">2.TFT couleur de 7 pouces, 240 x 320 pixels Verre panda 7H de 1,1 mm hautement r\u00e9sistant aux rayures et aux chocs<\/div>\n<\/td>\n<\/tr>\n<tr class=\"bg-grey-200\/50 p-2\">\n<td colspan=\"1\"><span class=\"block px-4\">Alimentation<\/span><\/td>\n<td class=\"text-center\">\n<div class=\"px-10 md:px-20 flex items-center justify-center\">&#8211;<\/div>\n<\/td>\n<td class=\"text-center will-change\">\n<div class=\"px-10 md:px-20 flex items-center justify-center\">4 x piles alcalines LR6 AA, 1,5 V Alimentation optionnelle 5 V USB<\/div>\n<\/td>\n<\/tr>\n<tr class=\" p-2\">\n<td colspan=\"1\"><span class=\"block px-4\">Dimensions du produit (h x l x p)<\/span><\/td>\n<td class=\"text-center\">\n<div class=\"px-10 md:px-20 flex items-center justify-center\">mm<\/div>\n<\/td>\n<td class=\"text-center will-change\">\n<div class=\"px-10 md:px-20 flex items-center justify-center\">205 x 64 x 35<\/div>\n<\/td>\n<\/tr>\n<tr class=\"bg-grey-200\/50 p-2\">\n<td colspan=\"1\"><span class=\"block px-4\">Poids<\/span><\/td>\n<td class=\"text-center\">\n<div class=\"px-10 md:px-20 flex items-center justify-center\">g<\/div>\n<\/td>\n<td class=\"text-center will-change\">\n<div class=\"px-10 md:px-20 flex items-center justify-center\">320<\/div>\n<\/td>\n<\/tr>\n<\/tbody>\n<\/table>\n<\/div>\n<\/div>\n<\/div>\n<\/div>\n<\/div>\n<\/section>\n<section class=\"max-w-[1088px] mx-auto w-full px-5 my-10 md:my-12 lg:my-16 xl:my-20 xl:px-0\" data-block=\"related-downloads\">\n<div class=\"md:text-center\">\n<h3 class=\"text-black font-bold text-lg md:text-xl lg:text-2xl\"><strong>T\u00e9l\u00e9chargements utiles<\/strong><\/h3>\n<\/div>\n<\/section>\n<\/div>\n<\/section>\n<section class=\"max-w-[1088px] mx-auto w-full px-5 my-10 md:my-12 lg:my-16 xl:my-20 xl:px-0\" data-block=\"related-downloads\">\n<div class=\"mt-6 md:mt-10\">\n<div class=\"flex flex-col md:flex-row md:flex-wrap md:justify-center\">\n<div class=\"mb-4 md:mb-8 w-full md:w-1\/2 md:px-4\">\n<div class=\"p-4 md:p-5 h-full flex md:items-center border border-grey-300\">\n<div class=\"mt-1.5 md:mt-0 w-6 md:w-10\"><a href=\"https:\/\/www.danthermgroup.com\/downloads\/trotec-t4000-series-product-guide\" target=\"_blank\" rel=\"nofollow noindex noopener\"><img decoding=\"async\" class=\"lazyload h-8 md:h-14 w-auto object-contain\" src=\"https:\/\/danthermgroup-website.s3.eu-central-1.amazonaws.com\/media\/icons\/download-guide.svg\" alt=\"Download guide\" height=\"56\" \/><\/a><\/div>\n<div class=\"flex-1 pl-4 md:px-8\">\n<h2 class=\"font-bold text-sm md:text-lg\"><a class=\"underline underline-offset-2 decoration-transparent transition duration-300 ease-linear hover:decoration-black\" href=\"https:\/\/www.danthermgroup.com\/downloads\/trotec-t4000-series-product-guide\" target=\"_blank\" rel=\"nofollow noindex noopener\">Trotec T4000 series &#8211; product guide<\/a><\/h2>\n<div class=\"prose text-grey-500 text-sm\">Guides<\/div>\n<\/div>\n<\/div>\n<\/div>\n<\/div>\n<\/div>\n<\/section>\n","protected":false},"excerpt":{"rendered":"<p>Compteur climatique. Capteur professionnel avec de nombreuses fonctions de mesure. Le thermo-hygrom\u00e8tre id\u00e9al pour les professionnels et les particuliers.<\/p>\n","protected":false},"featured_media":45090,"template":"","meta":[],"product_brand":[],"product_cat":[1165,2030,458,421,424],"product_tag":[],"class_list":{"0":"post-45089","1":"product","2":"type-product","3":"status-publish","4":"has-post-thumbnail","6":"product_cat-technologie-de-mesure","7":"product_cat-technologies-de-mesure","8":"product_cat-outils-de-mesure","9":"product_cat-mesure-outils-instruments-appareils","10":"product_cat-thermometre-mesure-climat-hygrometre-fr","12":"first","13":"instock","14":"shipping-taxable","15":"product-type-simple"},"_links":{"self":[{"href":"https:\/\/airsystems.ge\/shop\/fr\/wp-json\/wp\/v2\/product\/45089","targetHints":{"allow":["GET"]}}],"collection":[{"href":"https:\/\/airsystems.ge\/shop\/fr\/wp-json\/wp\/v2\/product"}],"about":[{"href":"https:\/\/airsystems.ge\/shop\/fr\/wp-json\/wp\/v2\/types\/product"}],"wp:featuredmedia":[{"embeddable":true,"href":"https:\/\/airsystems.ge\/shop\/fr\/wp-json\/wp\/v2\/media\/45090"}],"wp:attachment":[{"href":"https:\/\/airsystems.ge\/shop\/fr\/wp-json\/wp\/v2\/media?parent=45089"}],"wp:term":[{"taxonomy":"product_brand","embeddable":true,"href":"https:\/\/airsystems.ge\/shop\/fr\/wp-json\/wp\/v2\/product_brand?post=45089"},{"taxonomy":"product_cat","embeddable":true,"href":"https:\/\/airsystems.ge\/shop\/fr\/wp-json\/wp\/v2\/product_cat?post=45089"},{"taxonomy":"product_tag","embeddable":true,"href":"https:\/\/airsystems.ge\/shop\/fr\/wp-json\/wp\/v2\/product_tag?post=45089"}],"curies":[{"name":"wp","href":"https:\/\/api.w.org\/{rel}","templated":true}]}}