{"id":44921,"date":"2026-04-13T19:22:58","date_gmt":"2026-04-13T15:22:58","guid":{"rendered":"https:\/\/airsystems.ge\/shop\/product\/trotec-ta300-anemometers-professional-anemometers-ta-300-with-calibration-certificate\/"},"modified":"2026-04-13T20:15:47","modified_gmt":"2026-04-13T16:15:47","slug":"trotec-ta300-anemometers-professional-anemometers-ta-300-with-calibration-certificate","status":"publish","type":"product","link":"https:\/\/airsystems.ge\/shop\/fr\/produit\/trotec-ta300-anemometers-professional-anemometers-ta-300-with-calibration-certificate\/","title":{"rendered":"Trotec TA300 \u2013 an\u00e9mom\u00e8tre An\u00e9mom\u00e8tre professionnel avec certificat d&rsquo;\u00e9talonnage"},"content":{"rendered":"<section class=\"max-w-[1088px] mx-auto w-full px-5 my-10 md:my-12 lg:my-16 xl:my-20 xl:px-0\" data-block=\"bullet-list\">\n<div class=\"md:text-center\">\n<section class=\"max-w-[1088px] mx-auto w-full px-5 my-10 md:my-12 lg:my-16 xl:my-20 xl:px-0\" data-block=\"bullet-list\">\n<div class=\"md:text-center\">\n<h3 class=\"text-black font-bold text-lg md:text-xl lg:text-2xl\"><strong>Caract\u00e9ristiques clefs<\/strong><\/h3>\n<\/div>\n<div class=\"mt-6 md:mt-10\">\n<div class=\"flex flex-wrap\">\n<div class=\"w-full md:w-1\/2 auto-bullets md:pr-16\">\n<ul>\n<li class=\"text-sm md:text-base text-black mt-3  flex items-start\">\n<div class=\"pl-5\">An\u00e9mom\u00e8tre professionnel pour les mesures de d\u00e9bit, de pression diff\u00e9rentielle et de d\u00e9bit volum\u00e9trique<\/div>\n<\/li>\n<li class=\"text-sm md:text-base text-black mt-3 md:mt-4 flex items-start\">\n<div class=\"pl-5\">Convient pour les vitesses d&rsquo;\u00e9coulement \u00e9lev\u00e9es (jusqu&rsquo;\u00e0 80 m\/s)<\/div>\n<\/li>\n<li class=\"text-sm md:text-base text-black mt-3 md:mt-4 flex items-start\">\n<div class=\"pl-5\">Grand, LCD facile \u00e0 lire avec r\u00e9tro\u00e9clairage et double affichage des valeurs mesur\u00e9es<\/div>\n<\/li>\n<li class=\"text-sm md:text-base text-black mt-3 md:mt-4 flex items-start\">\n<div class=\"pl-5\">Fonctions de mesure multiples<\/div>\n<\/li>\n<\/ul>\n<\/div>\n<div class=\"w-full md:w-1\/2 auto-bullets \">\n<ul>\n<li class=\"text-sm md:text-base text-black mt-3  flex items-start\">\n<div class=\"pl-5\">Interface USB et logiciel pour Enregistrement des s\u00e9ries de mesures en temps r\u00e9el<\/div>\n<\/li>\n<li class=\"text-sm md:text-base text-black mt-3 md:mt-4 flex items-start\">\n<div class=\"pl-5\">Connexion pour tr\u00e9pied de \u00bc de pouce<\/div>\n<\/li>\n<li class=\"text-sm md:text-base text-black mt-3 md:mt-4 flex items-start\">\n<div class=\"pl-5\">Fonction Live-Log avec PC connect\u00e9<\/div>\n<\/li>\n<\/ul>\n<\/div>\n<\/div>\n<\/div>\n<\/section>\n<section class=\"max-w-[1088px] mx-auto w-full my-10 md:my-12 lg:my-16 xl:my-20\" data-block=\"content-block\">\n<div class=\"max-w-[1088px] mx-auto\">\n<div class=\"flex flex-col items-center gap-6 px-5 w-full md:grid md:grid-cols-12 md:items-stretch xl:px-0\" data-content-block=\"container\">\n<div class=\"relative flex flex-col gap-5 w-full md:col-span-12 md:col-start-1  sm:items-start sm:text-left  order-first md:order-none\" data-content-block=\"column\">\n<div class=\"prose text-pretty max-w-full text-left text-black prose-p:text-black prose-headings:mt-6 prose-headings:mb-3 md:prose-headings:text-lg   prose-a:text-current prose-a:transition prose-a:ease-linear prose-a:duration-300\" data-content-block=\"text\">\n<p>La combinaison d&rsquo;un capteur \u00e0 fil chaud robuste et d&rsquo;une sonde t\u00e9lescopique extensible en continu fait du TA300 l&rsquo;appareil de mesure de flux id\u00e9al, m\u00eame dans les endroits \u00e9loign\u00e9s ou les sorties d&rsquo;air difficiles \u00e0 atteindre.<\/p>\n<p>Le TA300 convainc par sa haute r\u00e9solution spatiale et temporelle et convient particuli\u00e8rement \u00e0 la d\u00e9termination pr\u00e9cise de vitesses de flux m\u00eame faibles dans tous les domaines de la climatisation et de la ventilation.<\/p>\n<\/div>\n<\/div>\n<\/div>\n<\/div>\n<\/section>\n<section class=\"max-w-[1088px] mx-auto w-full px-5 my-10 md:my-12 lg:my-16 xl:my-20 xl:px-0\" data-block=\"product-specifications\">\n<div class=\"md:text-center\">\n<h3 class=\"text-black font-bold text-lg md:text-xl lg:text-2xl\"><strong>Caract\u00e9ristiques du produit<\/strong><\/h3>\n<\/div>\n<div class=\" md:mt-10\">\n<div class=\"\">\n<div class=\"lg:mt-0 \">\n<div id=\"spec-ta300\" class=\"prose max-w-full  md:overflow-auto\" data-spec-content=\"\">\n<div class=\"spreadsheet-container hidden md:block\">\n<table class=\"w-full table-fixed mb-0\">\n<thead>\n<tr>\n<th class=\"font-bold text-base\"><span class=\"block px-4\">Caract\u00e9ristiques<\/span><\/th>\n<th class=\"font-bold text-base text-center\"><span class=\"block px-10 md:px-20\">Unit\u00e9s<\/span><\/th>\n<th class=\"font-bold text-base text-center will-change\"><span class=\"block px-4\">TA300<\/span><\/th>\n<\/tr>\n<\/thead>\n<tbody>\n<tr class=\"bg-grey-200\/50 p-2\">\n<td colspan=\"1\"><span class=\"block px-4\">Sonde<\/span><\/td>\n<td class=\"text-center\">\n<div class=\"px-10 md:px-20 flex items-center justify-center\">Type<\/div>\n<\/td>\n<td class=\"text-center will-change\">\n<div class=\"px-10 md:px-20 flex items-center justify-center\">Sonde \u00e0 fil chaud<\/div>\n<\/td>\n<\/tr>\n<tr class=\" p-2\">\n<td colspan=\"1\"><span class=\"block px-4\">Sonde<\/span><\/td>\n<td class=\"text-center\">\n<div class=\"px-10 md:px-20 flex items-center justify-center\">Mod\u00e8le<\/div>\n<\/td>\n<td class=\"text-center will-change\">\n<div class=\"px-10 md:px-20 flex items-center justify-center\">Sonde t\u00e9lescopique, droite<\/div>\n<\/td>\n<\/tr>\n<tr class=\"bg-grey-200\/50 p-2\">\n<td colspan=\"1\"><span class=\"block px-4\">Longueur de la sonde<\/span><\/td>\n<td class=\"text-center\">\n<div class=\"px-10 md:px-20 flex items-center justify-center\">mm<\/div>\n<\/td>\n<td class=\"text-center will-change\">\n<div class=\"px-10 md:px-20 flex items-center justify-center\">185 jusqu&rsquo;\u00e0 1.000<\/div>\n<\/td>\n<\/tr>\n<tr class=\" p-2\">\n<td colspan=\"1\"><span class=\"block px-4\">Pointe\/base de la sonde<\/span><\/td>\n<td class=\"text-center\">\n<div class=\"px-10 md:px-20 flex items-center justify-center\">\u00f8 mm<\/div>\n<\/td>\n<td class=\"text-center will-change\">\n<div class=\"px-10 md:px-20 flex items-center justify-center\">10\/12<\/div>\n<\/td>\n<\/tr>\n<tr class=\"bg-grey-200\/50 p-2\">\n<td colspan=\"1\"><span class=\"block px-4\">Vitesse de l&rsquo;air &#8211; Plage de mesure<\/span><\/td>\n<td class=\"text-center\">\n<div class=\"px-10 md:px-20 flex items-center justify-center\">m\/s<\/div>\n<\/td>\n<td class=\"text-center will-change\">\n<div class=\"px-10 md:px-20 flex items-center justify-center\">0,1-25,0<\/div>\n<\/td>\n<\/tr>\n<tr class=\" p-2\">\n<td colspan=\"1\"><span class=\"block px-4\">Vitesse de l&rsquo;air &#8211; Plage de mesure<\/span><\/td>\n<td class=\"text-center\">\n<div class=\"px-10 md:px-20 flex items-center justify-center\">km\/h<\/div>\n<\/td>\n<td class=\"text-center will-change\">\n<div class=\"px-10 md:px-20 flex items-center justify-center\">0,3-90<\/div>\n<\/td>\n<\/tr>\n<tr class=\"bg-grey-200\/50 p-2\">\n<td colspan=\"1\"><span class=\"block px-4\">Vitesse de l&rsquo;air &#8211; Plage de mesure<\/span><\/td>\n<td class=\"text-center\">\n<div class=\"px-10 md:px-20 flex items-center justify-center\">ft\/min<\/div>\n<\/td>\n<td class=\"text-center will-change\">\n<div class=\"px-10 md:px-20 flex items-center justify-center\">20-4.925<\/div>\n<\/td>\n<\/tr>\n<tr class=\" p-2\">\n<td colspan=\"1\"><span class=\"block px-4\">Vitesse de l&rsquo;air &#8211; Plage de mesure<\/span><\/td>\n<td class=\"text-center\">\n<div class=\"px-10 md:px-20 flex items-center justify-center\">mph<\/div>\n<\/td>\n<td class=\"text-center will-change\">\n<div class=\"px-10 md:px-20 flex items-center justify-center\">0,2-55,8<\/div>\n<\/td>\n<\/tr>\n<tr class=\"bg-grey-200\/50 p-2\">\n<td colspan=\"1\"><span class=\"block px-4\">Vitesse de l&rsquo;air &#8211; Plage de mesure<\/span><\/td>\n<td class=\"text-center\">\n<div class=\"px-10 md:px-20 flex items-center justify-center\">kn<\/div>\n<\/td>\n<td class=\"text-center will-change\">\n<div class=\"px-10 md:px-20 flex items-center justify-center\">0,2-48,5<\/div>\n<\/td>\n<\/tr>\n<tr class=\" p-2\">\n<td colspan=\"1\"><span class=\"block px-4\">Vitesse de l&rsquo;air &#8211; Pr\u00e9cision<\/span><\/td>\n<td class=\"text-center\">\n<div class=\"px-10 md:px-20 flex items-center justify-center\"><\/div>\n<\/td>\n<td class=\"text-center will-change\">\n<div class=\"px-10 md:px-20 flex items-center justify-center\">\u00b1 5 % de la valeur mesur\u00e9e + 1 unit\u00e9 de mesure<\/div>\n<\/td>\n<\/tr>\n<tr class=\"bg-grey-200\/50 p-2\">\n<td colspan=\"1\"><span class=\"block px-4\">Vitesse de l&rsquo;air &#8211; R\u00e9solution<\/span><\/td>\n<td class=\"text-center\">\n<div class=\"px-10 md:px-20 flex items-center justify-center\"><\/div>\n<\/td>\n<td class=\"text-center will-change\">\n<div class=\"px-10 md:px-20 flex items-center justify-center\">0,01 m\/s, 0,1 km\/h, 1 ft\/min, 0,1 mph, 0,1 kn<\/div>\n<\/td>\n<\/tr>\n<tr class=\" p-2\">\n<td colspan=\"1\"><span class=\"block px-4\">D\u00e9bit volum\u00e9trique &#8211; Plage de mesure<\/span><\/td>\n<td class=\"text-center\">\n<div class=\"px-10 md:px-20 flex items-center justify-center\">m\u00b3\/min (CMM)<\/div>\n<\/td>\n<td class=\"text-center will-change\">\n<div class=\"px-10 md:px-20 flex items-center justify-center\">0-99.999<\/div>\n<\/td>\n<\/tr>\n<tr class=\"bg-grey-200\/50 p-2\">\n<td colspan=\"1\"><span class=\"block px-4\">D\u00e9bit volum\u00e9trique &#8211; Plage de mesure<\/span><\/td>\n<td class=\"text-center\">\n<div class=\"px-10 md:px-20 flex items-center justify-center\">ft\u00b3\/min (CFM)<\/div>\n<\/td>\n<td class=\"text-center will-change\">\n<div class=\"px-10 md:px-20 flex items-center justify-center\">0-99.999<\/div>\n<\/td>\n<\/tr>\n<tr class=\" p-2\">\n<td colspan=\"1\"><span class=\"block px-4\">D\u00e9bit volum\u00e9trique &#8211; R\u00e9solution<\/span><\/td>\n<td class=\"text-center\">\n<div class=\"px-10 md:px-20 flex items-center justify-center\"><\/div>\n<\/td>\n<td class=\"text-center will-change\">\n<div class=\"px-10 md:px-20 flex items-center justify-center\">0,001 \u00e0 100<\/div>\n<\/td>\n<\/tr>\n<tr class=\"bg-grey-200\/50 p-2\">\n<td colspan=\"1\"><span class=\"block px-4\">Temp\u00e9rature &#8211; Plage de mesure<\/span><\/td>\n<td class=\"text-center\">\n<div class=\"px-10 md:px-20 flex items-center justify-center\">\u00b0C<\/div>\n<\/td>\n<td class=\"text-center will-change\">\n<div class=\"px-10 md:px-20 flex items-center justify-center\">0 \u00e0 50 (32 \u00e0 122 \u00b0F)<\/div>\n<\/td>\n<\/tr>\n<tr class=\" p-2\">\n<td colspan=\"1\"><span class=\"block px-4\">Temp\u00e9rature &#8211; Pr\u00e9cision<\/span><\/td>\n<td class=\"text-center\">\n<div class=\"px-10 md:px-20 flex items-center justify-center\">\u00b0C<\/div>\n<\/td>\n<td class=\"text-center will-change\">\n<div class=\"px-10 md:px-20 flex items-center justify-center\">\u00b1 1 (\u00b1 1,8 \u00b0F)<\/div>\n<\/td>\n<\/tr>\n<tr class=\"bg-grey-200\/50 p-2\">\n<td colspan=\"1\"><span class=\"block px-4\">Temp\u00e9rature &#8211; R\u00e9solution<\/span><\/td>\n<td class=\"text-center\">\n<div class=\"px-10 md:px-20 flex items-center justify-center\">\u00b0C<\/div>\n<\/td>\n<td class=\"text-center will-change\">\n<div class=\"px-10 md:px-20 flex items-center justify-center\">0,1 (0,1 \u00b0F)<\/div>\n<\/td>\n<\/tr>\n<tr class=\" p-2\">\n<td colspan=\"1\"><span class=\"block px-4\">Conditions de fonctionnement<\/span><\/td>\n<td class=\"text-center\">\n<div class=\"px-10 md:px-20 flex items-center justify-center\">\u00b0C<\/div>\n<\/td>\n<td class=\"text-center will-change\">\n<div class=\"px-10 md:px-20 flex items-center justify-center\">0 \u00e0 +50 \u00b0C, &lt; 80 % d&rsquo;humidit\u00e9 relative (sans condensation)<\/div>\n<\/td>\n<\/tr>\n<tr class=\"bg-grey-200\/50 p-2\">\n<td colspan=\"1\"><span class=\"block px-4\">Alimentation \u00e9lectrique<\/span><\/td>\n<td class=\"text-center\">\n<div class=\"px-10 md:px-20 flex items-center justify-center\"><\/div>\n<\/td>\n<td class=\"text-center will-change\">\n<div class=\"px-10 md:px-20 flex items-center justify-center\">9 V IEC 6LR61<\/div>\n<\/td>\n<\/tr>\n<tr class=\" p-2\">\n<td colspan=\"1\"><span class=\"block px-4\">Dimensions du produit (l x l x h)<\/span><\/td>\n<td class=\"text-center\">\n<div class=\"px-10 md:px-20 flex items-center justify-center\">mm<\/div>\n<\/td>\n<td class=\"text-center will-change\">\n<div class=\"px-10 md:px-20 flex items-center justify-center\">210 x 75 x 50<\/div>\n<\/td>\n<\/tr>\n<tr class=\"bg-grey-200\/50 p-2\">\n<td colspan=\"1\"><span class=\"block px-4\">Poids<\/span><\/td>\n<td class=\"text-center\">\n<div class=\"px-10 md:px-20 flex items-center justify-center\">g<\/div>\n<\/td>\n<td class=\"text-center will-change\">\n<div class=\"px-10 md:px-20 flex items-center justify-center\">450 (pile et sonde incluses)<\/div>\n<\/td>\n<\/tr>\n<\/tbody>\n<\/table>\n<\/div>\n<\/div>\n<\/div>\n<\/div>\n<\/div>\n<\/section>\n<section class=\"max-w-[1088px] mx-auto w-full px-5 my-10 md:my-12 lg:my-16 xl:my-20 xl:px-0\" data-block=\"link-list\">\n<div class=\"max-w-[1088px] mx-auto\">\n<div class=\"md:text-center\">\n<h3 class=\"text-black font-bold text-lg md:text-xl lg:text-2xl\"><strong>Adapt\u00e9 aux applications suivantes<\/strong><\/h3>\n<\/div>\n<div class=\"mt-6 max-w-4xl mx-auto\">\n<div class=\"flex flex-wrap md:ml-20\">\n<div class=\"w-full md:w-1\/2 auto-bullets md:pr-16\">\n<ul>\n<li class=\"flex items-center gap-5 text-sm text-black mt-3 md:text-base  lg:text-lg\">\n<div>B\u00e2timents commerciaux<\/div>\n<\/li>\n<li class=\"flex items-center gap-5 text-sm text-black mt-3 md:text-base md:mt-4 lg:text-lg\">\n<div>Construction<\/div>\n<\/li>\n<li class=\"flex items-center gap-5 text-sm text-black mt-3 md:text-base md:mt-4 lg:text-lg\">\n<div>Centres de donn\u00e9es et t\u00e9l\u00e9communication<\/div>\n<\/li>\n<li class=\"flex items-center gap-5 text-sm text-black mt-3 md:text-base md:mt-4 lg:text-lg\">\n<div>\u00c9nergie et renouvelables<\/div>\n<\/li>\n<\/ul>\n<\/div>\n<div class=\"w-full md:w-1\/2 auto-bullets \">\n<ul>\n<li class=\"flex items-center gap-5 text-sm text-black mt-3 md:text-base  lg:text-lg\">\n<div>Industrie, usines et production<\/div>\n<\/li>\n<li class=\"flex items-center gap-5 text-sm text-black mt-3 md:text-base md:mt-4 lg:text-lg\">\n<div>Entrep\u00f4ts et stockage<\/div>\n<\/li>\n<li class=\"flex items-center gap-5 text-sm text-black mt-3 md:text-base md:mt-4 lg:text-lg\">\n<div>Traitement des d\u00e9g\u00e2ts des eaux<\/div>\n<\/li>\n<\/ul>\n<\/div>\n<\/div>\n<\/div>\n<\/div>\n<\/section>\n<section class=\"max-w-[1088px] mx-auto w-full px-5 my-10 md:my-12 lg:my-16 xl:my-20 xl:px-0\" data-block=\"related-downloads\">\n<div class=\"md:text-center\">\n<h3 class=\"text-black font-bold text-lg md:text-xl lg:text-2xl\"><strong>T\u00e9l\u00e9chargements utiles<\/strong><\/h3>\n<\/div>\n<\/section>\n<\/div>\n<\/section>\n<section class=\"max-w-[1088px] mx-auto w-full px-5 my-10 md:my-12 lg:my-16 xl:my-20 xl:px-0\" data-block=\"related-downloads\">\n<div class=\"mt-6 md:mt-10\">\n<div class=\"flex flex-col md:flex-row md:flex-wrap md:justify-center\">\n<div class=\"mb-4 md:mb-8 w-full md:w-1\/2 md:px-4\">\n<div class=\"p-4 md:p-5 h-full flex md:items-center border border-grey-300\">\n<div class=\"mt-1.5 md:mt-0 w-6 md:w-10\"><a href=\"https:\/\/www.danthermgroup.com\/downloads\/dantherm-group-professional-portable-catalogue\" target=\"_blank\" rel=\"nofollow noindex noopener\"><img decoding=\"async\" class=\"lazyload h-8 md:h-14 w-auto object-contain\" src=\"https:\/\/danthermgroup-website.s3.eu-central-1.amazonaws.com\/media\/icons\/download-catalog.svg\" alt=\"Download catalog\" height=\"56\" \/><\/a><\/div>\n<div class=\"flex-1 pl-4 md:px-8\">\n<h2 class=\"font-bold text-sm md:text-lg\"><a class=\"underline underline-offset-2 decoration-transparent transition duration-300 ease-linear hover:decoration-black\" href=\"https:\/\/www.danthermgroup.com\/downloads\/dantherm-group-professional-portable-catalogue\" target=\"_blank\" rel=\"nofollow noindex noopener\">Dantherm Group Catalogue \u2013 Professional Portable Solutions<\/a><\/h2>\n<div class=\"prose text-grey-500 text-sm\">Catalogs<\/div>\n<\/div>\n<\/div>\n<\/div>\n<\/div>\n<\/div>\n<\/section>\n","protected":false},"excerpt":{"rendered":"<p>Avec les an\u00e9mom\u00e8tres professionnels de Trotec, les installateurs, les techniciens de service et les experts disposent toujours de l&rsquo;appareil de mesure optimal pour les mesures de flux d&rsquo;air ou de gaz.<\/p>\n<p>Un certificat d&rsquo;\u00e9talonnage d\u00e9j\u00e0 inclus dans la livraison standard souligne l&rsquo;orientation professionnelle de ces an\u00e9mom\u00e8tres de pr\u00e9cision.<\/p>\n<p>Les appareils de mesure d\u00e9terminent de la m\u00eame mani\u00e8re le d\u00e9bit, la temp\u00e9rature de l&rsquo;air et le d\u00e9bit volum\u00e9trique, les sections des canaux mesur\u00e9s &#8211; ronds ou carr\u00e9s &#8211; pouvant \u00eatre entr\u00e9es de mani\u00e8re diff\u00e9renci\u00e9e dans l&rsquo;appareil.<\/p>\n","protected":false},"featured_media":44922,"template":"","meta":[],"product_brand":[],"product_cat":[1165,2030,458,421,422],"product_tag":[],"class_list":{"0":"post-44921","1":"product","2":"type-product","3":"status-publish","4":"has-post-thumbnail","6":"product_cat-technologie-de-mesure","7":"product_cat-technologies-de-mesure","8":"product_cat-outils-de-mesure","9":"product_cat-mesure-outils-instruments-appareils","10":"product_cat-flux-dair","12":"first","13":"instock","14":"shipping-taxable","15":"purchasable","16":"product-type-simple"},"_links":{"self":[{"href":"https:\/\/airsystems.ge\/shop\/fr\/wp-json\/wp\/v2\/product\/44921","targetHints":{"allow":["GET"]}}],"collection":[{"href":"https:\/\/airsystems.ge\/shop\/fr\/wp-json\/wp\/v2\/product"}],"about":[{"href":"https:\/\/airsystems.ge\/shop\/fr\/wp-json\/wp\/v2\/types\/product"}],"wp:featuredmedia":[{"embeddable":true,"href":"https:\/\/airsystems.ge\/shop\/fr\/wp-json\/wp\/v2\/media\/44922"}],"wp:attachment":[{"href":"https:\/\/airsystems.ge\/shop\/fr\/wp-json\/wp\/v2\/media?parent=44921"}],"wp:term":[{"taxonomy":"product_brand","embeddable":true,"href":"https:\/\/airsystems.ge\/shop\/fr\/wp-json\/wp\/v2\/product_brand?post=44921"},{"taxonomy":"product_cat","embeddable":true,"href":"https:\/\/airsystems.ge\/shop\/fr\/wp-json\/wp\/v2\/product_cat?post=44921"},{"taxonomy":"product_tag","embeddable":true,"href":"https:\/\/airsystems.ge\/shop\/fr\/wp-json\/wp\/v2\/product_tag?post=44921"}],"curies":[{"name":"wp","href":"https:\/\/api.w.org\/{rel}","templated":true}]}}