{"id":44791,"date":"2026-04-13T18:17:03","date_gmt":"2026-04-13T14:17:03","guid":{"rendered":"https:\/\/airsystems.ge\/shop\/product\/trotec-tp10-pyrometre-precision-pyrometers\/"},"modified":"2026-04-13T18:39:09","modified_gmt":"2026-04-13T14:39:09","slug":"trotec-tp10-pyrometre-precision-pyrometers","status":"publish","type":"product","link":"https:\/\/airsystems.ge\/shop\/fr\/produit\/trotec-tp10-pyrometre-precision-pyrometers\/","title":{"rendered":"Trotec TP10 \u2013 pyrom\u00e8tre Pyrom\u00e8tres pr\u00e9cis -50 \u00b0C to +1850 \u00b0C"},"content":{"rendered":"<section class=\"max-w-[1088px] mx-auto w-full px-5 my-10 md:my-12 lg:my-16 xl:my-20 xl:px-0\" data-block=\"bullet-list\">\n<div class=\"md:text-center\">\n<section class=\"max-w-[1088px] mx-auto w-full px-5 my-10 md:my-12 lg:my-16 xl:my-20 xl:px-0\" data-block=\"bullet-list\">\n<div class=\"md:text-center\">\n<h3 class=\"text-black font-bold text-lg md:text-xl lg:text-2xl\"><strong>Caract\u00e9ristiques clefs<\/strong><\/h3>\n<\/div>\n<div class=\"mt-6 md:mt-10\">\n<div class=\"flex flex-wrap\">\n<div class=\"w-full md:w-1\/2 auto-bullets md:pr-16\">\n<ul>\n<li class=\"text-sm md:text-base text-black mt-3 flex items-start\">\n<div class=\"pl-5\">Thermom\u00e8tre laser infrarouge pr\u00e9cis avec une r\u00e9solution optique de 75:1<\/div>\n<\/li>\n<li class=\"text-sm md:text-base text-black mt-3 md:mt-4 flex items-start\">\n<div class=\"pl-5\">Mesure sans contact de la temp\u00e9rature de surface de -50 \u00b0C \u00e0 +1 850 \u00b0C<\/div>\n<\/li>\n<li class=\"text-sm md:text-base text-black mt-3 md:mt-4 flex items-start\">\n<div class=\"pl-5\">L&rsquo;aide \u00e0 la vis\u00e9e laser multipoint indique le point de mesure et la zone de mesure<\/div>\n<\/li>\n<li class=\"text-sm md:text-base text-black mt-3 md:mt-4 flex items-start\">\n<div class=\"pl-5\">Le r\u00e9glage du rayonnement \u00e9nerg\u00e9tique du mat\u00e9riau optimise la pr\u00e9cision de la mesure<\/div>\n<\/li>\n<li class=\"text-sm md:text-base text-black mt-3 md:mt-4 flex items-start\">\n<div class=\"pl-5\">Les alarmes haute et basse d\u00e9clenchent un changement de couleur de l&rsquo;\u00e9cran et une alarme sonore<\/div>\n<\/li>\n<li class=\"text-sm md:text-base text-black mt-3 md:mt-4 flex items-start\">\n<div class=\"pl-5\">Indicateur graphique \u00e0 barres<\/div>\n<\/li>\n<\/ul>\n<\/div>\n<div class=\"w-full md:w-1\/2 auto-bullets \">\n<ul>\n<li class=\"text-sm md:text-base text-black mt-3 flex items-start\">\n<div class=\"pl-5\">La fonction d&rsquo;enregistrement des donn\u00e9es permet de saisir et de sauvegarder jusqu&rsquo;\u00e0 30 points de mesure.<\/div>\n<\/li>\n<li class=\"text-sm md:text-base text-black mt-3 md:mt-4 flex items-start\">\n<div class=\"pl-5\">Mesure combin\u00e9e de la temp\u00e9rature par infrarouge et par capteur de contact<\/div>\n<\/li>\n<li class=\"text-sm md:text-base text-black mt-3 md:mt-4 flex items-start\">\n<div class=\"pl-5\">Alimentation \u00e9lectrique \u00e0 faible consommation de batterie via la connexion USB \u00e0 l&rsquo;ordinateur pour les mesures \u00e0 long terme<\/div>\n<\/li>\n<li class=\"text-sm md:text-base text-black mt-3 md:mt-4 flex items-start\">\n<div class=\"pl-5\">Enregistrement optionnel de s\u00e9ries de mesures<\/div>\n<\/li>\n<li class=\"text-sm md:text-base text-black mt-3 md:mt-4 flex items-start\">\n<div class=\"pl-5\">Fonction d&rsquo;arr\u00eat automatique<\/div>\n<\/li>\n<\/ul>\n<\/div>\n<\/div>\n<\/div>\n<\/section>\n<section class=\"max-w-[1088px] mx-auto w-full px-5 my-10 md:my-12 lg:my-16 xl:my-20 xl:px-0\" data-block=\"product-specifications\">\n<div class=\"md:text-center\">\n<h3 class=\"text-black font-bold text-lg md:text-xl lg:text-2xl\"><strong>Caract\u00e9ristiques du produit<\/strong><\/h3>\n<\/div>\n<div class=\" md:mt-10\">\n<div class=\"\">\n<div class=\"lg:mt-0 \">\n<div id=\"spec-tp10\" class=\"prose max-w-full md:overflow-auto\" data-spec-content=\"\">\n<div class=\"spreadsheet-container hidden md:block\">\n<table class=\"w-full table-fixed mb-0\">\n<thead>\n<tr>\n<th class=\"font-bold text-base\"><span class=\"block px-4\">Caract\u00e9ristiques<\/span><\/th>\n<th class=\"font-bold text-base text-center\"><span class=\"block px-10 md:px-20\">Unit\u00e9s<\/span><\/th>\n<th class=\"font-bold text-base text-center will-change\"><span class=\"block px-4\">TP10<\/span><\/th>\n<\/tr>\n<\/thead>\n<tbody>\n<tr class=\"bg-grey-200\/50 p-2\">\n<td colspan=\"1\"><span class=\"block px-4\">R\u00e9solution optique<\/span><\/td>\n<td class=\"text-center\">\n<div class=\"px-10 md:px-20 flex items-center justify-center\">D:S<\/div>\n<\/td>\n<td class=\"text-center will-change\">\n<div class=\"px-10 md:px-20 flex items-center justify-center\">75:1<\/div>\n<\/td>\n<\/tr>\n<tr class=\" p-2\">\n<td colspan=\"1\"><span class=\"block px-4\">Plus petit spot de mesure<\/span><\/td>\n<td class=\"text-center\">\n<div class=\"px-10 md:px-20 flex items-center justify-center\">mm<\/div>\n<\/td>\n<td class=\"text-center will-change\">\n<div class=\"px-10 md:px-20 flex items-center justify-center\">18<\/div>\n<\/td>\n<\/tr>\n<tr class=\"bg-grey-200\/50 p-2\">\n<td colspan=\"1\"><span class=\"block px-4\">Plage de mesure<\/span><\/td>\n<td class=\"text-center\">\n<div class=\"px-10 md:px-20 flex items-center justify-center\">\u00b0C<\/div>\n<\/td>\n<td class=\"text-center will-change\">\n<div class=\"px-10 md:px-20 flex items-center justify-center\">-50 to 1.850<\/div>\n<\/td>\n<\/tr>\n<tr class=\" p-2\">\n<td colspan=\"1\"><span class=\"block px-4\">R\u00e9solution<\/span><\/td>\n<td class=\"text-center\">\n<div class=\"px-10 md:px-20 flex items-center justify-center\">\u00b0C<\/div>\n<\/td>\n<td class=\"text-center will-change\">\n<div class=\"px-10 md:px-20 flex items-center justify-center\">0,1 \u22641.000 \u00b0C; 1 &gt;1.000 \u00b0C<\/div>\n<\/td>\n<\/tr>\n<tr class=\"bg-grey-200\/50 p-2\">\n<td colspan=\"1\"><span class=\"block px-4\">Pr\u00e9cision<\/span><\/td>\n<td class=\"text-center\">\n<div class=\"px-10 md:px-20 flex items-center justify-center\">\u00b0C<\/div>\n<\/td>\n<td class=\"text-center will-change\">\n<div class=\"px-10 md:px-20 flex items-center justify-center\">\u00b13\u00b0C at -50 to 20; \u00b11% \u00b11\u00b0C at 20 to 500; \u00b11,5% at 500 to 1.000; \u00b12% at 1.001 to 1.850<\/div>\n<\/td>\n<\/tr>\n<tr class=\" p-2\">\n<td colspan=\"1\"><span class=\"block px-4\">Reproductibilit\u00e9<\/span><\/td>\n<td class=\"text-center\">\n<div class=\"px-10 md:px-20 flex items-center justify-center\">\u00b0C<\/div>\n<\/td>\n<td class=\"text-center will-change\">\n<div class=\"px-10 md:px-20 flex items-center justify-center\">1,5 at -50 to 20; \u00b10,5% or \u00b10,5 at 20 to 1.000; \u00b11% at 1.000 to 1.850<\/div>\n<\/td>\n<\/tr>\n<tr class=\"bg-grey-200\/50 p-2\">\n<td colspan=\"1\"><span class=\"block px-4\">Temps de r\u00e9ponse<\/span><\/td>\n<td class=\"text-center\">\n<div class=\"px-10 md:px-20 flex items-center justify-center\">ms<\/div>\n<\/td>\n<td class=\"text-center will-change\">\n<div class=\"px-10 md:px-20 flex items-center justify-center\">&lt;150<\/div>\n<\/td>\n<\/tr>\n<tr class=\" p-2\">\n<td colspan=\"1\"><span class=\"block px-4\">Sensibilit\u00e9 spectrale<\/span><\/td>\n<td class=\"text-center\">\n<div class=\"px-10 md:px-20 flex items-center justify-center\">\u00b5m<\/div>\n<\/td>\n<td class=\"text-center will-change\">\n<div class=\"px-10 md:px-20 flex items-center justify-center\">8 &#8211; 14<\/div>\n<\/td>\n<\/tr>\n<tr class=\"bg-grey-200\/50 p-2\">\n<td colspan=\"1\"><span class=\"block px-4\">Conditions ambiantes<\/span><\/td>\n<td class=\"text-center\">\n<div class=\"px-10 md:px-20 flex items-center justify-center\">\u00b0C<\/div>\n<\/td>\n<td class=\"text-center will-change\">\n<div class=\"px-10 md:px-20 flex items-center justify-center\">0 to 50, 10% to 90% RH<\/div>\n<\/td>\n<\/tr>\n<tr class=\" p-2\">\n<td colspan=\"1\"><span class=\"block px-4\">Alimentation \u00e9lectrique<\/span><\/td>\n<td class=\"text-center\">\n<div class=\"px-10 md:px-20 flex items-center justify-center\"><\/div>\n<\/td>\n<td class=\"text-center will-change\">\n<div class=\"px-10 md:px-20 flex items-center justify-center\">9V IEC 6LR61 and via USB<\/div>\n<\/td>\n<\/tr>\n<tr class=\"bg-grey-200\/50 p-2\">\n<td colspan=\"1\"><span class=\"block px-4\">Taille du produit (L x l x H)<\/span><\/td>\n<td class=\"text-center\">\n<div class=\"px-10 md:px-20 flex items-center justify-center\">mm<\/div>\n<\/td>\n<td class=\"text-center will-change\">\n<div class=\"px-10 md:px-20 flex items-center justify-center\">168 x 56 x 225<\/div>\n<\/td>\n<\/tr>\n<tr class=\" p-2\">\n<td colspan=\"1\"><span class=\"block px-4\">Poids<\/span><\/td>\n<td class=\"text-center\">\n<div class=\"px-10 md:px-20 flex items-center justify-center\">g<\/div>\n<\/td>\n<td class=\"text-center will-change\">\n<div class=\"px-10 md:px-20 flex items-center justify-center\">300<\/div>\n<\/td>\n<\/tr>\n<\/tbody>\n<\/table>\n<\/div>\n<\/div>\n<\/div>\n<\/div>\n<\/div>\n<\/section>\n<section class=\"max-w-[1088px] mx-auto w-full px-5 my-10 md:my-12 lg:my-16 xl:my-20 xl:px-0\" data-block=\"link-list\">\n<div class=\"max-w-[1088px] mx-auto\">\n<div class=\"md:text-center\">\n<h3 class=\"text-black font-bold text-lg md:text-xl lg:text-2xl\"><strong>Adapt\u00e9 aux applications suivantes<\/strong><\/h3>\n<\/div>\n<div class=\"mt-6 max-w-4xl mx-auto\">\n<div class=\"flex flex-wrap md:ml-20\">\n<div class=\"w-full md:w-1\/2 auto-bullets md:pr-16\">\n<ul>\n<li class=\"flex items-center gap-5 text-sm text-black mt-3 md:text-base lg:text-lg\">\n<div>Agriculture<\/div>\n<\/li>\n<li class=\"flex items-center gap-5 text-sm text-black mt-3 md:text-base md:mt-4 lg:text-lg\">\n<div>Archives et pr\u00e9servation<\/div>\n<\/li>\n<li class=\"flex items-center gap-5 text-sm text-black mt-3 md:text-base md:mt-4 lg:text-lg\">\n<div>Automobile<\/div>\n<\/li>\n<li class=\"flex items-center gap-5 text-sm text-black mt-3 md:text-base md:mt-4 lg:text-lg\">\n<div>B\u00e2timents commerciaux<\/div>\n<\/li>\n<li class=\"flex items-center gap-5 text-sm text-black mt-3 md:text-base md:mt-4 lg:text-lg\">\n<div>Construction<\/div>\n<\/li>\n<li class=\"flex items-center gap-5 text-sm text-black mt-3 md:text-base md:mt-4 lg:text-lg\">\n<div>Centres de donn\u00e9es et t\u00e9l\u00e9communication<\/div>\n<\/li>\n<li class=\"flex items-center gap-5 text-sm text-black mt-3 md:text-base md:mt-4 lg:text-lg\">\n<div>Agroalimentaire<\/div>\n<\/li>\n<\/ul>\n<\/div>\n<div class=\"w-full md:w-1\/2 auto-bullets \">\n<ul>\n<li class=\"flex items-center gap-5 text-sm text-black mt-3 md:text-base lg:text-lg\">\n<div>Sites du patrimoine<\/div>\n<\/li>\n<li class=\"flex items-center gap-5 text-sm text-black mt-3 md:text-base md:mt-4 lg:text-lg\">\n<div>Industrie, usines et production<\/div>\n<\/li>\n<li class=\"flex items-center gap-5 text-sm text-black mt-3 md:text-base md:mt-4 lg:text-lg\">\n<div>Mus\u00e9es et galeries<\/div>\n<\/li>\n<li class=\"flex items-center gap-5 text-sm text-black mt-3 md:text-base md:mt-4 lg:text-lg\">\n<div>Laboratoires<\/div>\n<\/li>\n<li class=\"flex items-center gap-5 text-sm text-black mt-3 md:text-base md:mt-4 lg:text-lg\">\n<div>B\u00e2timents r\u00e9sidentiels<\/div>\n<\/li>\n<li class=\"flex items-center gap-5 text-sm text-black mt-3 md:text-base md:mt-4 lg:text-lg\">\n<div>Traitement des d\u00e9g\u00e2ts des eaux<\/div>\n<\/li>\n<\/ul>\n<\/div>\n<\/div>\n<\/div>\n<\/div>\n<\/section>\n<section class=\"max-w-[1088px] mx-auto w-full px-5 my-10 md:my-12 lg:my-16 xl:my-20 xl:px-0\" data-block=\"related-downloads\">\n<div class=\"md:text-center\">\n<h3 class=\"text-black font-bold text-lg md:text-xl lg:text-2xl\"><strong>T\u00e9l\u00e9chargements utiles<\/strong><\/h3>\n<\/div>\n<\/section>\n<\/div>\n<\/section>\n<section class=\"max-w-[1088px] mx-auto w-full px-5 my-10 md:my-12 lg:my-16 xl:my-20 xl:px-0\" data-block=\"related-downloads\">\n<div class=\"mt-6 md:mt-10\">\n<div class=\"flex flex-col md:flex-row md:flex-wrap md:justify-center\">\n<div class=\"mb-4 md:mb-8 w-full md:w-1\/2 md:px-4\">\n<div class=\"p-4 md:p-5 h-full flex md:items-center border border-grey-300\">\n<div class=\"mt-1.5 md:mt-0 w-6 md:w-10\"><a href=\"https:\/\/www.danthermgroup.com\/downloads\/dantherm-group-professional-portable-catalogue\" target=\"_blank\" rel=\"nofollow noindex noopener\"><img decoding=\"async\" class=\"lazyload h-8 md:h-14 w-auto object-contain\" src=\"https:\/\/danthermgroup-website.s3.eu-central-1.amazonaws.com\/media\/icons\/download-catalog.svg\" alt=\"Download catalog\" height=\"56\" \/><\/a><\/div>\n<div class=\"flex-1 pl-4 md:px-8\">\n<h2 class=\"font-bold text-sm md:text-lg\"><a class=\"underline underline-offset-2 decoration-transparent transition duration-300 ease-linear hover:decoration-black\" href=\"https:\/\/www.danthermgroup.com\/downloads\/dantherm-group-professional-portable-catalogue\" target=\"_blank\" rel=\"nofollow noindex noopener\">Dantherm Group Catalogue \u2013 Professional Portable Solutions<\/a><\/h2>\n<div class=\"prose text-grey-500 text-sm\">Catalogs<\/div>\n<\/div>\n<\/div>\n<\/div>\n<\/div>\n<\/div>\n<\/section>\n","protected":false},"excerpt":{"rendered":"<p>Le Trotec TP10 est un pyrom\u00e8tre de haute qualit\u00e9 con\u00e7u pour fournir des mesures de temp\u00e9rature rapides et pr\u00e9cises. Il est dot\u00e9 d&rsquo;une technologie avanc\u00e9e et de composants de haute qualit\u00e9 qui garantissent des performances fiables dans de nombreux domaines. Le TP10 est id\u00e9al pour une utilisation dans les secteurs de l&rsquo;industrie, de la fabrication et des laboratoires o\u00f9 la surveillance de la temp\u00e9rature est essentielle. De conception agr\u00e9able, il est facile \u00e0 utiliser et \u00e0 entretenir. Avec ses mesures de temp\u00e9rature rapides et pr\u00e9cises, le TP10 est le choix id\u00e9al pour tous ceux qui ont besoin d&rsquo;un pyrom\u00e8tre fiable.<\/p>\n","protected":false},"featured_media":44792,"template":"","meta":[],"product_brand":[],"product_cat":[1165,2030,458,421,439],"product_tag":[],"class_list":{"0":"post-44791","1":"product","2":"type-product","3":"status-publish","4":"has-post-thumbnail","6":"product_cat-technologie-de-mesure","7":"product_cat-technologies-de-mesure","8":"product_cat-outils-de-mesure","9":"product_cat-mesure-outils-instruments-appareils","10":"product_cat-temperature-fr","12":"first","13":"instock","14":"shipping-taxable","15":"purchasable","16":"product-type-simple"},"_links":{"self":[{"href":"https:\/\/airsystems.ge\/shop\/fr\/wp-json\/wp\/v2\/product\/44791","targetHints":{"allow":["GET"]}}],"collection":[{"href":"https:\/\/airsystems.ge\/shop\/fr\/wp-json\/wp\/v2\/product"}],"about":[{"href":"https:\/\/airsystems.ge\/shop\/fr\/wp-json\/wp\/v2\/types\/product"}],"wp:featuredmedia":[{"embeddable":true,"href":"https:\/\/airsystems.ge\/shop\/fr\/wp-json\/wp\/v2\/media\/44792"}],"wp:attachment":[{"href":"https:\/\/airsystems.ge\/shop\/fr\/wp-json\/wp\/v2\/media?parent=44791"}],"wp:term":[{"taxonomy":"product_brand","embeddable":true,"href":"https:\/\/airsystems.ge\/shop\/fr\/wp-json\/wp\/v2\/product_brand?post=44791"},{"taxonomy":"product_cat","embeddable":true,"href":"https:\/\/airsystems.ge\/shop\/fr\/wp-json\/wp\/v2\/product_cat?post=44791"},{"taxonomy":"product_tag","embeddable":true,"href":"https:\/\/airsystems.ge\/shop\/fr\/wp-json\/wp\/v2\/product_tag?post=44791"}],"curies":[{"name":"wp","href":"https:\/\/api.w.org\/{rel}","templated":true}]}}