{"id":44113,"date":"2026-01-17T16:54:35","date_gmt":"2026-01-17T12:54:35","guid":{"rendered":"https:\/\/airsystems.ge\/shop\/product\/trotec-uv-torchlight-16f-hand-held-uv-a-lamp-hand-held-uv-a-lamp\/"},"modified":"2026-01-17T22:43:13","modified_gmt":"2026-01-17T18:43:13","slug":"trotec-uv-torchlight-16f-hand-held-uv-a-lamp-hand-held-uv-a-lamp","status":"publish","type":"product","link":"https:\/\/airsystems.ge\/shop\/fr\/produit\/trotec-uv-torchlight-16f-hand-held-uv-a-lamp-hand-held-uv-a-lamp\/","title":{"rendered":"Lampe torche UV Trotec 16F \u2013 Lampe UV-A portative  Lampe UV-A portative"},"content":{"rendered":"<section class=\"max-w-[1088px] mx-auto w-full px-5 my-10 md:my-12 lg:my-16 xl:my-20 xl:px-0\" data-block=\"bullet-list\">\n<div class=\"md:text-center\">\n<h3 class=\"text-black font-bold text-lg md:text-xl lg:text-2xl\">Caract\u00e9ristiques principales<\/h3>\n<\/div>\n<div class=\"mt-6 md:mt-10\">\n<div class=\"flex flex-wrap\">\n<div class=\"w-full md:w-1\/2 auto-bullets md:pr-16\">\n<ul>\n<li class=\"text-sm md:text-base text-black mt-3 flex items-start\">\n<div class=\"pl-5\">\n<p>Lampe portative ultra-compacte \u00e0 faisceau concentr\u00e9 intense<\/p>\n<p>Extr\u00eamement polyvalente, elle passe d&rsquo;un \u00e9clairage concentr\u00e9 \u00e0 un \u00e9clairage diffus gr\u00e2ce \u00e0 son c\u00f4ne de rayonnement UV-A \u00e0 focalisation infinie<\/p>\n<p>Syst\u00e8me d&rsquo;\u00e9clairage mobile et performant pour une inspection efficace des grands espaces, m\u00eame dans les zones difficiles d&rsquo;acc\u00e8s<\/p>\n<p>Bo\u00eetier m\u00e9tallique robuste en alliage d&rsquo;aluminium haute r\u00e9sistance<\/p>\n<p>Haute efficacit\u00e9 \u00e9nerg\u00e9tique\u00a0: faible consommation et dur\u00e9e de vie prolong\u00e9e<br \/>\nFonctionnement silencieux sans ventilateur<\/p>\n<p>Pr\u00eate \u00e0 l&#8217;emploi imm\u00e9diatement, sans temps de pr\u00e9chauffage<\/p>\n<p>Kit complet comprenant une mallette de transport et des lunettes de protection UV<\/p>\n<\/div>\n<\/li>\n<\/ul>\n<\/div>\n<\/div>\n<\/div>\n<\/section>\n<section class=\"max-w-[1088px] mx-auto w-full px-5 my-10 md:my-12 lg:my-16 xl:my-20 xl:px-0\" data-block=\"product-specifications\">\n<div class=\"md:text-center\">\n<h3 class=\"text-black font-bold text-lg md:text-xl lg:text-2xl\"><strong>Product specifications<\/strong><\/h3>\n<\/div>\n<div class=\" md:mt-10\">\n<div class=\"\">\n<div class=\"lg:mt-0 \">\n<div id=\"spec-uv-torchlight-16f\" class=\"prose max-w-full md:overflow-auto\" data-spec-content=\"\">\n<div class=\"spreadsheet-container hidden md:block\">\n<table class=\"w-full table-fixed mb-0\">\n<thead>\n<tr>\n<th class=\"font-bold text-base\"><span class=\"block px-4\">Specifications<\/span><\/th>\n<th class=\"font-bold text-base text-center\"><span class=\"block px-10 md:px-20\">Units<\/span><\/th>\n<th class=\"font-bold text-base text-center will-change\"><span class=\"block px-4\">UV-Torchlight\u00a016F<\/span><\/th>\n<\/tr>\n<\/thead>\n<tbody>\n<tr class=\"bg-grey-200\/50 p-2\">\n<td colspan=\"1\"><span class=\"block px-4\">Lamp type<\/span><\/td>\n<td class=\"text-center\">\n<div class=\"px-10 md:px-20 flex items-center justify-center\"><\/div>\n<\/td>\n<td class=\"text-center will-change\">\n<div class=\"px-10 md:px-20 flex items-center justify-center\">1 x LED<\/div>\n<\/td>\n<\/tr>\n<tr class=\" p-2\">\n<td colspan=\"1\"><span class=\"block px-4\">Wavelength<\/span><\/td>\n<td class=\"text-center\">\n<div class=\"px-10 md:px-20 flex items-center justify-center\"><\/div>\n<\/td>\n<td class=\"text-center will-change\">\n<div class=\"px-10 md:px-20 flex items-center justify-center\">UV-A, peak at 365\u00a0nm<\/div>\n<\/td>\n<\/tr>\n<tr class=\"bg-grey-200\/50 p-2\">\n<td colspan=\"1\"><span class=\"block px-4\">Power (total)<\/span><\/td>\n<td class=\"text-center\">\n<div class=\"px-10 md:px-20 flex items-center justify-center\">W<\/div>\n<\/td>\n<td class=\"text-center will-change\">\n<div class=\"px-10 md:px-20 flex items-center justify-center\">10<\/div>\n<\/td>\n<\/tr>\n<tr class=\" p-2\">\n<td colspan=\"1\"><span class=\"block px-4\">Radiation intensity<\/span><\/td>\n<td class=\"text-center\">\n<div class=\"px-10 md:px-20 flex items-center justify-center\">\u03bcW \/ cm\u00b2<\/div>\n<\/td>\n<td class=\"text-center will-change\">\n<div class=\"px-10 md:px-20 flex items-center justify-center\">39,000 (at a distance of 38 mm)<\/div>\n<\/td>\n<\/tr>\n<tr class=\"bg-grey-200\/50 p-2\">\n<td colspan=\"1\"><span class=\"block px-4\">Radiation cone<\/span><\/td>\n<td class=\"text-center\">\n<div class=\"px-10 md:px-20 flex items-center justify-center\">\u00f8 mm<\/div>\n<\/td>\n<td class=\"text-center will-change\">\n<div class=\"px-10 md:px-20 flex items-center justify-center\">Approx. 60 (at a distance of 38 mm)<\/div>\n<\/td>\n<\/tr>\n<tr class=\" p-2\">\n<td colspan=\"1\"><span class=\"block px-4\">Battery type<\/span><\/td>\n<td class=\"text-center\">\n<div class=\"px-10 md:px-20 flex items-center justify-center\"><\/div>\n<\/td>\n<td class=\"text-center will-change\">\n<div class=\"px-10 md:px-20 flex items-center justify-center\">Alkali-manganese; 3 x 1.5 V AAA or 3 x 1.2 V AAA (rechargeable)<\/div>\n<\/td>\n<\/tr>\n<tr class=\"bg-grey-200\/50 p-2\">\n<td colspan=\"1\"><span class=\"block px-4\">Operating time<\/span><\/td>\n<td class=\"text-center\">\n<div class=\"px-10 md:px-20 flex items-center justify-center\">h<\/div>\n<\/td>\n<td class=\"text-center will-change\">\n<div class=\"px-10 md:px-20 flex items-center justify-center\">\u2248 2<\/div>\n<\/td>\n<\/tr>\n<tr class=\" p-2\">\n<td colspan=\"1\"><span class=\"block px-4\">Functions<\/span><\/td>\n<td class=\"text-center\">\n<div class=\"px-10 md:px-20 flex items-center justify-center\"><\/div>\n<\/td>\n<td class=\"text-center will-change\">\n<div class=\"px-10 md:px-20 flex items-center justify-center\">On\/Off push button, focus ring for variable focal length setting<\/div>\n<\/td>\n<\/tr>\n<tr class=\"bg-grey-200\/50 p-2\">\n<td colspan=\"1\"><span class=\"block px-4\">Type of protection<\/span><\/td>\n<td class=\"text-center\">\n<div class=\"px-10 md:px-20 flex items-center justify-center\"><\/div>\n<\/td>\n<td class=\"text-center will-change\">\n<div class=\"px-10 md:px-20 flex items-center justify-center\">IP54<\/div>\n<\/td>\n<\/tr>\n<tr class=\" p-2\">\n<td colspan=\"1\"><span class=\"block px-4\">Product size (l x w x h)<\/span><\/td>\n<td class=\"text-center\">\n<div class=\"px-10 md:px-20 flex items-center justify-center\">mm<\/div>\n<\/td>\n<td class=\"text-center will-change\">\n<div class=\"px-10 md:px-20 flex items-center justify-center\">139 x 34 x 34<\/div>\n<\/td>\n<\/tr>\n<tr class=\"bg-grey-200\/50 p-2\">\n<td colspan=\"1\"><span class=\"block px-4\">Weight<\/span><\/td>\n<td class=\"text-center\">\n<div class=\"px-10 md:px-20 flex items-center justify-center\">g<\/div>\n<\/td>\n<td class=\"text-center will-change\">\n<div class=\"px-10 md:px-20 flex items-center justify-center\">142 (without batteries)<\/div>\n<\/td>\n<\/tr>\n<\/tbody>\n<\/table>\n<\/div>\n<\/div>\n<\/div>\n<\/div>\n<\/div>\n<\/section>\n<section class=\"max-w-[1088px] mx-auto w-full px-5 my-10 md:my-12 lg:my-16 xl:my-20 xl:px-0\" data-block=\"link-list\">\n<div class=\"max-w-[1088px] mx-auto\">\n<div class=\"mt-6 max-w-4xl mx-auto\">\n<div class=\"flex flex-wrap md:ml-20\">\n<div class=\"w-full md:w-1\/2 auto-bullets \">\n<ul>\n<li class=\"flex items-center gap-5 text-sm text-black mt-3 md:text-base lg:text-lg\">Utilisations\u00a0:Secteurs industriel, usines et production\n<p>Restauration apr\u00e8s d\u00e9g\u00e2ts des eaux<\/li>\n<\/ul>\n<\/div>\n<\/div>\n<\/div>\n<\/div>\n<\/section>\n<p>&nbsp;<\/p>\n<p><a class=\"content-tab-shop-image\" href=\"https:\/\/uk.trotec.com\/fileadmin\/downloads\/Leckageortung\/UV_Torchlight_16F\/TRT-KA-UV-Torchlight_16F-TC-001-INT.pdf\" target=\"_blank\" rel=\"noopener\"><img loading=\"lazy\" decoding=\"async\" src=\"https:\/\/uk.trotec.com\/images\/quick-guide-uv-torchlight-16f-int-tx-downloads-b5cb.gif\" alt=\"\" width=\"130\" height=\"184\" \/><\/a><\/p>\n<div class=\"content-tab-shop-text\">\n<h2><a href=\"https:\/\/uk.trotec.com\/fileadmin\/downloads\/Leckageortung\/UV_Torchlight_16F\/TRT-KA-UV-Torchlight_16F-TC-001-INT.pdf\" target=\"_blank\" rel=\"noopener\">Quick guide UV\u2011Torchlight 16F (INT)<\/a><\/h2>\n<p class=\"bodytext\">TRT-KA-UV-Torchlight_16F-TC-001-INT.pdf\u00a0(3.50 MB)<\/p>\n<p class=\"bodytext\"><a class=\"buy buy-left\" href=\"https:\/\/uk.trotec.com\/fileadmin\/downloads\/Leckageortung\/UV_Torchlight_16F\/TRT-KA-UV-Torchlight_16F-TC-001-INT.pdf\" target=\"_blank\" rel=\"noopener\">Download<\/a><\/p>\n<\/div>\n<p><a class=\"content-tab-shop-image\" href=\"https:\/\/uk.trotec.com\/fileadmin\/downloads\/Leckageortung\/UV_Torchlight_16F\/TRT-BA-UV-Torchlight_16F_TC-001-EN.pdf\" target=\"_blank\" rel=\"noopener\"><img loading=\"lazy\" decoding=\"async\" src=\"https:\/\/uk.trotec.com\/images\/operating-manual-uv-torchlight-16f-en-tx-downloads-a69c.gif\" alt=\"\" width=\"130\" height=\"184\" \/><\/a><\/p>\n<div class=\"content-tab-shop-text\">\n<h2><a href=\"https:\/\/uk.trotec.com\/fileadmin\/downloads\/Leckageortung\/UV_Torchlight_16F\/TRT-BA-UV-Torchlight_16F_TC-001-EN.pdf\" target=\"_blank\" rel=\"noopener\">Operating manual UV\u2011Torchlight 16F (EN)<\/a><\/h2>\n<p class=\"bodytext\">TRT-BA-UV-Torchlight_16F_TC-001-EN.pdf\u00a0(5.24 MB)<\/p>\n<p class=\"bodytext\"><a class=\"buy buy-left\" href=\"https:\/\/uk.trotec.com\/fileadmin\/downloads\/Leckageortung\/UV_Torchlight_16F\/TRT-BA-UV-Torchlight_16F_TC-001-EN.pdf\" target=\"_blank\" rel=\"noopener\">Download<\/a><\/p>\n<\/div>\n","protected":false},"excerpt":{"rendered":"<p>La lampe torche UV-A 16F est une lampe UV-A portative professionnelle pour la d\u00e9tection non destructive de traces, id\u00e9ale pour les essais de mat\u00e9riaux, la d\u00e9tection de fuites, le contr\u00f4le qualit\u00e9 et les applications de s\u00e9curit\u00e9.<\/p>\n<p>L\u00e9g\u00e8re et robuste, cette lampe torche LED offre une performance UV-A maximale d\u00e8s l&rsquo;allumage et est particuli\u00e8rement adapt\u00e9e aux inspections rapides ou aux contr\u00f4les de zones difficiles d&rsquo;acc\u00e8s. Gr\u00e2ce \u00e0 l&rsquo;intensit\u00e9 lumineuse exceptionnellement \u00e9lev\u00e9e de son faisceau, la lampe torche UV-A 16F g\u00e9n\u00e8re une forte stimulation de la fluorescence, permettant ainsi de visualiser clairement m\u00eame les traces les plus infimes en plein jour.<\/p>\n","protected":false},"featured_media":44066,"template":"","meta":[],"product_brand":[],"product_cat":[420,421,433],"product_tag":[],"class_list":{"0":"post-44113","1":"product","2":"type-product","3":"status-publish","4":"has-post-thumbnail","6":"product_cat-trotec-fr","7":"product_cat-mesure-outils-instruments-appareils","8":"product_cat-detection-des-fuites","10":"first","11":"instock","12":"shipping-taxable","13":"purchasable","14":"product-type-simple"},"_links":{"self":[{"href":"https:\/\/airsystems.ge\/shop\/fr\/wp-json\/wp\/v2\/product\/44113","targetHints":{"allow":["GET"]}}],"collection":[{"href":"https:\/\/airsystems.ge\/shop\/fr\/wp-json\/wp\/v2\/product"}],"about":[{"href":"https:\/\/airsystems.ge\/shop\/fr\/wp-json\/wp\/v2\/types\/product"}],"wp:featuredmedia":[{"embeddable":true,"href":"https:\/\/airsystems.ge\/shop\/fr\/wp-json\/wp\/v2\/media\/44066"}],"wp:attachment":[{"href":"https:\/\/airsystems.ge\/shop\/fr\/wp-json\/wp\/v2\/media?parent=44113"}],"wp:term":[{"taxonomy":"product_brand","embeddable":true,"href":"https:\/\/airsystems.ge\/shop\/fr\/wp-json\/wp\/v2\/product_brand?post=44113"},{"taxonomy":"product_cat","embeddable":true,"href":"https:\/\/airsystems.ge\/shop\/fr\/wp-json\/wp\/v2\/product_cat?post=44113"},{"taxonomy":"product_tag","embeddable":true,"href":"https:\/\/airsystems.ge\/shop\/fr\/wp-json\/wp\/v2\/product_tag?post=44113"}],"curies":[{"name":"wp","href":"https:\/\/api.w.org\/{rel}","templated":true}]}}