{"id":43539,"date":"2025-10-25T22:44:51","date_gmt":"2025-10-25T18:44:51","guid":{"rendered":"https:\/\/airsystems.ge\/shop\/product\/multi-split-ac-indoor-unit-one-way-cassette-mcb-series-mcb-1nxd0-q-mcbu-09hrfn8-qw-mcbu-12hrfn8-qw-mcbu-18hrfn8-qw-midea\/"},"modified":"2025-10-25T22:51:03","modified_gmt":"2025-10-25T18:51:03","slug":"multi-split-ac-indoor-unit-one-way-cassette-mcb-series-mcb-1nxd0-q-mcbu-09hrfn8-qw-mcbu-12hrfn8-qw-mcbu-18hrfn8-qw-midea","status":"publish","type":"product","link":"https:\/\/airsystems.ge\/shop\/fr\/produit\/multi-split-ac-indoor-unit-one-way-cassette-mcb-series-mcb-1nxd0-q-mcbu-09hrfn8-qw-mcbu-12hrfn8-qw-mcbu-18hrfn8-qw-midea\/","title":{"rendered":"Climatiseur multisplit  Unit\u00e9 int\u00e9rieure  Cassette unidirectionnelle s\u00e9rie MCB MCB-1**NXD0-Q MCBU-09HRFN8-QW MCBU-12HRFN8-QW MCBU-18HRFN8-QW  MIDEA"},"content":{"rendered":"","protected":false},"excerpt":{"rendered":"<h1>Cassette unidirectionnelle s\u00e9rie MCB<\/h1>\n<p>Caract\u00e9ristiques produit<\/p>\n<p>D\u00e9tails<\/p>\n<p>Technologie Inverter<\/p>\n<p>Conception fine<\/p>\n<p>Installation facile<\/p>\n<p>Fonctionnement silencieux<\/p>\n","protected":false},"featured_media":43533,"template":"","meta":[],"product_brand":[],"product_cat":[2004],"product_tag":[],"class_list":{"0":"post-43539","1":"product","2":"type-product","3":"status-publish","4":"has-post-thumbnail","6":"product_cat-climatiseur-multi-split","8":"first","9":"instock","10":"shipping-taxable","11":"product-type-simple"},"_links":{"self":[{"href":"https:\/\/airsystems.ge\/shop\/fr\/wp-json\/wp\/v2\/product\/43539","targetHints":{"allow":["GET"]}}],"collection":[{"href":"https:\/\/airsystems.ge\/shop\/fr\/wp-json\/wp\/v2\/product"}],"about":[{"href":"https:\/\/airsystems.ge\/shop\/fr\/wp-json\/wp\/v2\/types\/product"}],"wp:featuredmedia":[{"embeddable":true,"href":"https:\/\/airsystems.ge\/shop\/fr\/wp-json\/wp\/v2\/media\/43533"}],"wp:attachment":[{"href":"https:\/\/airsystems.ge\/shop\/fr\/wp-json\/wp\/v2\/media?parent=43539"}],"wp:term":[{"taxonomy":"product_brand","embeddable":true,"href":"https:\/\/airsystems.ge\/shop\/fr\/wp-json\/wp\/v2\/product_brand?post=43539"},{"taxonomy":"product_cat","embeddable":true,"href":"https:\/\/airsystems.ge\/shop\/fr\/wp-json\/wp\/v2\/product_cat?post=43539"},{"taxonomy":"product_tag","embeddable":true,"href":"https:\/\/airsystems.ge\/shop\/fr\/wp-json\/wp\/v2\/product_tag?post=43539"}],"curies":[{"name":"wp","href":"https:\/\/api.w.org\/{rel}","templated":true}]}}