{"id":43524,"date":"2025-10-25T22:36:48","date_gmt":"2025-10-25T18:36:48","guid":{"rendered":"https:\/\/airsystems.ge\/shop\/product\/multi-split-ac-indoor-unit-wall-mounted-xtreme-ag-series-9-24-kbtu-ag-n8d1-i-black-ag-09n8d1-i-black-ag-12n8d1-i-black-ag-18n8d1-i-black-ag-24n8d1-i-black-midea\/"},"modified":"2025-10-25T22:40:34","modified_gmt":"2025-10-25T18:40:34","slug":"multi-split-ac-indoor-unit-wall-mounted-xtreme-ag-series-9-24-kbtu-ag-n8d1-i-black-ag-09n8d1-i-black-ag-12n8d1-i-black-ag-18n8d1-i-black-ag-24n8d1-i-black-midea","status":"publish","type":"product","link":"https:\/\/airsystems.ge\/shop\/fr\/produit\/multi-split-ac-indoor-unit-wall-mounted-xtreme-ag-series-9-24-kbtu-ag-n8d1-i-black-ag-09n8d1-i-black-ag-12n8d1-i-black-ag-18n8d1-i-black-ag-24n8d1-i-black-midea\/","title":{"rendered":"449 \/ 5,000 Climatiseur multi-split  Unit\u00e9 int\u00e9rieure  S\u00e9rie Xtreme (AG) murale 9 &#8211; 24 KBTU AG-**N8D1-I Noir AG-09N8D1-I Black AG-12N8D1-I Black AG-18N8D1-I Black AG-24N8D1-I Black  MIDEA"},"content":{"rendered":"","protected":false},"excerpt":{"rendered":"<h1>S\u00e9rie Xtreme (AG) murale<\/h1>\n<p>Caract\u00e9ristiques produit<\/p>\n<p>Unit\u00e9 int\u00e9rieure murale pour syst\u00e8me multi-split<\/p>\n<p>Technologie Inverter 3 vitesses<br \/>\nFonction d&rsquo;oscillation verticale des volets<br \/>\nT\u00e9l\u00e9commande<br \/>\nFonction de st\u00e9rilisation<br \/>\nEfficace par temps froid<br \/>\nFonctionnement extr\u00eamement silencieux<\/p>\n","protected":false},"featured_media":43518,"template":"","meta":[],"product_brand":[],"product_cat":[2004],"product_tag":[],"class_list":{"0":"post-43524","1":"product","2":"type-product","3":"status-publish","4":"has-post-thumbnail","6":"product_cat-climatiseur-multi-split","8":"first","9":"instock","10":"shipping-taxable","11":"product-type-simple"},"_links":{"self":[{"href":"https:\/\/airsystems.ge\/shop\/fr\/wp-json\/wp\/v2\/product\/43524","targetHints":{"allow":["GET"]}}],"collection":[{"href":"https:\/\/airsystems.ge\/shop\/fr\/wp-json\/wp\/v2\/product"}],"about":[{"href":"https:\/\/airsystems.ge\/shop\/fr\/wp-json\/wp\/v2\/types\/product"}],"wp:featuredmedia":[{"embeddable":true,"href":"https:\/\/airsystems.ge\/shop\/fr\/wp-json\/wp\/v2\/media\/43518"}],"wp:attachment":[{"href":"https:\/\/airsystems.ge\/shop\/fr\/wp-json\/wp\/v2\/media?parent=43524"}],"wp:term":[{"taxonomy":"product_brand","embeddable":true,"href":"https:\/\/airsystems.ge\/shop\/fr\/wp-json\/wp\/v2\/product_brand?post=43524"},{"taxonomy":"product_cat","embeddable":true,"href":"https:\/\/airsystems.ge\/shop\/fr\/wp-json\/wp\/v2\/product_cat?post=43524"},{"taxonomy":"product_tag","embeddable":true,"href":"https:\/\/airsystems.ge\/shop\/fr\/wp-json\/wp\/v2\/product_tag?post=43524"}],"curies":[{"name":"wp","href":"https:\/\/api.w.org\/{rel}","templated":true}]}}