{"id":43507,"date":"2025-10-25T22:25:44","date_gmt":"2025-10-25T18:25:44","guid":{"rendered":"https:\/\/airsystems.ge\/shop\/product\/multi-split-ac-indoor-unit-wall-mounted-xt-series-9-18-kbtu-xt-n8d6-i-xt-09n8d6-i-xt-12n8d6-i-xt-18n8d6-i-midea\/"},"modified":"2025-10-25T22:30:54","modified_gmt":"2025-10-25T18:30:54","slug":"multi-split-ac-indoor-unit-wall-mounted-xt-series-9-18-kbtu-xt-n8d6-i-xt-09n8d6-i-xt-12n8d6-i-xt-18n8d6-i-midea","status":"publish","type":"product","link":"https:\/\/airsystems.ge\/shop\/fr\/produit\/multi-split-ac-indoor-unit-wall-mounted-xt-series-9-18-kbtu-xt-n8d6-i-xt-09n8d6-i-xt-12n8d6-i-xt-18n8d6-i-midea\/","title":{"rendered":"Climatiseur multi-split  Unit\u00e9 int\u00e9rieure  S\u00e9rie XT murale 9 &#8211; 18 KBTU XT-**N8D6-I XT-09N8D6-I XT-12N8D6-I XT-18N8D6-I  MIDEA"},"content":{"rendered":"","protected":false},"excerpt":{"rendered":"<h1>S\u00e9rie XT murale<\/h1>\n<p>Caract\u00e9ristiques du produit<\/p>\n<p>Unit\u00e9 int\u00e9rieure murale pour syst\u00e8me multi-split<\/p>\n<p>Disponible en or et argent<br \/>\nPanneau disponible en 4 couleurs\u00a0: or, argent, bleu et vert<br \/>\nPanneau de couleur facilement rempla\u00e7able<br \/>\nTechnologie veille 1\u00a0W<br \/>\nTechnologie Inverter 3 vitesses<br \/>\nFonction d&rsquo;oscillation verticale et horizontale des lames<br \/>\nT\u00e9l\u00e9commande<br \/>\nFonction de st\u00e9rilisation<br \/>\nEfficace par temps froid<br \/>\nFonctionnement extr\u00eamement silencieux<\/p>\n","protected":false},"featured_media":43466,"template":"","meta":[],"product_brand":[],"product_cat":[2004],"product_tag":[],"class_list":{"0":"post-43507","1":"product","2":"type-product","3":"status-publish","4":"has-post-thumbnail","6":"product_cat-climatiseur-multi-split","8":"first","9":"instock","10":"shipping-taxable","11":"product-type-simple"},"_links":{"self":[{"href":"https:\/\/airsystems.ge\/shop\/fr\/wp-json\/wp\/v2\/product\/43507","targetHints":{"allow":["GET"]}}],"collection":[{"href":"https:\/\/airsystems.ge\/shop\/fr\/wp-json\/wp\/v2\/product"}],"about":[{"href":"https:\/\/airsystems.ge\/shop\/fr\/wp-json\/wp\/v2\/types\/product"}],"wp:featuredmedia":[{"embeddable":true,"href":"https:\/\/airsystems.ge\/shop\/fr\/wp-json\/wp\/v2\/media\/43466"}],"wp:attachment":[{"href":"https:\/\/airsystems.ge\/shop\/fr\/wp-json\/wp\/v2\/media?parent=43507"}],"wp:term":[{"taxonomy":"product_brand","embeddable":true,"href":"https:\/\/airsystems.ge\/shop\/fr\/wp-json\/wp\/v2\/product_brand?post=43507"},{"taxonomy":"product_cat","embeddable":true,"href":"https:\/\/airsystems.ge\/shop\/fr\/wp-json\/wp\/v2\/product_cat?post=43507"},{"taxonomy":"product_tag","embeddable":true,"href":"https:\/\/airsystems.ge\/shop\/fr\/wp-json\/wp\/v2\/product_tag?post=43507"}],"curies":[{"name":"wp","href":"https:\/\/api.w.org\/{rel}","templated":true}]}}