{"id":43426,"date":"2025-10-25T21:50:22","date_gmt":"2025-10-25T17:50:22","guid":{"rendered":"https:\/\/airsystems.ge\/shop\/product\/multi-split-ac-indoor-unit-cassette-mca-multi-series-7-18-kbtu-mca-fnxd0-q-mca-07fnxd0-q-mca-09fnxd0-q-mca-12fnxd0-q-mca-18fnxd0-q-midea\/"},"modified":"2025-10-25T21:54:52","modified_gmt":"2025-10-25T17:54:52","slug":"multi-split-ac-indoor-unit-cassette-mca-multi-series-7-18-kbtu-mca-fnxd0-q-mca-07fnxd0-q-mca-09fnxd0-q-mca-12fnxd0-q-mca-18fnxd0-q-midea","status":"publish","type":"product","link":"https:\/\/airsystems.ge\/shop\/fr\/produit\/multi-split-ac-indoor-unit-cassette-mca-multi-series-7-18-kbtu-mca-fnxd0-q-mca-07fnxd0-q-mca-09fnxd0-q-mca-12fnxd0-q-mca-18fnxd0-q-midea\/","title":{"rendered":"Climatiseur multi-split  Unit\u00e9 int\u00e9rieure  Cassette S\u00e9rie MCA Multi 7 &#8211; 18 KBTU MCA-**FNXD0-Q MCA-07FNXD0-Q MCA-09FNXD0-Q MCA-12FNXD0-Q MCA-18FNXD0-Q  MIDEA"},"content":{"rendered":"","protected":false},"excerpt":{"rendered":"<h1>Cassette S\u00e9rie MCA Multi<\/h1>\n<p>Caract\u00e9ristiques du produit<\/p>\n<p>Unit\u00e9 int\u00e9rieure de type cassette pour syst\u00e8me multi-split<\/p>\n<p>Technologie Inverter 3 vitesses<br \/>\nD\u00e9bit d&rsquo;air \u00e0 360\u00b0\u00a0: assure une distribution uniforme de l&rsquo;air<br \/>\nDesign compact<br \/>\nHauteur de relevage de la pompe de vidange\u00a0: 75\u00a0cm<br \/>\nPrise d&rsquo;air frais\u00a0: jusqu&rsquo;\u00e0 10\u00a0%<br \/>\nT\u00e9l\u00e9commande avec affichage LED<br \/>\nEfficace par temps froid<br \/>\nFonctionnement silencieux<\/p>\n","protected":false},"featured_media":43421,"template":"","meta":[],"product_brand":[],"product_cat":[2004],"product_tag":[],"class_list":{"0":"post-43426","1":"product","2":"type-product","3":"status-publish","4":"has-post-thumbnail","6":"product_cat-climatiseur-multi-split","8":"first","9":"instock","10":"shipping-taxable","11":"product-type-simple"},"_links":{"self":[{"href":"https:\/\/airsystems.ge\/shop\/fr\/wp-json\/wp\/v2\/product\/43426","targetHints":{"allow":["GET"]}}],"collection":[{"href":"https:\/\/airsystems.ge\/shop\/fr\/wp-json\/wp\/v2\/product"}],"about":[{"href":"https:\/\/airsystems.ge\/shop\/fr\/wp-json\/wp\/v2\/types\/product"}],"wp:featuredmedia":[{"embeddable":true,"href":"https:\/\/airsystems.ge\/shop\/fr\/wp-json\/wp\/v2\/media\/43421"}],"wp:attachment":[{"href":"https:\/\/airsystems.ge\/shop\/fr\/wp-json\/wp\/v2\/media?parent=43426"}],"wp:term":[{"taxonomy":"product_brand","embeddable":true,"href":"https:\/\/airsystems.ge\/shop\/fr\/wp-json\/wp\/v2\/product_brand?post=43426"},{"taxonomy":"product_cat","embeddable":true,"href":"https:\/\/airsystems.ge\/shop\/fr\/wp-json\/wp\/v2\/product_cat?post=43426"},{"taxonomy":"product_tag","embeddable":true,"href":"https:\/\/airsystems.ge\/shop\/fr\/wp-json\/wp\/v2\/product_tag?post=43426"}],"curies":[{"name":"wp","href":"https:\/\/api.w.org\/{rel}","templated":true}]}}