{"id":43411,"date":"2025-10-25T21:38:49","date_gmt":"2025-10-25T17:38:49","guid":{"rendered":"https:\/\/airsystems.ge\/shop\/product\/multi-split-ac-indoor-unit-ducted-mti-multi-series-7-18-kbtu-mti-fnxd0-q-mti-07fnxd0-q-mti-09fnxd0-q-mti-12fnxd0-q-mti-18fnxd0-q-midea\/"},"modified":"2025-10-25T21:45:44","modified_gmt":"2025-10-25T17:45:44","slug":"multi-split-ac-indoor-unit-ducted-mti-multi-series-7-18-kbtu-mti-fnxd0-q-mti-07fnxd0-q-mti-09fnxd0-q-mti-12fnxd0-q-mti-18fnxd0-q-midea","status":"publish","type":"product","link":"https:\/\/airsystems.ge\/shop\/fr\/produit\/multi-split-ac-indoor-unit-ducted-mti-multi-series-7-18-kbtu-mti-fnxd0-q-mti-07fnxd0-q-mti-09fnxd0-q-mti-12fnxd0-q-mti-18fnxd0-q-midea\/","title":{"rendered":"Climatiseur multi-split  Unit\u00e9 int\u00e9rieure  S\u00e9rie MTI Multi gainable 7 &#8211; 18 KBTU MTI-**FNXD0-Q MTI-07FNXD0-Q MTI-09FNXD0-Q MTI-12FNXD0-Q MTI-18FNXD0-Q  MIDEA"},"content":{"rendered":"","protected":false},"excerpt":{"rendered":"<h1>S\u00e9rie MTI Multi gainable<\/h1>\n<p>Caract\u00e9ristiques produit<\/p>\n<p>Unit\u00e9 int\u00e9rieure gainable pour syst\u00e8me multi-split<\/p>\n<p>Technologie Inverter 3 vitesses<br \/>\nDesign fin\u00a0: jusqu&rsquo;\u00e0 21\u00a0cm<br \/>\nHauteur de relevage de la pompe de vidange\u00a0: 75\u00a0cm<br \/>\nPrise d&rsquo;air frais\u00a0: jusqu&rsquo;\u00e0 10\u00a0%<br \/>\nContr\u00f4leur mural filaire<br \/>\nCompatible avec deux types de reprise d&rsquo;air\u00a0: arri\u00e8re et inf\u00e9rieure<br \/>\nEfficace par temps froid<br \/>\nFonctionnement silencieux<\/p>\n","protected":false},"featured_media":43406,"template":"","meta":[],"product_brand":[],"product_cat":[2004],"product_tag":[],"class_list":{"0":"post-43411","1":"product","2":"type-product","3":"status-publish","4":"has-post-thumbnail","6":"product_cat-climatiseur-multi-split","8":"first","9":"instock","10":"shipping-taxable","11":"product-type-simple"},"_links":{"self":[{"href":"https:\/\/airsystems.ge\/shop\/fr\/wp-json\/wp\/v2\/product\/43411","targetHints":{"allow":["GET"]}}],"collection":[{"href":"https:\/\/airsystems.ge\/shop\/fr\/wp-json\/wp\/v2\/product"}],"about":[{"href":"https:\/\/airsystems.ge\/shop\/fr\/wp-json\/wp\/v2\/types\/product"}],"wp:featuredmedia":[{"embeddable":true,"href":"https:\/\/airsystems.ge\/shop\/fr\/wp-json\/wp\/v2\/media\/43406"}],"wp:attachment":[{"href":"https:\/\/airsystems.ge\/shop\/fr\/wp-json\/wp\/v2\/media?parent=43411"}],"wp:term":[{"taxonomy":"product_brand","embeddable":true,"href":"https:\/\/airsystems.ge\/shop\/fr\/wp-json\/wp\/v2\/product_brand?post=43411"},{"taxonomy":"product_cat","embeddable":true,"href":"https:\/\/airsystems.ge\/shop\/fr\/wp-json\/wp\/v2\/product_cat?post=43411"},{"taxonomy":"product_tag","embeddable":true,"href":"https:\/\/airsystems.ge\/shop\/fr\/wp-json\/wp\/v2\/product_tag?post=43411"}],"curies":[{"name":"wp","href":"https:\/\/api.w.org\/{rel}","templated":true}]}}