{"id":43395,"date":"2025-10-25T17:43:40","date_gmt":"2025-10-25T13:43:40","guid":{"rendered":"https:\/\/airsystems.ge\/shop\/product\/multi-split-ac-indoor-unit-wall-mounted-aurora-ab-series-9-24-kbtu-ab-nxd0-m-ab-09nxd0-m-ab-12nxd0-m-ab-18nxd0-m-ab-24nxd0-m-midea\/"},"modified":"2025-10-25T17:47:45","modified_gmt":"2025-10-25T13:47:45","slug":"multi-split-ac-indoor-unit-wall-mounted-aurora-ab-series-9-24-kbtu-ab-nxd0-m-ab-09nxd0-m-ab-12nxd0-m-ab-18nxd0-m-ab-24nxd0-m-midea","status":"publish","type":"product","link":"https:\/\/airsystems.ge\/shop\/fr\/produit\/multi-split-ac-indoor-unit-wall-mounted-aurora-ab-series-9-24-kbtu-ab-nxd0-m-ab-09nxd0-m-ab-12nxd0-m-ab-18nxd0-m-ab-24nxd0-m-midea\/","title":{"rendered":"Climatiseur multi-split  Unit\u00e9 int\u00e9rieure  S\u00e9rie Aurora (AB) murale 9 &#8211; 24 KBTU AB-**NXD0-M AB-09NXD0-M AB-12NXD0-M AB-18NXD0-M AB-24NXD0-M  MIDEA"},"content":{"rendered":"","protected":false},"excerpt":{"rendered":"<div id=\"w-node-_99251b19-02be-a60d-3556-d396ae97cee4-875f3092\" class=\"product-inner_img-thumbs-wrapper\">\n<div class=\"product-inner_img-thumb is-active\" data-index=\"0\">\n<section class=\"section_product-inner-hero\">\n<div class=\"padding-global\">\n<div id=\"lg-parent\" class=\"grid\">\n<div id=\"w-node-c63541f9-43bc-1c18-7844-90c28a81f2cb-875f3092\" class=\"product-inner_info-block\">\n<div class=\"product-inner_info-block-inner\">\n<div class=\"product-inner_text-block\">\n<h1>S\u00e9rie Aurora (AB) murale<\/h1>\n<p>Caract\u00e9ristiques du produit<\/p>\n<p>Unit\u00e9 int\u00e9rieure murale pour syst\u00e8me multi-split<\/p>\n<p>Technologie Inverter 3 vitesses<br \/>\nFonction d&rsquo;oscillation verticale des volets<br \/>\nT\u00e9l\u00e9commande<br \/>\nEfficace par temps froid<br \/>\nFonctionnement silencieux<\/p>\n<\/div>\n<\/div>\n<\/div>\n<\/div>\n<\/div>\n<\/section>\n<\/div>\n<\/div>\n","protected":false},"featured_media":43389,"template":"","meta":[],"product_brand":[],"product_cat":[2004],"product_tag":[],"class_list":{"0":"post-43395","1":"product","2":"type-product","3":"status-publish","4":"has-post-thumbnail","6":"product_cat-climatiseur-multi-split","8":"first","9":"instock","10":"shipping-taxable","11":"product-type-simple"},"_links":{"self":[{"href":"https:\/\/airsystems.ge\/shop\/fr\/wp-json\/wp\/v2\/product\/43395","targetHints":{"allow":["GET"]}}],"collection":[{"href":"https:\/\/airsystems.ge\/shop\/fr\/wp-json\/wp\/v2\/product"}],"about":[{"href":"https:\/\/airsystems.ge\/shop\/fr\/wp-json\/wp\/v2\/types\/product"}],"wp:featuredmedia":[{"embeddable":true,"href":"https:\/\/airsystems.ge\/shop\/fr\/wp-json\/wp\/v2\/media\/43389"}],"wp:attachment":[{"href":"https:\/\/airsystems.ge\/shop\/fr\/wp-json\/wp\/v2\/media?parent=43395"}],"wp:term":[{"taxonomy":"product_brand","embeddable":true,"href":"https:\/\/airsystems.ge\/shop\/fr\/wp-json\/wp\/v2\/product_brand?post=43395"},{"taxonomy":"product_cat","embeddable":true,"href":"https:\/\/airsystems.ge\/shop\/fr\/wp-json\/wp\/v2\/product_cat?post=43395"},{"taxonomy":"product_tag","embeddable":true,"href":"https:\/\/airsystems.ge\/shop\/fr\/wp-json\/wp\/v2\/product_tag?post=43395"}],"curies":[{"name":"wp","href":"https:\/\/api.w.org\/{rel}","templated":true}]}}