{"id":43379,"date":"2025-10-25T17:31:53","date_gmt":"2025-10-25T13:31:53","guid":{"rendered":"https:\/\/airsystems.ge\/shop\/product\/multi-split-ac-indoor-unit-wall-mounted-forest-af-series-7-24-kbtu-af-nxd0-m-af-07nxd0-m-af-09nxd0-m-af-12nxd0-m-af-18nxd0-m-af-24nxd0-m-midea\/"},"modified":"2025-10-25T17:37:16","modified_gmt":"2025-10-25T13:37:16","slug":"multi-split-ac-indoor-unit-wall-mounted-forest-af-series-7-24-kbtu-af-nxd0-m-af-07nxd0-m-af-09nxd0-m-af-12nxd0-m-af-18nxd0-m-af-24nxd0-m-midea","status":"publish","type":"product","link":"https:\/\/airsystems.ge\/shop\/fr\/produit\/multi-split-ac-indoor-unit-wall-mounted-forest-af-series-7-24-kbtu-af-nxd0-m-af-07nxd0-m-af-09nxd0-m-af-12nxd0-m-af-18nxd0-m-af-24nxd0-m-midea\/","title":{"rendered":"Climatiseur multi-split  Unit\u00e9 int\u00e9rieure  S\u00e9rie Forest (AF) murale 7 &#8211; 24 KBTU AF-**NXD0-M AF-07NXD0-M AF-09NXD0-M AF-12NXD0-M AF-18NXD0-M AF-24NXD0-M  MIDEA"},"content":{"rendered":"","protected":false},"excerpt":{"rendered":"<h1>S\u00e9rie Forest (AF) murale<\/h1>\n<p>Caract\u00e9ristiques produit<\/p>\n<p>Unit\u00e9 int\u00e9rieure murale pour syst\u00e8me multi-split<\/p>\n<p>Technologie Inverter 3 vitesses<br \/>\nFonction d&rsquo;oscillation verticale des volets<br \/>\nT\u00e9l\u00e9commande<br \/>\nEfficace par temps froid<br \/>\nFonctionnement silencieux<\/p>\n","protected":false},"featured_media":43359,"template":"","meta":[],"product_brand":[],"product_cat":[2004],"product_tag":[],"class_list":{"0":"post-43379","1":"product","2":"type-product","3":"status-publish","4":"has-post-thumbnail","6":"product_cat-climatiseur-multi-split","8":"first","9":"instock","10":"shipping-taxable","11":"product-type-simple"},"_links":{"self":[{"href":"https:\/\/airsystems.ge\/shop\/fr\/wp-json\/wp\/v2\/product\/43379","targetHints":{"allow":["GET"]}}],"collection":[{"href":"https:\/\/airsystems.ge\/shop\/fr\/wp-json\/wp\/v2\/product"}],"about":[{"href":"https:\/\/airsystems.ge\/shop\/fr\/wp-json\/wp\/v2\/types\/product"}],"wp:featuredmedia":[{"embeddable":true,"href":"https:\/\/airsystems.ge\/shop\/fr\/wp-json\/wp\/v2\/media\/43359"}],"wp:attachment":[{"href":"https:\/\/airsystems.ge\/shop\/fr\/wp-json\/wp\/v2\/media?parent=43379"}],"wp:term":[{"taxonomy":"product_brand","embeddable":true,"href":"https:\/\/airsystems.ge\/shop\/fr\/wp-json\/wp\/v2\/product_brand?post=43379"},{"taxonomy":"product_cat","embeddable":true,"href":"https:\/\/airsystems.ge\/shop\/fr\/wp-json\/wp\/v2\/product_cat?post=43379"},{"taxonomy":"product_tag","embeddable":true,"href":"https:\/\/airsystems.ge\/shop\/fr\/wp-json\/wp\/v2\/product_tag?post=43379"}],"curies":[{"name":"wp","href":"https:\/\/api.w.org\/{rel}","templated":true}]}}