{"id":43346,"date":"2025-10-25T17:09:22","date_gmt":"2025-10-25T13:09:22","guid":{"rendered":"https:\/\/airsystems.ge\/shop\/product\/multi-split-ac-outdoor-unit-cirq-hp-series-27-kbtu-m4oa-27hfn8-q%ef%bc%88hru-midea\/"},"modified":"2025-10-25T17:14:26","modified_gmt":"2025-10-25T13:14:26","slug":"multi-split-ac-outdoor-unit-cirq-hp-series-27-kbtu-m4oa-27hfn8-q%ef%bc%88hru-midea","status":"publish","type":"product","link":"https:\/\/airsystems.ge\/shop\/fr\/produit\/multi-split-ac-outdoor-unit-cirq-hp-series-27-kbtu-m4oa-27hfn8-q%ef%bc%88hru-midea\/","title":{"rendered":"Climatiseur multi-split  Unit\u00e9 ext\u00e9rieure  S\u00e9rie CIRQ HP 27 KBTU M4OA-27HFN8-Q (HRU)  MIDEA"},"content":{"rendered":"","protected":false},"excerpt":{"rendered":"<h1>S\u00e9rie CIRQ HP<\/h1>\n<p>Caract\u00e9ristiques du produit<\/p>\n<p>Syst\u00e8me de r\u00e9cup\u00e9ration multi-split assurant le chauffage, la climatisation et la production d&rsquo;eau chaude sanitaire.<\/p>\n<p>Mode climatisation\u00a0: Le syst\u00e8me rafra\u00eechit votre maison sans gaspiller d&rsquo;\u00e9nergie. Il utilise la chaleur extraite lors du refroidissement pour produire gratuitement de l&rsquo;eau chaude sanitaire (ECS).<\/p>\n<p>Mode chauffage\u00a0: En mode chauffage, le syst\u00e8me maintient la temp\u00e9rature de votre maison tout en fournissant en continu de l&rsquo;eau chaude pour vos besoins quotidiens.<\/p>\n<p>R\u00e9servoir d&rsquo;eau chaude sanitaire de 190\u00a0litres<br \/>\nChauffe l&rsquo;eau chaude sanitaire jusqu&rsquo;\u00e0 70\u00a0\u00b0C gr\u00e2ce au chauffage \u00e9lectrique, et jusqu&rsquo;\u00e0 55\u00a0\u00b0C en mode pompe \u00e0 chaleur.<br \/>\nR\u00e9chauffeur \u00e9lectrique suppl\u00e9mentaire de 2\u00a0kW<br \/>\nPermet de connecter jusqu&rsquo;\u00e0 3\u00a0unit\u00e9s int\u00e9rieures et 1\u00a0r\u00e9servoir d&rsquo;eau chaude sanitaire.<br \/>\nTechnologie 3D Full Inverter<br \/>\nEfficace par temps froid<br \/>\nFonctionnement silencieux<\/p>\n","protected":false},"featured_media":43340,"template":"","meta":[],"product_brand":[],"product_cat":[2004],"product_tag":[],"class_list":{"0":"post-43346","1":"product","2":"type-product","3":"status-publish","4":"has-post-thumbnail","6":"product_cat-climatiseur-multi-split","8":"first","9":"instock","10":"shipping-taxable","11":"product-type-simple"},"_links":{"self":[{"href":"https:\/\/airsystems.ge\/shop\/fr\/wp-json\/wp\/v2\/product\/43346","targetHints":{"allow":["GET"]}}],"collection":[{"href":"https:\/\/airsystems.ge\/shop\/fr\/wp-json\/wp\/v2\/product"}],"about":[{"href":"https:\/\/airsystems.ge\/shop\/fr\/wp-json\/wp\/v2\/types\/product"}],"wp:featuredmedia":[{"embeddable":true,"href":"https:\/\/airsystems.ge\/shop\/fr\/wp-json\/wp\/v2\/media\/43340"}],"wp:attachment":[{"href":"https:\/\/airsystems.ge\/shop\/fr\/wp-json\/wp\/v2\/media?parent=43346"}],"wp:term":[{"taxonomy":"product_brand","embeddable":true,"href":"https:\/\/airsystems.ge\/shop\/fr\/wp-json\/wp\/v2\/product_brand?post=43346"},{"taxonomy":"product_cat","embeddable":true,"href":"https:\/\/airsystems.ge\/shop\/fr\/wp-json\/wp\/v2\/product_cat?post=43346"},{"taxonomy":"product_tag","embeddable":true,"href":"https:\/\/airsystems.ge\/shop\/fr\/wp-json\/wp\/v2\/product_tag?post=43346"}],"curies":[{"name":"wp","href":"https:\/\/api.w.org\/{rel}","templated":true}]}}