{"id":43331,"date":"2025-10-25T16:55:18","date_gmt":"2025-10-25T12:55:18","guid":{"rendered":"https:\/\/airsystems.ge\/shop\/product\/multi-split-ac-outdoor-unit-outdoor-unit-multi-series-14-42-kbtu-m-hfn8-q-m2oh-14hfn8-q-m2oe-18hfn8-q-m3og-21hfn8-q-m3oa-27hfn8-q-m4oe-28hfn8-q-m4ob-36hfn8-q-m5oe-42hfn8-q-midea\/"},"modified":"2025-10-25T17:01:21","modified_gmt":"2025-10-25T13:01:21","slug":"multi-split-ac-outdoor-unit-outdoor-unit-multi-series-14-42-kbtu-m-hfn8-q-m2oh-14hfn8-q-m2oe-18hfn8-q-m3og-21hfn8-q-m3oa-27hfn8-q-m4oe-28hfn8-q-m4ob-36hfn8-q-m5oe-42hfn8-q-midea","status":"publish","type":"product","link":"https:\/\/airsystems.ge\/shop\/fr\/produit\/multi-split-ac-outdoor-unit-outdoor-unit-multi-series-14-42-kbtu-m-hfn8-q-m2oh-14hfn8-q-m2oe-18hfn8-q-m3og-21hfn8-q-m3oa-27hfn8-q-m4oe-28hfn8-q-m4ob-36hfn8-q-m5oe-42hfn8-q-midea\/","title":{"rendered":"Climatiseur multi-split  Unit\u00e9 ext\u00e9rieure  Unit\u00e9 ext\u00e9rieure S\u00e9rie Multi 14 &#8211; 42 KBTU M***-**HFN8-Q M2OH-14HFN8-Q M2OE-18HFN8-Q M3OG-21HFN8-Q M3OA-27HFN8-Q M4OE-28HFN8-Q M4OB-36HFN8-Q M5OE-42HFN8-Q  MIDEA"},"content":{"rendered":"","protected":false},"excerpt":{"rendered":"<h1>Unit\u00e9 ext\u00e9rieure S\u00e9rie Multi<\/h1>\n<p>Caract\u00e9ristiques produit<\/p>\n<p>Unit\u00e9 ext\u00e9rieure pour climatiseurs multi-split.<\/p>\n<p>Jusqu&rsquo;\u00e0 5 unit\u00e9s int\u00e9rieures peuvent \u00eatre connect\u00e9es.<br \/>\nTechnologie 3D Full Inverter<br \/>\nEfficace par temps froid.<br \/>\nFonctionnement silencieux.<\/p>\n","protected":false},"featured_media":43326,"template":"","meta":[],"product_brand":[],"product_cat":[2004],"product_tag":[],"class_list":{"0":"post-43331","1":"product","2":"type-product","3":"status-publish","4":"has-post-thumbnail","6":"product_cat-climatiseur-multi-split","8":"first","9":"instock","10":"shipping-taxable","11":"product-type-simple"},"_links":{"self":[{"href":"https:\/\/airsystems.ge\/shop\/fr\/wp-json\/wp\/v2\/product\/43331","targetHints":{"allow":["GET"]}}],"collection":[{"href":"https:\/\/airsystems.ge\/shop\/fr\/wp-json\/wp\/v2\/product"}],"about":[{"href":"https:\/\/airsystems.ge\/shop\/fr\/wp-json\/wp\/v2\/types\/product"}],"wp:featuredmedia":[{"embeddable":true,"href":"https:\/\/airsystems.ge\/shop\/fr\/wp-json\/wp\/v2\/media\/43326"}],"wp:attachment":[{"href":"https:\/\/airsystems.ge\/shop\/fr\/wp-json\/wp\/v2\/media?parent=43331"}],"wp:term":[{"taxonomy":"product_brand","embeddable":true,"href":"https:\/\/airsystems.ge\/shop\/fr\/wp-json\/wp\/v2\/product_brand?post=43331"},{"taxonomy":"product_cat","embeddable":true,"href":"https:\/\/airsystems.ge\/shop\/fr\/wp-json\/wp\/v2\/product_cat?post=43331"},{"taxonomy":"product_tag","embeddable":true,"href":"https:\/\/airsystems.ge\/shop\/fr\/wp-json\/wp\/v2\/product_tag?post=43331"}],"curies":[{"name":"wp","href":"https:\/\/api.w.org\/{rel}","templated":true}]}}