{"id":43306,"date":"2025-10-25T14:31:37","date_gmt":"2025-10-25T10:31:37","guid":{"rendered":"https:\/\/airsystems.ge\/shop\/product\/heat-recovery-ventilator-200-2000-m%c2%b3-h-hrv-da-hrv-d200a-hrv-d300a-hrv-d400a-hrv-d500a-hrv-d800a-hrv-d1000a-hrv-d1500a-hrv-d2000a-midea\/"},"modified":"2025-10-25T14:42:00","modified_gmt":"2025-10-25T10:42:00","slug":"heat-recovery-ventilator-200-2000-m%c2%b3-h-hrv-da-hrv-d200a-hrv-d300a-hrv-d400a-hrv-d500a-hrv-d800a-hrv-d1000a-hrv-d1500a-hrv-d2000a-midea","status":"publish","type":"product","link":"https:\/\/airsystems.ge\/shop\/fr\/produit\/heat-recovery-ventilator-200-2000-m%c2%b3-h-hrv-da-hrv-d200a-hrv-d300a-hrv-d400a-hrv-d500a-hrv-d800a-hrv-d1000a-hrv-d1500a-hrv-d2000a-midea\/","title":{"rendered":"Ventilateur r\u00e9cup\u00e9rateur de chaleur 200 &#8211; 2000 m\u00b3\/h HRV-D***(A) HRV-D200(A) HRV-D300(A) HRV-D400(A) HRV-D500(A) HRV-D800(A) HRV-D1000(A) HRV-D1500(A) HRV-D2000(A) MIDEA"},"content":{"rendered":"","protected":false},"excerpt":{"rendered":"<h1>Ventilateur r\u00e9cup\u00e9rateur de chaleur<\/h1>\n<p>Caract\u00e9ristiques du produit<\/p>\n<p>Unit\u00e9 de r\u00e9cup\u00e9ration de chaleur \u00e0 plaques<\/p>\n<p>Fournit l&rsquo;air frais et l&rsquo;\u00e9vacuation<br \/>\nHaute efficacit\u00e9\u00a0: jusqu&rsquo;\u00e0 83\u00a0%<br \/>\nTechnologie Inverter<br \/>\n4 modes de fonctionnement<br \/>\nFiltre \u00e0 air G4<\/p>\n","protected":false},"featured_media":43289,"template":"","meta":[],"product_brand":[],"product_cat":[1998],"product_tag":[],"class_list":{"0":"post-43306","1":"product","2":"type-product","3":"status-publish","4":"has-post-thumbnail","6":"product_cat-ventilateur-recuperateur-de-chaleur","8":"first","9":"instock","10":"shipping-taxable","11":"product-type-simple"},"_links":{"self":[{"href":"https:\/\/airsystems.ge\/shop\/fr\/wp-json\/wp\/v2\/product\/43306","targetHints":{"allow":["GET"]}}],"collection":[{"href":"https:\/\/airsystems.ge\/shop\/fr\/wp-json\/wp\/v2\/product"}],"about":[{"href":"https:\/\/airsystems.ge\/shop\/fr\/wp-json\/wp\/v2\/types\/product"}],"wp:featuredmedia":[{"embeddable":true,"href":"https:\/\/airsystems.ge\/shop\/fr\/wp-json\/wp\/v2\/media\/43289"}],"wp:attachment":[{"href":"https:\/\/airsystems.ge\/shop\/fr\/wp-json\/wp\/v2\/media?parent=43306"}],"wp:term":[{"taxonomy":"product_brand","embeddable":true,"href":"https:\/\/airsystems.ge\/shop\/fr\/wp-json\/wp\/v2\/product_brand?post=43306"},{"taxonomy":"product_cat","embeddable":true,"href":"https:\/\/airsystems.ge\/shop\/fr\/wp-json\/wp\/v2\/product_cat?post=43306"},{"taxonomy":"product_tag","embeddable":true,"href":"https:\/\/airsystems.ge\/shop\/fr\/wp-json\/wp\/v2\/product_tag?post=43306"}],"curies":[{"name":"wp","href":"https:\/\/api.w.org\/{rel}","templated":true}]}}