{"id":43268,"date":"2025-10-18T19:18:39","date_gmt":"2025-10-18T15:18:39","guid":{"rendered":"https:\/\/airsystems.ge\/shop\/product\/vrf-system-indoor-unit-cassette-one-way-cassette-v8-1-8-7-1-kw-mihq1hn18-mih18q1hn18-mih22q1hn18-mih28q1hn18-mih36q1hn18-mih45q1hn18-mih56q1hn18-mih71q1hn18-midea\/"},"modified":"2025-10-18T19:23:18","modified_gmt":"2025-10-18T15:23:18","slug":"vrf-system-indoor-unit-cassette-one-way-cassette-v8-1-8-7-1-kw-mihq1hn18-mih18q1hn18-mih22q1hn18-mih28q1hn18-mih36q1hn18-mih45q1hn18-mih56q1hn18-mih71q1hn18-midea","status":"publish","type":"product","link":"https:\/\/airsystems.ge\/shop\/fr\/produit\/vrf-system-indoor-unit-cassette-one-way-cassette-v8-1-8-7-1-kw-mihq1hn18-mih18q1hn18-mih22q1hn18-mih28q1hn18-mih36q1hn18-mih45q1hn18-mih56q1hn18-mih71q1hn18-midea\/","title":{"rendered":"Unit\u00e9 int\u00e9rieure VRF Cassette  Cassette unidirectionnelle, V8 1,8 &#8211; 7,1 kW MIH**Q1HN18  MIH18Q1HN18 MIH22Q1HN18 MIH28Q1HN18 MIH36Q1HN18 MIH45Q1HN18 MIH56Q1HN18 MIH71Q1HN18  MIDEA"},"content":{"rendered":"","protected":false},"excerpt":{"rendered":"<h1>Cassette unidirectionnelle, V8<\/h1>\n<p>Caract\u00e9ristiques produit<\/p>\n<p>Cassette unidirectionnelle g\u00e9n\u00e9ration V8<\/p>\n<p>Technologie Inverter 7 vitesses<br \/>\nBalan\u00e7oire verticale \u00e0 plusieurs niveaux<br \/>\nPompe de vidange Inverter haute pression\u00a0: hauteur de levage de 1,2 m<br \/>\nOrifice d&rsquo;admission d&rsquo;air frais\u00a0: jusqu&rsquo;\u00e0 10\u00a0%<br \/>\nContr\u00f4le de l&rsquo;humidit\u00e9<br \/>\nMETA 2\u00a0: Efficacit\u00e9 am\u00e9lior\u00e9e, refroidissement\/chauffage rapide<br \/>\nHyperlink\u00a0: R\u00e9duction du temps et des co\u00fbts d&rsquo;installation<br \/>\nZen air 2.0\u00a0: Gestion multifonctionnelle du flux d&rsquo;air<br \/>\n\u00c9changeur de chaleur automatique Fonction de nettoyage<br \/>\nFonctionnement silencieux<\/p>\n","protected":false},"featured_media":43257,"template":"","meta":[],"product_brand":[],"product_cat":[1992],"product_tag":[],"class_list":{"0":"post-43268","1":"product","2":"type-product","3":"status-publish","4":"has-post-thumbnail","6":"product_cat-systeme-vrf","8":"first","9":"instock","10":"shipping-taxable","11":"product-type-simple"},"_links":{"self":[{"href":"https:\/\/airsystems.ge\/shop\/fr\/wp-json\/wp\/v2\/product\/43268","targetHints":{"allow":["GET"]}}],"collection":[{"href":"https:\/\/airsystems.ge\/shop\/fr\/wp-json\/wp\/v2\/product"}],"about":[{"href":"https:\/\/airsystems.ge\/shop\/fr\/wp-json\/wp\/v2\/types\/product"}],"wp:featuredmedia":[{"embeddable":true,"href":"https:\/\/airsystems.ge\/shop\/fr\/wp-json\/wp\/v2\/media\/43257"}],"wp:attachment":[{"href":"https:\/\/airsystems.ge\/shop\/fr\/wp-json\/wp\/v2\/media?parent=43268"}],"wp:term":[{"taxonomy":"product_brand","embeddable":true,"href":"https:\/\/airsystems.ge\/shop\/fr\/wp-json\/wp\/v2\/product_brand?post=43268"},{"taxonomy":"product_cat","embeddable":true,"href":"https:\/\/airsystems.ge\/shop\/fr\/wp-json\/wp\/v2\/product_cat?post=43268"},{"taxonomy":"product_tag","embeddable":true,"href":"https:\/\/airsystems.ge\/shop\/fr\/wp-json\/wp\/v2\/product_tag?post=43268"}],"curies":[{"name":"wp","href":"https:\/\/api.w.org\/{rel}","templated":true}]}}