{"id":43247,"date":"2025-10-18T19:10:10","date_gmt":"2025-10-18T15:10:10","guid":{"rendered":"https:\/\/airsystems.ge\/shop\/product\/vrf-system-indoor-unit-cassette-four-way-cassette-v8-2-8-18-kw-mihq4hn18-mih28q4hn18-mih36q4hn18-mih45q4hn18-mih56q4hn18-mih71q4hn18-mih80q4hn18-mih90q4hn18-mih100q4hn18-mih112q4hn18-mih140q4hn\/"},"modified":"2025-10-18T19:14:20","modified_gmt":"2025-10-18T15:14:20","slug":"vrf-system-indoor-unit-cassette-four-way-cassette-v8-2-8-18-kw-mihq4hn18-mih28q4hn18-mih36q4hn18-mih45q4hn18-mih56q4hn18-mih71q4hn18-mih80q4hn18-mih90q4hn18-mih100q4hn18-mih112q4hn18-mih140q4hn","status":"publish","type":"product","link":"https:\/\/airsystems.ge\/shop\/fr\/produit\/vrf-system-indoor-unit-cassette-four-way-cassette-v8-2-8-18-kw-mihq4hn18-mih28q4hn18-mih36q4hn18-mih45q4hn18-mih56q4hn18-mih71q4hn18-mih80q4hn18-mih90q4hn18-mih100q4hn18-mih112q4hn18-mih140q4hn\/","title":{"rendered":"Unit\u00e9 int\u00e9rieure VRF Cassette  Cassette quatre voies, V8 2,8 &#8211; 18 kW MIH**Q4HN18  MIH28Q4HN18 MIH36Q4HN18 MIH45Q4HN18 MIH56Q4HN18 MIH71Q4HN18 MIH80Q4HN18 MIH90Q4HN18 MIH100Q4HN18 MIH112Q4HN18 MIH140Q4HN18 MIH160Q4HN18 MIH180Q4HN18  MIDEA"},"content":{"rendered":"","protected":false},"excerpt":{"rendered":"<h1>Cassette quatre voies, V8<\/h1>\n<p>Caract\u00e9ristiques produit<\/p>\n<p>Cassette quatre voies g\u00e9n\u00e9ration V8<\/p>\n<p>Technologie Inverter 7 vitesses<br \/>\nFlux d&rsquo;air \u00e0 360\u00b0\u00a0: assure une distribution d&rsquo;air uniforme<br \/>\nContr\u00f4le individuel des volets<br \/>\nPompe de vidange Inverter haute pression\u00a0: 1,2 m Augmenter la hauteur<br \/>\nOrifice d&rsquo;admission d&rsquo;air frais\u00a0: Jusqu&rsquo;\u00e0 10\u00a0%<br \/>\nContr\u00f4le de l&rsquo;humidit\u00e9<br \/>\nMETA 2\u00a0: Efficacit\u00e9 am\u00e9lior\u00e9e, refroidissement\/chauffage rapide<br \/>\nHyperlien\u00a0: R\u00e9duction du temps et des co\u00fbts d&rsquo;installation<br \/>\nZen air 2.0\u00a0: Gestion multifonctionnelle du flux d&rsquo;air<br \/>\nFonction de nettoyage automatique de l&rsquo;\u00e9changeur de chaleur<br \/>\nFonctionnement silencieux<\/p>\n","protected":false},"featured_media":43242,"template":"","meta":[],"product_brand":[],"product_cat":[1992],"product_tag":[],"class_list":{"0":"post-43247","1":"product","2":"type-product","3":"status-publish","4":"has-post-thumbnail","6":"product_cat-systeme-vrf","8":"first","9":"instock","10":"shipping-taxable","11":"product-type-simple"},"_links":{"self":[{"href":"https:\/\/airsystems.ge\/shop\/fr\/wp-json\/wp\/v2\/product\/43247","targetHints":{"allow":["GET"]}}],"collection":[{"href":"https:\/\/airsystems.ge\/shop\/fr\/wp-json\/wp\/v2\/product"}],"about":[{"href":"https:\/\/airsystems.ge\/shop\/fr\/wp-json\/wp\/v2\/types\/product"}],"wp:featuredmedia":[{"embeddable":true,"href":"https:\/\/airsystems.ge\/shop\/fr\/wp-json\/wp\/v2\/media\/43242"}],"wp:attachment":[{"href":"https:\/\/airsystems.ge\/shop\/fr\/wp-json\/wp\/v2\/media?parent=43247"}],"wp:term":[{"taxonomy":"product_brand","embeddable":true,"href":"https:\/\/airsystems.ge\/shop\/fr\/wp-json\/wp\/v2\/product_brand?post=43247"},{"taxonomy":"product_cat","embeddable":true,"href":"https:\/\/airsystems.ge\/shop\/fr\/wp-json\/wp\/v2\/product_cat?post=43247"},{"taxonomy":"product_tag","embeddable":true,"href":"https:\/\/airsystems.ge\/shop\/fr\/wp-json\/wp\/v2\/product_tag?post=43247"}],"curies":[{"name":"wp","href":"https:\/\/api.w.org\/{rel}","templated":true}]}}