{"id":43233,"date":"2025-10-18T19:01:05","date_gmt":"2025-10-18T15:01:05","guid":{"rendered":"https:\/\/airsystems.ge\/shop\/product\/vrf-system-indoor-unit-cassette-compact-cassette-v8-1-5-6-3-kw-mihq4chn18-mih15q4chn18-mih22q4chn18-mih28q4chn18-mih36q4chn18-mih45q4chn18-mih56q4chn18-mih63q4chn18-midea\/"},"modified":"2025-10-18T19:05:37","modified_gmt":"2025-10-18T15:05:37","slug":"vrf-system-indoor-unit-cassette-compact-cassette-v8-1-5-6-3-kw-mihq4chn18-mih15q4chn18-mih22q4chn18-mih28q4chn18-mih36q4chn18-mih45q4chn18-mih56q4chn18-mih63q4chn18-midea","status":"publish","type":"product","link":"https:\/\/airsystems.ge\/shop\/fr\/produit\/vrf-system-indoor-unit-cassette-compact-cassette-v8-1-5-6-3-kw-mihq4chn18-mih15q4chn18-mih22q4chn18-mih28q4chn18-mih36q4chn18-mih45q4chn18-mih56q4chn18-mih63q4chn18-midea\/","title":{"rendered":"Unit\u00e9 int\u00e9rieure cassette VRF Cassette compacte, V8 1,5 &#8211; 6,3 kW MIH**Q4CHN18  MIH15Q4CHN18 MIH22Q4CHN18 MIH28Q4CHN18 MIH36Q4CHN18 MIH45Q4CHN18 MIH56Q4CHN18 MIH63Q4CHN18  MIDEA"},"content":{"rendered":"","protected":false},"excerpt":{"rendered":"<h1>Cassette compacte, V8<\/h1>\n<p>Caract\u00e9ristiques produit<\/p>\n<p>Cassette compacte quatre voies de g\u00e9n\u00e9ration V8<\/p>\n<p>Technologie Inverter 7 vitesses<br \/>\nFormat compact, installation facile<br \/>\nFlux d&rsquo;air \u00e0 360\u00b0\u00a0: assure une distribution d&rsquo;air uniforme<br \/>\nContr\u00f4le individuel des volets<br \/>\nPompe de vidange Inverter haute pression\u00a0: hauteur de refoulement de 1,2 m<br \/>\nOrifice d&rsquo;admission d&rsquo;air frais\u00a0: jusqu&rsquo;\u00e0 10\u00a0%<br \/>\nContr\u00f4le de l&rsquo;humidit\u00e9<br \/>\nMETA 2\u00a0: efficacit\u00e9 am\u00e9lior\u00e9e, refroidissement\/chauffage rapide<br \/>\nHyperlink\u00a0: r\u00e9duit le temps d&rsquo;installation et Co\u00fbt<br \/>\nZen air 2.0\u00a0: Gestion multifonctionnelle du flux d&rsquo;air<br \/>\nFonction de nettoyage automatique de l&rsquo;\u00e9changeur de chaleur<br \/>\nFonctionnement silencieux<\/p>\n","protected":false},"featured_media":43228,"template":"","meta":[],"product_brand":[],"product_cat":[1992],"product_tag":[],"class_list":{"0":"post-43233","1":"product","2":"type-product","3":"status-publish","4":"has-post-thumbnail","6":"product_cat-systeme-vrf","8":"first","9":"instock","10":"shipping-taxable","11":"product-type-simple"},"_links":{"self":[{"href":"https:\/\/airsystems.ge\/shop\/fr\/wp-json\/wp\/v2\/product\/43233","targetHints":{"allow":["GET"]}}],"collection":[{"href":"https:\/\/airsystems.ge\/shop\/fr\/wp-json\/wp\/v2\/product"}],"about":[{"href":"https:\/\/airsystems.ge\/shop\/fr\/wp-json\/wp\/v2\/types\/product"}],"wp:featuredmedia":[{"embeddable":true,"href":"https:\/\/airsystems.ge\/shop\/fr\/wp-json\/wp\/v2\/media\/43228"}],"wp:attachment":[{"href":"https:\/\/airsystems.ge\/shop\/fr\/wp-json\/wp\/v2\/media?parent=43233"}],"wp:term":[{"taxonomy":"product_brand","embeddable":true,"href":"https:\/\/airsystems.ge\/shop\/fr\/wp-json\/wp\/v2\/product_brand?post=43233"},{"taxonomy":"product_cat","embeddable":true,"href":"https:\/\/airsystems.ge\/shop\/fr\/wp-json\/wp\/v2\/product_cat?post=43233"},{"taxonomy":"product_tag","embeddable":true,"href":"https:\/\/airsystems.ge\/shop\/fr\/wp-json\/wp\/v2\/product_tag?post=43233"}],"curies":[{"name":"wp","href":"https:\/\/api.w.org\/{rel}","templated":true}]}}