{"id":43217,"date":"2025-10-18T18:52:53","date_gmt":"2025-10-18T14:52:53","guid":{"rendered":"https:\/\/airsystems.ge\/shop\/product\/vrf-system-indoor-unit-cassette-one-way-cassette-2nd-generation-dc-1-8-7-1-kw-mi2-q1dn1-mi2-18q1dn1-mi2-22q1dn1-mi2-28q1dn1-mi2-36q1dn1-mi2-45q1dn1-mi2-56q1dn1-mi2-71q1dn1-midea\/"},"modified":"2025-10-18T18:57:06","modified_gmt":"2025-10-18T14:57:06","slug":"vrf-system-indoor-unit-cassette-one-way-cassette-2nd-generation-dc-1-8-7-1-kw-mi2-q1dn1-mi2-18q1dn1-mi2-22q1dn1-mi2-28q1dn1-mi2-36q1dn1-mi2-45q1dn1-mi2-56q1dn1-mi2-71q1dn1-midea","status":"publish","type":"product","link":"https:\/\/airsystems.ge\/shop\/fr\/produit\/vrf-system-indoor-unit-cassette-one-way-cassette-2nd-generation-dc-1-8-7-1-kw-mi2-q1dn1-mi2-18q1dn1-mi2-22q1dn1-mi2-28q1dn1-mi2-36q1dn1-mi2-45q1dn1-mi2-56q1dn1-mi2-71q1dn1-midea\/","title":{"rendered":"Unit\u00e9 int\u00e9rieure cassette DRV  Cassette unidirectionnelle 2e g\u00e9n\u00e9ration, CC 1,8 &#8211; 7,1 kW MI2-**Q1DN1  MI2-18Q1DN1 MI2-22Q1DN1 MI2-28Q1DN1 MI2-36Q1DN1 MI2-45Q1DN1 MI2-56Q1DN1 MI2-71Q1DN1  MIDEA"},"content":{"rendered":"","protected":false},"excerpt":{"rendered":"<p><strong>Cassette unidirectionnelle 2e g\u00e9n\u00e9ration, CC<\/strong><br \/>\nCaract\u00e9ristiques du produit<\/p>\n<p>Cassette unidirectionnelle 2e g\u00e9n\u00e9ration<\/p>\n<p>Technologie Inverter 7 vitesses<br \/>\nBalan\u00e7oire verticale \u00e0 plusieurs niveaux<br \/>\nHauteur de relevage de la pompe de vidange\u00a0: 75\u00a0cm<br \/>\nOrifice d\u2019admission d\u2019air frais\u00a0: jusqu\u2019\u00e0 10\u00a0%<br \/>\nFonctionnement silencieux<\/p>\n","protected":false},"featured_media":43211,"template":"","meta":[],"product_brand":[],"product_cat":[1992],"product_tag":[],"class_list":{"0":"post-43217","1":"product","2":"type-product","3":"status-publish","4":"has-post-thumbnail","6":"product_cat-systeme-vrf","8":"first","9":"instock","10":"shipping-taxable","11":"product-type-simple"},"_links":{"self":[{"href":"https:\/\/airsystems.ge\/shop\/fr\/wp-json\/wp\/v2\/product\/43217","targetHints":{"allow":["GET"]}}],"collection":[{"href":"https:\/\/airsystems.ge\/shop\/fr\/wp-json\/wp\/v2\/product"}],"about":[{"href":"https:\/\/airsystems.ge\/shop\/fr\/wp-json\/wp\/v2\/types\/product"}],"wp:featuredmedia":[{"embeddable":true,"href":"https:\/\/airsystems.ge\/shop\/fr\/wp-json\/wp\/v2\/media\/43211"}],"wp:attachment":[{"href":"https:\/\/airsystems.ge\/shop\/fr\/wp-json\/wp\/v2\/media?parent=43217"}],"wp:term":[{"taxonomy":"product_brand","embeddable":true,"href":"https:\/\/airsystems.ge\/shop\/fr\/wp-json\/wp\/v2\/product_brand?post=43217"},{"taxonomy":"product_cat","embeddable":true,"href":"https:\/\/airsystems.ge\/shop\/fr\/wp-json\/wp\/v2\/product_cat?post=43217"},{"taxonomy":"product_tag","embeddable":true,"href":"https:\/\/airsystems.ge\/shop\/fr\/wp-json\/wp\/v2\/product_tag?post=43217"}],"curies":[{"name":"wp","href":"https:\/\/api.w.org\/{rel}","templated":true}]}}