{"id":43201,"date":"2025-10-18T18:42:19","date_gmt":"2025-10-18T14:42:19","guid":{"rendered":"https:\/\/airsystems.ge\/shop\/product\/vrf-system-indoor-unit-cassette-two-way-cassette-2nd-generation-dc-2-2-7-1-kw-mi2-q2dn1-mi2-22q2dn1-mi2-28q2dn1-mi2-36q2dn1-mi2-45q2dn1-mi2-56q2dn1-mi2-71q2dn1-midea\/"},"modified":"2025-10-18T18:46:43","modified_gmt":"2025-10-18T14:46:43","slug":"vrf-system-indoor-unit-cassette-two-way-cassette-2nd-generation-dc-2-2-7-1-kw-mi2-q2dn1-mi2-22q2dn1-mi2-28q2dn1-mi2-36q2dn1-mi2-45q2dn1-mi2-56q2dn1-mi2-71q2dn1-midea","status":"publish","type":"product","link":"https:\/\/airsystems.ge\/shop\/fr\/produit\/vrf-system-indoor-unit-cassette-two-way-cassette-2nd-generation-dc-2-2-7-1-kw-mi2-q2dn1-mi2-22q2dn1-mi2-28q2dn1-mi2-36q2dn1-mi2-45q2dn1-mi2-56q2dn1-mi2-71q2dn1-midea\/","title":{"rendered":"Unit\u00e9 int\u00e9rieure cassette VRF Cassette bidirectionnelle, 2e g\u00e9n\u00e9ration, CC 2,2 &#8211; 7,1 kW MI2-**Q2DN1  MI2-22Q2DN1 MI2-28Q2DN1 MI2-36Q2DN1 MI2-45Q2DN1 MI2-56Q2DN1 MI2-71Q2DN1  MIDEA"},"content":{"rendered":"","protected":false},"excerpt":{"rendered":"<h1>Cassette bidirectionnelle, 2e g\u00e9n\u00e9ration, CC<\/h1>\n<p>Caract\u00e9ristiques du produit<\/p>\n<p>Cassette bidirectionnelle 2e g\u00e9n\u00e9ration<\/p>\n<p>Technologie Inverter 7 vitesses<br \/>\nHauteur de relevage de la pompe de vidange\u00a0: 75\u00a0cm<br \/>\nPrise d&rsquo;air frais\u00a0: jusqu&rsquo;\u00e0 10\u00a0%<br \/>\nFonctionnement silencieux<\/p>\n","protected":false},"featured_media":43196,"template":"","meta":[],"product_brand":[],"product_cat":[1992],"product_tag":[],"class_list":{"0":"post-43201","1":"product","2":"type-product","3":"status-publish","4":"has-post-thumbnail","6":"product_cat-systeme-vrf","8":"first","9":"instock","10":"shipping-taxable","11":"product-type-simple"},"_links":{"self":[{"href":"https:\/\/airsystems.ge\/shop\/fr\/wp-json\/wp\/v2\/product\/43201","targetHints":{"allow":["GET"]}}],"collection":[{"href":"https:\/\/airsystems.ge\/shop\/fr\/wp-json\/wp\/v2\/product"}],"about":[{"href":"https:\/\/airsystems.ge\/shop\/fr\/wp-json\/wp\/v2\/types\/product"}],"wp:featuredmedia":[{"embeddable":true,"href":"https:\/\/airsystems.ge\/shop\/fr\/wp-json\/wp\/v2\/media\/43196"}],"wp:attachment":[{"href":"https:\/\/airsystems.ge\/shop\/fr\/wp-json\/wp\/v2\/media?parent=43201"}],"wp:term":[{"taxonomy":"product_brand","embeddable":true,"href":"https:\/\/airsystems.ge\/shop\/fr\/wp-json\/wp\/v2\/product_brand?post=43201"},{"taxonomy":"product_cat","embeddable":true,"href":"https:\/\/airsystems.ge\/shop\/fr\/wp-json\/wp\/v2\/product_cat?post=43201"},{"taxonomy":"product_tag","embeddable":true,"href":"https:\/\/airsystems.ge\/shop\/fr\/wp-json\/wp\/v2\/product_tag?post=43201"}],"curies":[{"name":"wp","href":"https:\/\/api.w.org\/{rel}","templated":true}]}}