{"id":43187,"date":"2025-10-18T18:33:54","date_gmt":"2025-10-18T14:33:54","guid":{"rendered":"https:\/\/airsystems.ge\/shop\/product\/vrf-system-indoor-unit-cassette-compact-cassette-2nd-generation-dc-2-8-4-5-kw-mi2-q4cdn1-mi2-22q4cdn1-mi2-28q4cdn1-mi2-36q4cdn1-mi2-45q4cdn1-midea\/"},"modified":"2025-10-18T18:37:31","modified_gmt":"2025-10-18T14:37:31","slug":"vrf-system-indoor-unit-cassette-compact-cassette-2nd-generation-dc-2-8-4-5-kw-mi2-q4cdn1-mi2-22q4cdn1-mi2-28q4cdn1-mi2-36q4cdn1-mi2-45q4cdn1-midea","status":"publish","type":"product","link":"https:\/\/airsystems.ge\/shop\/fr\/produit\/vrf-system-indoor-unit-cassette-compact-cassette-2nd-generation-dc-2-8-4-5-kw-mi2-q4cdn1-mi2-22q4cdn1-mi2-28q4cdn1-mi2-36q4cdn1-mi2-45q4cdn1-midea\/","title":{"rendered":"Unit\u00e9 int\u00e9rieure cassette DRV  Cassette compacte, 2e g\u00e9n\u00e9ration, CC 2,8 &#8211; 4,5 kW MI2-**Q4CDN1  MI2-22Q4CDN1 MI2-28Q4CDN1 MI2-36Q4CDN1 MI2-45Q4CDN1  MIDEA"},"content":{"rendered":"","protected":false},"excerpt":{"rendered":"<section class=\"section_product-inner-hero\">\n<div class=\"padding-global\">\n<div id=\"lg-parent\" class=\"grid\">\n<div id=\"w-node-c63541f9-43bc-1c18-7844-90c28a81f2cb-875f3092\" class=\"product-inner_info-block\">\n<div class=\"product-inner_info-block-inner\">\n<div class=\"product-inner_text-block\">\n<h1>Cassette compacte, 2e g\u00e9n\u00e9ration, DC<\/h1>\n<p>Caract\u00e9ristiques du produit<\/p>\n<p>Cassette compacte quatre voies, 2e g\u00e9n\u00e9ration<\/p>\n<p>Technologie Inverter 7 vitesses<br \/>\nFormat compact, installation facile<br \/>\nFlux d&rsquo;air \u00e0 360\u00b0\u00a0: assure une distribution uniforme de l&rsquo;air<br \/>\nR\u00e9glage individuel des volets<br \/>\nHauteur de relevage de la pompe de vidange\u00a0: 75 cm<br \/>\nPrise d&rsquo;air frais\u00a0: jusqu&rsquo;\u00e0 10\u00a0%<br \/>\nFonctionnement silencieux<\/p>\n<\/div>\n<\/div>\n<\/div>\n<\/div>\n<\/div>\n<\/section>\n","protected":false},"featured_media":43181,"template":"","meta":[],"product_brand":[],"product_cat":[1992],"product_tag":[],"class_list":{"0":"post-43187","1":"product","2":"type-product","3":"status-publish","4":"has-post-thumbnail","6":"product_cat-systeme-vrf","8":"first","9":"instock","10":"shipping-taxable","11":"product-type-simple"},"_links":{"self":[{"href":"https:\/\/airsystems.ge\/shop\/fr\/wp-json\/wp\/v2\/product\/43187","targetHints":{"allow":["GET"]}}],"collection":[{"href":"https:\/\/airsystems.ge\/shop\/fr\/wp-json\/wp\/v2\/product"}],"about":[{"href":"https:\/\/airsystems.ge\/shop\/fr\/wp-json\/wp\/v2\/types\/product"}],"wp:featuredmedia":[{"embeddable":true,"href":"https:\/\/airsystems.ge\/shop\/fr\/wp-json\/wp\/v2\/media\/43181"}],"wp:attachment":[{"href":"https:\/\/airsystems.ge\/shop\/fr\/wp-json\/wp\/v2\/media?parent=43187"}],"wp:term":[{"taxonomy":"product_brand","embeddable":true,"href":"https:\/\/airsystems.ge\/shop\/fr\/wp-json\/wp\/v2\/product_brand?post=43187"},{"taxonomy":"product_cat","embeddable":true,"href":"https:\/\/airsystems.ge\/shop\/fr\/wp-json\/wp\/v2\/product_cat?post=43187"},{"taxonomy":"product_tag","embeddable":true,"href":"https:\/\/airsystems.ge\/shop\/fr\/wp-json\/wp\/v2\/product_tag?post=43187"}],"curies":[{"name":"wp","href":"https:\/\/api.w.org\/{rel}","templated":true}]}}