{"id":43170,"date":"2025-10-18T18:19:10","date_gmt":"2025-10-18T14:19:10","guid":{"rendered":"https:\/\/airsystems.ge\/shop\/product\/vrf-system-indoor-unit-cassette-one-way-cassette-2nd-generation-ac-1-8-7-1-kw-mdv-dq1-n1-db-mdv-d18q1-n1-db-mdv-d22q1-n1-db-mdv-d28q1-n1-db-mdv-d36q1-n1-db-mdv-d45q1-n1-db-mdv-d56q\/"},"modified":"2025-10-18T18:28:15","modified_gmt":"2025-10-18T14:28:15","slug":"vrf-system-indoor-unit-cassette-one-way-cassette-2nd-generation-ac-1-8-7-1-kw-mdv-dq1-n1-db-mdv-d18q1-n1-db-mdv-d22q1-n1-db-mdv-d28q1-n1-db-mdv-d36q1-n1-db-mdv-d45q1-n1-db-mdv-d56q","status":"publish","type":"product","link":"https:\/\/airsystems.ge\/shop\/fr\/produit\/vrf-system-indoor-unit-cassette-one-way-cassette-2nd-generation-ac-1-8-7-1-kw-mdv-dq1-n1-db-mdv-d18q1-n1-db-mdv-d22q1-n1-db-mdv-d28q1-n1-db-mdv-d36q1-n1-db-mdv-d45q1-n1-db-mdv-d56q\/","title":{"rendered":"Unit\u00e9 int\u00e9rieure cassette VRF Cassette unidirectionnelle, 2e g\u00e9n\u00e9ration, climatisation 1,8 &#8211; 7,1 kW MDV-D**Q1\/N1-D(B)  MDV-D18Q1\/N1-D(B) MDV-D22Q1\/N1-D(B) MDV-D28Q1\/N1-D(B) MDV-D36Q1\/N1-D(B) MDV-D45Q1\/N1-D(B) MDV-D56Q1\/N1-D(B) MDV-D71Q1\/N1-D(B)  MIDEA"},"content":{"rendered":"","protected":false},"excerpt":{"rendered":"<h1>Cassette unidirectionnelle, 2e g\u00e9n\u00e9ration, climatisation<\/h1>\n<p>Caract\u00e9ristiques du produit<\/p>\n<p>Cassette unidirectionnelle 2e g\u00e9n\u00e9ration<\/p>\n<p>3 vitesses de ventilation<br \/>\nBalan\u00e7oire verticale \u00e0 plusieurs niveaux<br \/>\nHauteur de relevage de la pompe de vidange\u00a0: 75\u00a0cm<br \/>\nPrise d&rsquo;air frais\u00a0: jusqu&rsquo;\u00e0 10\u00a0%<\/p>\n","protected":false},"featured_media":43165,"template":"","meta":[],"product_brand":[],"product_cat":[1992],"product_tag":[],"class_list":{"0":"post-43170","1":"product","2":"type-product","3":"status-publish","4":"has-post-thumbnail","6":"product_cat-systeme-vrf","8":"first","9":"instock","10":"shipping-taxable","11":"product-type-simple"},"_links":{"self":[{"href":"https:\/\/airsystems.ge\/shop\/fr\/wp-json\/wp\/v2\/product\/43170","targetHints":{"allow":["GET"]}}],"collection":[{"href":"https:\/\/airsystems.ge\/shop\/fr\/wp-json\/wp\/v2\/product"}],"about":[{"href":"https:\/\/airsystems.ge\/shop\/fr\/wp-json\/wp\/v2\/types\/product"}],"wp:featuredmedia":[{"embeddable":true,"href":"https:\/\/airsystems.ge\/shop\/fr\/wp-json\/wp\/v2\/media\/43165"}],"wp:attachment":[{"href":"https:\/\/airsystems.ge\/shop\/fr\/wp-json\/wp\/v2\/media?parent=43170"}],"wp:term":[{"taxonomy":"product_brand","embeddable":true,"href":"https:\/\/airsystems.ge\/shop\/fr\/wp-json\/wp\/v2\/product_brand?post=43170"},{"taxonomy":"product_cat","embeddable":true,"href":"https:\/\/airsystems.ge\/shop\/fr\/wp-json\/wp\/v2\/product_cat?post=43170"},{"taxonomy":"product_tag","embeddable":true,"href":"https:\/\/airsystems.ge\/shop\/fr\/wp-json\/wp\/v2\/product_tag?post=43170"}],"curies":[{"name":"wp","href":"https:\/\/api.w.org\/{rel}","templated":true}]}}