{"id":43154,"date":"2025-10-18T17:20:15","date_gmt":"2025-10-18T13:20:15","guid":{"rendered":"https:\/\/airsystems.ge\/shop\/product\/vrf-system-indoor-unit-cassette-four-way-cassette-second-generation-ac-2-8-16-kw-mdv-dq4-n1-eb-mdv-d28q4-n1-eb-mdv-d36q4-n1-eb-mdv-d45q4-n1-eb-mdv-d56q4-n1-eb-mdv-d71q4-n1-eb-mdv-d8\/"},"modified":"2025-10-18T17:25:06","modified_gmt":"2025-10-18T13:25:06","slug":"vrf-system-indoor-unit-cassette-four-way-cassette-second-generation-ac-2-8-16-kw-mdv-dq4-n1-eb-mdv-d28q4-n1-eb-mdv-d36q4-n1-eb-mdv-d45q4-n1-eb-mdv-d56q4-n1-eb-mdv-d71q4-n1-eb-mdv-d8","status":"publish","type":"product","link":"https:\/\/airsystems.ge\/shop\/fr\/produit\/vrf-system-indoor-unit-cassette-four-way-cassette-second-generation-ac-2-8-16-kw-mdv-dq4-n1-eb-mdv-d28q4-n1-eb-mdv-d36q4-n1-eb-mdv-d45q4-n1-eb-mdv-d56q4-n1-eb-mdv-d71q4-n1-eb-mdv-d8\/","title":{"rendered":"Syst\u00e8me VRF Unit\u00e9 int\u00e9rieure Cassette Cassette \u00e0 quatre voies, deuxi\u00e8me g\u00e9n\u00e9ration, AC 2,8 &#8211; 16 kW MDV-D**Q4\/N1-E(B)  MDV-D28Q4\/N1-E(B) MDV-D36Q4\/N1-E(B) MDV-D45Q4\/N1-E(B) MDV-D56Q4\/N1-E(B) MDV-D71Q4\/N1-E(B) MDV-D80Q4\/N1-E(B) MDV-D90Q4\/N1-E(B) MDV-D100Q4\/N1-E(B) MDV-D112Q4\/N1-E(B) MDV-D140Q4\/N1-E(B)  MIDEA"},"content":{"rendered":"","protected":false},"excerpt":{"rendered":"<h1>Four-Way Cassette, Second Generation, AC<\/h1>\n<p>Cassette \u00e0 quatre voies, deuxi\u00e8me g\u00e9n\u00e9ration, AC<br \/>\nProduit Sp\u00e9cifications<\/p>\n<p>Cassette quatre voies 2e g\u00e9n\u00e9ration<\/p>\n<p>3 vitesses de ventilation<br \/>\nFlux d&rsquo;air \u00e0 360\u00b0\u00a0: assure une distribution uniforme de l&rsquo;air<br \/>\nR\u00e9glage individuel des volets<br \/>\nHauteur de relevage de la pompe de vidange\u00a0: 75\u00a0cm<br \/>\nPrise d&rsquo;air frais\u00a0: jusqu&rsquo;\u00e0 10\u00a0%<\/p>\n","protected":false},"featured_media":43148,"template":"","meta":[],"product_brand":[],"product_cat":[1992],"product_tag":[],"class_list":{"0":"post-43154","1":"product","2":"type-product","3":"status-publish","4":"has-post-thumbnail","6":"product_cat-systeme-vrf","8":"first","9":"instock","10":"shipping-taxable","11":"product-type-simple"},"_links":{"self":[{"href":"https:\/\/airsystems.ge\/shop\/fr\/wp-json\/wp\/v2\/product\/43154","targetHints":{"allow":["GET"]}}],"collection":[{"href":"https:\/\/airsystems.ge\/shop\/fr\/wp-json\/wp\/v2\/product"}],"about":[{"href":"https:\/\/airsystems.ge\/shop\/fr\/wp-json\/wp\/v2\/types\/product"}],"wp:featuredmedia":[{"embeddable":true,"href":"https:\/\/airsystems.ge\/shop\/fr\/wp-json\/wp\/v2\/media\/43148"}],"wp:attachment":[{"href":"https:\/\/airsystems.ge\/shop\/fr\/wp-json\/wp\/v2\/media?parent=43154"}],"wp:term":[{"taxonomy":"product_brand","embeddable":true,"href":"https:\/\/airsystems.ge\/shop\/fr\/wp-json\/wp\/v2\/product_brand?post=43154"},{"taxonomy":"product_cat","embeddable":true,"href":"https:\/\/airsystems.ge\/shop\/fr\/wp-json\/wp\/v2\/product_cat?post=43154"},{"taxonomy":"product_tag","embeddable":true,"href":"https:\/\/airsystems.ge\/shop\/fr\/wp-json\/wp\/v2\/product_tag?post=43154"}],"curies":[{"name":"wp","href":"https:\/\/api.w.org\/{rel}","templated":true}]}}