{"id":43138,"date":"2025-10-18T17:05:42","date_gmt":"2025-10-18T13:05:42","guid":{"rendered":"https:\/\/airsystems.ge\/shop\/product\/vrf-system-indoor-unit-cassette-four-way-cassette-2nd-generation-dc-2-8-16-kw-mi2-q4dn1-mi2-28q4dn1-mi2-36q4dn1-mi2-45q4dn1-mi2-56q4dn1-mi2-71q4dn1-mi2-80q4dn1-mi2-90q4dn1-mi2-100q4dn1-mi2-112q\/"},"modified":"2025-10-18T17:12:20","modified_gmt":"2025-10-18T13:12:20","slug":"vrf-system-indoor-unit-cassette-four-way-cassette-2nd-generation-dc-2-8-16-kw-mi2-q4dn1-mi2-28q4dn1-mi2-36q4dn1-mi2-45q4dn1-mi2-56q4dn1-mi2-71q4dn1-mi2-80q4dn1-mi2-90q4dn1-mi2-100q4dn1-mi2-112q","status":"publish","type":"product","link":"https:\/\/airsystems.ge\/shop\/fr\/produit\/vrf-system-indoor-unit-cassette-four-way-cassette-2nd-generation-dc-2-8-16-kw-mi2-q4dn1-mi2-28q4dn1-mi2-36q4dn1-mi2-45q4dn1-mi2-56q4dn1-mi2-71q4dn1-mi2-80q4dn1-mi2-90q4dn1-mi2-100q4dn1-mi2-112q\/","title":{"rendered":"Unit\u00e9 int\u00e9rieure cassette VRF Cassette quatre voies, 2e g\u00e9n\u00e9ration, CC 2,8 &#8211; 16 kW MI2-**Q4DN1  MI2-28Q4DN1 MI2-36Q4DN1 MI2-45Q4DN1 MI2-56Q4DN1 MI2-71Q4DN1 MI2-80Q4DN1 MI2-90Q4DN1 MI2-100Q4DN1 MI2-112Q4DN1 MI2-140Q4DN1  MIDEA"},"content":{"rendered":"","protected":false},"excerpt":{"rendered":"<h1>Cassette quatre voies, 2e g\u00e9n\u00e9ration, DC<\/h1>\n<p>Caract\u00e9ristiques du produit<\/p>\n<p>Cassette quatre voies 2e g\u00e9n\u00e9ration<\/p>\n<p>Technologie Inverter 7 vitesses<br \/>\nFlux d&rsquo;air \u00e0 360\u00b0\u00a0: assure une distribution d&rsquo;air uniforme<br \/>\nContr\u00f4le individuel des volets<br \/>\nHauteur de relevage de la pompe de vidange\u00a0: 75\u00a0cm<br \/>\nPrise d&rsquo;air frais\u00a0: jusqu&rsquo;\u00e0 10\u00a0%<br \/>\nFonctionnement silencieux<\/p>\n","protected":false},"featured_media":43133,"template":"","meta":[],"product_brand":[],"product_cat":[1992],"product_tag":[],"class_list":{"0":"post-43138","1":"product","2":"type-product","3":"status-publish","4":"has-post-thumbnail","6":"product_cat-systeme-vrf","8":"first","9":"instock","10":"shipping-taxable","11":"product-type-simple"},"_links":{"self":[{"href":"https:\/\/airsystems.ge\/shop\/fr\/wp-json\/wp\/v2\/product\/43138","targetHints":{"allow":["GET"]}}],"collection":[{"href":"https:\/\/airsystems.ge\/shop\/fr\/wp-json\/wp\/v2\/product"}],"about":[{"href":"https:\/\/airsystems.ge\/shop\/fr\/wp-json\/wp\/v2\/types\/product"}],"wp:featuredmedia":[{"embeddable":true,"href":"https:\/\/airsystems.ge\/shop\/fr\/wp-json\/wp\/v2\/media\/43133"}],"wp:attachment":[{"href":"https:\/\/airsystems.ge\/shop\/fr\/wp-json\/wp\/v2\/media?parent=43138"}],"wp:term":[{"taxonomy":"product_brand","embeddable":true,"href":"https:\/\/airsystems.ge\/shop\/fr\/wp-json\/wp\/v2\/product_brand?post=43138"},{"taxonomy":"product_cat","embeddable":true,"href":"https:\/\/airsystems.ge\/shop\/fr\/wp-json\/wp\/v2\/product_cat?post=43138"},{"taxonomy":"product_tag","embeddable":true,"href":"https:\/\/airsystems.ge\/shop\/fr\/wp-json\/wp\/v2\/product_tag?post=43138"}],"curies":[{"name":"wp","href":"https:\/\/api.w.org\/{rel}","templated":true}]}}