{"id":43122,"date":"2025-10-18T16:52:13","date_gmt":"2025-10-18T12:52:13","guid":{"rendered":"https:\/\/airsystems.ge\/shop\/product\/vrf-system-indoor-unit-ducted-high-static-pressure-duct-v8-5-6-56-kw-miht1hn18-mih56t1hn18-mih71t1n18-mih80t1n18-mih90t1n18-mih112t1n18-mih125t1n18-mih140t1n18-mih160t1n18-mih200t1n18-mih224t1n1\/"},"modified":"2025-10-18T16:57:46","modified_gmt":"2025-10-18T12:57:46","slug":"vrf-system-indoor-unit-ducted-high-static-pressure-duct-v8-5-6-56-kw-miht1hn18-mih56t1hn18-mih71t1n18-mih80t1n18-mih90t1n18-mih112t1n18-mih125t1n18-mih140t1n18-mih160t1n18-mih200t1n18-mih224t1n1","status":"publish","type":"product","link":"https:\/\/airsystems.ge\/shop\/fr\/produit\/vrf-system-indoor-unit-ducted-high-static-pressure-duct-v8-5-6-56-kw-miht1hn18-mih56t1hn18-mih71t1n18-mih80t1n18-mih90t1n18-mih112t1n18-mih125t1n18-mih140t1n18-mih160t1n18-mih200t1n18-mih224t1n1\/","title":{"rendered":"Syst\u00e8me VRF Unit\u00e9 int\u00e9rieure gainable Haute pression statique gainable, V8 5,6 &#8211; 56 kW MIH**T1HN18  MIH56T1HN18 MIH71T1N18 MIH80T1N18 MIH90T1N18 MIH112T1N18 MIH125T1N18 MIH140T1N18 MIH160T1N18 MIH200T1N18 MIH224T1N18 MIH252T1N18 MIH280T1N18 MIH335T1N18 MIH400T1N18 MIH450T1N18 MIH560T1N18  MIDEA"},"content":{"rendered":"","protected":false},"excerpt":{"rendered":"<h1>Haute pression statique gainable, V8<\/h1>\n<p>Caract\u00e9ristiques du produit<\/p>\n<p>V8 G\u00e9n\u00e9ration gainable, int\u00e9rieur Unit\u00e9<\/p>\n<p>Technologie Inverter 7 vitesses<br \/>\nVisualisation du taux de colmatage des filtres<br \/>\nESP adaptatif\u00a0: La pression statique s&rsquo;ajuste automatiquement pour assurer un d\u00e9bit d&rsquo;air constant<br \/>\nMETA 2\u00a0: Efficacit\u00e9 am\u00e9lior\u00e9e, refroidissement\/chauffage rapide<br \/>\nHyperlien\u00a0: R\u00e9duction du temps et des co\u00fbts d&rsquo;installation<br \/>\nZen air 2.0\u00a0: Gestion multifonctionnelle du flux d&rsquo;air<br \/>\nFonction de nettoyage automatique de l&rsquo;\u00e9changeur de chaleur<br \/>\nFonctionnement silencieux<\/p>\n","protected":false},"featured_media":43105,"template":"","meta":[],"product_brand":[],"product_cat":[1992],"product_tag":[],"class_list":{"0":"post-43122","1":"product","2":"type-product","3":"status-publish","4":"has-post-thumbnail","6":"product_cat-systeme-vrf","8":"first","9":"instock","10":"shipping-taxable","11":"product-type-simple"},"_links":{"self":[{"href":"https:\/\/airsystems.ge\/shop\/fr\/wp-json\/wp\/v2\/product\/43122","targetHints":{"allow":["GET"]}}],"collection":[{"href":"https:\/\/airsystems.ge\/shop\/fr\/wp-json\/wp\/v2\/product"}],"about":[{"href":"https:\/\/airsystems.ge\/shop\/fr\/wp-json\/wp\/v2\/types\/product"}],"wp:featuredmedia":[{"embeddable":true,"href":"https:\/\/airsystems.ge\/shop\/fr\/wp-json\/wp\/v2\/media\/43105"}],"wp:attachment":[{"href":"https:\/\/airsystems.ge\/shop\/fr\/wp-json\/wp\/v2\/media?parent=43122"}],"wp:term":[{"taxonomy":"product_brand","embeddable":true,"href":"https:\/\/airsystems.ge\/shop\/fr\/wp-json\/wp\/v2\/product_brand?post=43122"},{"taxonomy":"product_cat","embeddable":true,"href":"https:\/\/airsystems.ge\/shop\/fr\/wp-json\/wp\/v2\/product_cat?post=43122"},{"taxonomy":"product_tag","embeddable":true,"href":"https:\/\/airsystems.ge\/shop\/fr\/wp-json\/wp\/v2\/product_tag?post=43122"}],"curies":[{"name":"wp","href":"https:\/\/api.w.org\/{rel}","templated":true}]}}