{"id":43095,"date":"2025-10-18T16:39:11","date_gmt":"2025-10-18T12:39:11","guid":{"rendered":"https:\/\/airsystems.ge\/shop\/product\/vrf-system-indoor-unit-ducted-medium-high-pressure-duct-v8-3-6-16-kw-miht2hn18-mih36t2hn18-mih45t2hn18-mih56t2hn18-mih71t2hn18-mih80t2hn18-mih90t2hn18-mih112t2hn18-mih140t2hn18-mih160t2hn18-mide\/"},"modified":"2025-10-18T16:45:47","modified_gmt":"2025-10-18T12:45:47","slug":"vrf-system-indoor-unit-ducted-medium-high-pressure-duct-v8-3-6-16-kw-miht2hn18-mih36t2hn18-mih45t2hn18-mih56t2hn18-mih71t2hn18-mih80t2hn18-mih90t2hn18-mih112t2hn18-mih140t2hn18-mih160t2hn18-mide","status":"publish","type":"product","link":"https:\/\/airsystems.ge\/shop\/fr\/produit\/vrf-system-indoor-unit-ducted-medium-high-pressure-duct-v8-3-6-16-kw-miht2hn18-mih36t2hn18-mih45t2hn18-mih56t2hn18-mih71t2hn18-mih80t2hn18-mih90t2hn18-mih112t2hn18-mih140t2hn18-mih160t2hn18-mide\/","title":{"rendered":"VRF Syst\u00e8me DRV Unit\u00e9 int\u00e9rieure gainable Moyenne-Haute Pression Gainable, V8 3,6-16 kW MIH36T2HN18 MIH45T2HN18 MIH56T2HN18 MIH71T2HN18 MIH80T2HN18 MIH90T2HN18 MIH112T2HN18 MIH140T2HN18 MIH160T2HN18  MIDEA"},"content":{"rendered":"","protected":false},"excerpt":{"rendered":"<h1>Moyenne-Haute Pression Gainable, V8<\/h1>\n<p>Caract\u00e9ristiques produit<\/p>\n<p>Unit\u00e9 int\u00e9rieure gainable de g\u00e9n\u00e9ration V8<\/p>\n<p>Technologie Inverter 7 vitesses<br \/>\nPompe de vidange Inverter haute pression\u00a0: hauteur de refoulement de 1,2 m<br \/>\nOrifice d&rsquo;admission d&rsquo;air frais\u00a0: jusqu&rsquo;\u00e0 10\u00a0%<br \/>\nVisualisation du taux de colmatage du filtre encrass\u00e9<br \/>\nSyst\u00e8me ESP adaptatif\u00a0: la pression statique s&rsquo;adapte automatiquement pour garantir un d\u00e9bit d&rsquo;air constant<br \/>\nHumidit\u00e9 Contr\u00f4le<br \/>\nMETA 2\u00a0: Efficacit\u00e9 am\u00e9lior\u00e9e, refroidissement\/chauffage rapide<br \/>\nHyperlien\u00a0: R\u00e9duction du temps et des co\u00fbts d&rsquo;installation<br \/>\nZen air 2.0\u00a0: Gestion multifonctionnelle du flux d&rsquo;air<br \/>\nFonction de nettoyage automatique de l&rsquo;\u00e9changeur de chaleur<br \/>\nFonctionnement silencieux<\/p>\n","protected":false},"featured_media":43090,"template":"","meta":[],"product_brand":[],"product_cat":[1992],"product_tag":[],"class_list":{"0":"post-43095","1":"product","2":"type-product","3":"status-publish","4":"has-post-thumbnail","6":"product_cat-systeme-vrf","8":"first","9":"instock","10":"shipping-taxable","11":"product-type-simple"},"_links":{"self":[{"href":"https:\/\/airsystems.ge\/shop\/fr\/wp-json\/wp\/v2\/product\/43095","targetHints":{"allow":["GET"]}}],"collection":[{"href":"https:\/\/airsystems.ge\/shop\/fr\/wp-json\/wp\/v2\/product"}],"about":[{"href":"https:\/\/airsystems.ge\/shop\/fr\/wp-json\/wp\/v2\/types\/product"}],"wp:featuredmedia":[{"embeddable":true,"href":"https:\/\/airsystems.ge\/shop\/fr\/wp-json\/wp\/v2\/media\/43090"}],"wp:attachment":[{"href":"https:\/\/airsystems.ge\/shop\/fr\/wp-json\/wp\/v2\/media?parent=43095"}],"wp:term":[{"taxonomy":"product_brand","embeddable":true,"href":"https:\/\/airsystems.ge\/shop\/fr\/wp-json\/wp\/v2\/product_brand?post=43095"},{"taxonomy":"product_cat","embeddable":true,"href":"https:\/\/airsystems.ge\/shop\/fr\/wp-json\/wp\/v2\/product_cat?post=43095"},{"taxonomy":"product_tag","embeddable":true,"href":"https:\/\/airsystems.ge\/shop\/fr\/wp-json\/wp\/v2\/product_tag?post=43095"}],"curies":[{"name":"wp","href":"https:\/\/api.w.org\/{rel}","templated":true}]}}