{"id":43079,"date":"2025-10-18T16:26:01","date_gmt":"2025-10-18T12:26:01","guid":{"rendered":"https:\/\/airsystems.ge\/shop\/product\/vrf-system-indoor-unit-ducted-arc-duct-v8-1-5-11-2-kw-miht3hn18-mih15t3hn18-mih22t3hn18-mih28t3hn18-mih36t3hn18-mih45t3hn18-mih56t3hn18-mih71t3hn18-mih80t3hn18-mih90t3hn18-mih112t3hn18-midea\/"},"modified":"2025-10-18T16:31:58","modified_gmt":"2025-10-18T12:31:58","slug":"vrf-system-indoor-unit-ducted-arc-duct-v8-1-5-11-2-kw-miht3hn18-mih15t3hn18-mih22t3hn18-mih28t3hn18-mih36t3hn18-mih45t3hn18-mih56t3hn18-mih71t3hn18-mih80t3hn18-mih90t3hn18-mih112t3hn18-midea","status":"publish","type":"product","link":"https:\/\/airsystems.ge\/shop\/fr\/produit\/vrf-system-indoor-unit-ducted-arc-duct-v8-1-5-11-2-kw-miht3hn18-mih15t3hn18-mih22t3hn18-mih28t3hn18-mih36t3hn18-mih45t3hn18-mih56t3hn18-mih71t3hn18-mih80t3hn18-mih90t3hn18-mih112t3hn18-midea\/","title":{"rendered":"Syst\u00e8me VRF Unit\u00e9 int\u00e9rieure gainable Arc Duct, V8 1,5 &#8211; 11,2 kW MIH**T3HN18  MIH15T3HN18 MIH22T3HN18 MIH28T3HN18 MIH36T3HN18 MIH45T3HN18 MIH56T3HN18 MIH71T3HN18 MIH80T3HN18 MIH90T3HN18 MIH112T3HN18  MIDEA"},"content":{"rendered":"","protected":false},"excerpt":{"rendered":"<h1>Arc Duct, V8<\/h1>\n<p>Caract\u00e9ristiques du produit<\/p>\n<p>Unit\u00e9 int\u00e9rieure gainable de la g\u00e9n\u00e9ration V8<\/p>\n<p>Technologie Inverter 7 vitesses<br \/>\nConception ultra-mince\u00a0: hauteur de 20\u00a0cm<br \/>\nPompe de vidange Inverter haute pression\u00a0: hauteur de relevage de 1,2\u00a0m<br \/>\nOrifice d&rsquo;admission d&rsquo;air frais\u00a0: jusqu&rsquo;\u00e0 10\u00a0%<br \/>\nVisualisation du taux de colmatage du filtre encrass\u00e9<br \/>\nSyst\u00e8me \u00e9lectrostatique adaptatif\u00a0: statique Modification automatique de la pression pour un flux d&rsquo;air constant<br \/>\nContr\u00f4le de l&rsquo;humidit\u00e9<br \/>\nMETA 2\u00a0: Efficacit\u00e9 am\u00e9lior\u00e9e, refroidissement\/chauffage rapide<br \/>\nHyperlien\u00a0: R\u00e9duction du temps et des co\u00fbts d&rsquo;installation<br \/>\nZen air 2.0\u00a0: Gestion multifonctionnelle du flux d&rsquo;air<br \/>\nFonction de nettoyage automatique de l&rsquo;\u00e9changeur de chaleur<br \/>\nFonctionnement silencieux<\/p>\n","protected":false},"featured_media":43074,"template":"","meta":[],"product_brand":[],"product_cat":[1992],"product_tag":[],"class_list":{"0":"post-43079","1":"product","2":"type-product","3":"status-publish","4":"has-post-thumbnail","6":"product_cat-systeme-vrf","8":"first","9":"instock","10":"shipping-taxable","11":"product-type-simple"},"_links":{"self":[{"href":"https:\/\/airsystems.ge\/shop\/fr\/wp-json\/wp\/v2\/product\/43079","targetHints":{"allow":["GET"]}}],"collection":[{"href":"https:\/\/airsystems.ge\/shop\/fr\/wp-json\/wp\/v2\/product"}],"about":[{"href":"https:\/\/airsystems.ge\/shop\/fr\/wp-json\/wp\/v2\/types\/product"}],"wp:featuredmedia":[{"embeddable":true,"href":"https:\/\/airsystems.ge\/shop\/fr\/wp-json\/wp\/v2\/media\/43074"}],"wp:attachment":[{"href":"https:\/\/airsystems.ge\/shop\/fr\/wp-json\/wp\/v2\/media?parent=43079"}],"wp:term":[{"taxonomy":"product_brand","embeddable":true,"href":"https:\/\/airsystems.ge\/shop\/fr\/wp-json\/wp\/v2\/product_brand?post=43079"},{"taxonomy":"product_cat","embeddable":true,"href":"https:\/\/airsystems.ge\/shop\/fr\/wp-json\/wp\/v2\/product_cat?post=43079"},{"taxonomy":"product_tag","embeddable":true,"href":"https:\/\/airsystems.ge\/shop\/fr\/wp-json\/wp\/v2\/product_tag?post=43079"}],"curies":[{"name":"wp","href":"https:\/\/api.w.org\/{rel}","templated":true}]}}