{"id":43061,"date":"2025-10-18T15:25:15","date_gmt":"2025-10-18T11:25:15","guid":{"rendered":"https:\/\/airsystems.ge\/shop\/product\/vrf-system-indoor-unit-ducted-high-static-pressure-duct-2nd-generation-ac-7-1-56-kw-mdv-dt1-n1-bb-mdv-d71t1-n1-bb-mdv-d80t1-n1-bb-mdv-d90t1-n1-bb-mdv-d112t1-n1-bb-mdv-d140t1-n1-bb-m\/"},"modified":"2025-10-18T15:35:40","modified_gmt":"2025-10-18T11:35:40","slug":"vrf-system-indoor-unit-ducted-high-static-pressure-duct-2nd-generation-ac-7-1-56-kw-mdv-dt1-n1-bb-mdv-d71t1-n1-bb-mdv-d80t1-n1-bb-mdv-d90t1-n1-bb-mdv-d112t1-n1-bb-mdv-d140t1-n1-bb-m","status":"publish","type":"product","link":"https:\/\/airsystems.ge\/shop\/fr\/produit\/vrf-system-indoor-unit-ducted-high-static-pressure-duct-2nd-generation-ac-7-1-56-kw-mdv-dt1-n1-bb-mdv-d71t1-n1-bb-mdv-d80t1-n1-bb-mdv-d90t1-n1-bb-mdv-d112t1-n1-bb-mdv-d140t1-n1-bb-m\/","title":{"rendered":"Unit\u00e9 int\u00e9rieure DRV gainable Unit\u00e9 gainable haute pression statique, 2e g\u00e9n\u00e9ration, climatisation 7,1 &#8211; 56 kW MDV-D**T1\/N1-B(B)  MDV-D71T1\/N1-B(B) MDV-D80T1\/N1-B(B) MDV-D90T1\/N1-B(B) MDV-D112T1\/N1-B(B) MDV-D140T1\/N1-B(B) MDV-D160T1\/N1-B(B) MDV-D200T1\/N1-B(B) MDV-D250T1\/N1-B(B) MDV-D280T1\/N1-B(B)  MIDEA"},"content":{"rendered":"","protected":false},"excerpt":{"rendered":"<h1>Unit\u00e9 gainable haute pression statique, 2e g\u00e9n\u00e9ration, climatisation<\/h1>\n<p>Caract\u00e9ristiques du produit<\/p>\n<p>Unit\u00e9 gainable haute pression 2e g\u00e9n\u00e9ration<\/p>\n<p>4 vitesses de ventilation<br \/>\nGrand volume d&rsquo;air et grande capacit\u00e9, pression statique \u00e9lev\u00e9e (jusqu&rsquo;\u00e0 400 Pa)<br \/>\nReprise d&rsquo;air par l&rsquo;arri\u00e8re<\/p>\n","protected":false},"featured_media":43056,"template":"","meta":[],"product_brand":[],"product_cat":[1992],"product_tag":[],"class_list":{"0":"post-43061","1":"product","2":"type-product","3":"status-publish","4":"has-post-thumbnail","6":"product_cat-systeme-vrf","8":"first","9":"instock","10":"shipping-taxable","11":"product-type-simple"},"_links":{"self":[{"href":"https:\/\/airsystems.ge\/shop\/fr\/wp-json\/wp\/v2\/product\/43061","targetHints":{"allow":["GET"]}}],"collection":[{"href":"https:\/\/airsystems.ge\/shop\/fr\/wp-json\/wp\/v2\/product"}],"about":[{"href":"https:\/\/airsystems.ge\/shop\/fr\/wp-json\/wp\/v2\/types\/product"}],"wp:featuredmedia":[{"embeddable":true,"href":"https:\/\/airsystems.ge\/shop\/fr\/wp-json\/wp\/v2\/media\/43056"}],"wp:attachment":[{"href":"https:\/\/airsystems.ge\/shop\/fr\/wp-json\/wp\/v2\/media?parent=43061"}],"wp:term":[{"taxonomy":"product_brand","embeddable":true,"href":"https:\/\/airsystems.ge\/shop\/fr\/wp-json\/wp\/v2\/product_brand?post=43061"},{"taxonomy":"product_cat","embeddable":true,"href":"https:\/\/airsystems.ge\/shop\/fr\/wp-json\/wp\/v2\/product_cat?post=43061"},{"taxonomy":"product_tag","embeddable":true,"href":"https:\/\/airsystems.ge\/shop\/fr\/wp-json\/wp\/v2\/product_tag?post=43061"}],"curies":[{"name":"wp","href":"https:\/\/api.w.org\/{rel}","templated":true}]}}