{"id":43048,"date":"2025-10-18T15:14:36","date_gmt":"2025-10-18T11:14:36","guid":{"rendered":"https:\/\/airsystems.ge\/shop\/product\/vrf-system-indoor-unit-ducted-high-static-pressure-duct-2nd-generation-dc-7-1-56-kw-mi2-t1dn1-mi2-71t1dn1-mi2-80t1dn1-mi2-90t1dn1-mi2-112t1dn1-mi2-140t1dn1-mi2-160t1dn1-mi2-200t1dn1-mi2-250t1dn\/"},"modified":"2025-10-18T15:18:45","modified_gmt":"2025-10-18T11:18:45","slug":"vrf-system-indoor-unit-ducted-high-static-pressure-duct-2nd-generation-dc-7-1-56-kw-mi2-t1dn1-mi2-71t1dn1-mi2-80t1dn1-mi2-90t1dn1-mi2-112t1dn1-mi2-140t1dn1-mi2-160t1dn1-mi2-200t1dn1-mi2-250t1dn","status":"publish","type":"product","link":"https:\/\/airsystems.ge\/shop\/fr\/produit\/vrf-system-indoor-unit-ducted-high-static-pressure-duct-2nd-generation-dc-7-1-56-kw-mi2-t1dn1-mi2-71t1dn1-mi2-80t1dn1-mi2-90t1dn1-mi2-112t1dn1-mi2-140t1dn1-mi2-160t1dn1-mi2-200t1dn1-mi2-250t1dn\/","title":{"rendered":"Unit\u00e9 int\u00e9rieure DRV gainable Unit\u00e9 int\u00e9rieure gainable haute pression statique, 2e g\u00e9n\u00e9ration, CC 7,1 &#8211; 56 kW MI2-**T1DN1  MI2-71T1DN1 MI2-80T1DN1 MI2-90T1DN1 MI2-112T1DN1 MI2-140T1DN1 MI2-160T1DN1 MI2-200T1DN1 MI2-250T1DN1 MI2-280T1DN1 MI2-400T1DN1 MI2-450T1DN1 MI2-560T1DN1  MIDEA"},"content":{"rendered":"","protected":false},"excerpt":{"rendered":"<h1>Unit\u00e9 int\u00e9rieure gainable haute pression, 2e g\u00e9n\u00e9ration, CC<\/h1>\n<p>Caract\u00e9ristiques du produit<\/p>\n<p>Unit\u00e9 int\u00e9rieure gainable haute pression, 2e g\u00e9n\u00e9ration<\/p>\n<p>Technologie Inverter 7 vitesses<\/p>\n","protected":false},"featured_media":43043,"template":"","meta":[],"product_brand":[],"product_cat":[1992],"product_tag":[],"class_list":{"0":"post-43048","1":"product","2":"type-product","3":"status-publish","4":"has-post-thumbnail","6":"product_cat-systeme-vrf","8":"first","9":"instock","10":"shipping-taxable","11":"product-type-simple"},"_links":{"self":[{"href":"https:\/\/airsystems.ge\/shop\/fr\/wp-json\/wp\/v2\/product\/43048","targetHints":{"allow":["GET"]}}],"collection":[{"href":"https:\/\/airsystems.ge\/shop\/fr\/wp-json\/wp\/v2\/product"}],"about":[{"href":"https:\/\/airsystems.ge\/shop\/fr\/wp-json\/wp\/v2\/types\/product"}],"wp:featuredmedia":[{"embeddable":true,"href":"https:\/\/airsystems.ge\/shop\/fr\/wp-json\/wp\/v2\/media\/43043"}],"wp:attachment":[{"href":"https:\/\/airsystems.ge\/shop\/fr\/wp-json\/wp\/v2\/media?parent=43048"}],"wp:term":[{"taxonomy":"product_brand","embeddable":true,"href":"https:\/\/airsystems.ge\/shop\/fr\/wp-json\/wp\/v2\/product_brand?post=43048"},{"taxonomy":"product_cat","embeddable":true,"href":"https:\/\/airsystems.ge\/shop\/fr\/wp-json\/wp\/v2\/product_cat?post=43048"},{"taxonomy":"product_tag","embeddable":true,"href":"https:\/\/airsystems.ge\/shop\/fr\/wp-json\/wp\/v2\/product_tag?post=43048"}],"curies":[{"name":"wp","href":"https:\/\/api.w.org\/{rel}","templated":true}]}}