{"id":43031,"date":"2025-10-18T15:03:28","date_gmt":"2025-10-18T11:03:28","guid":{"rendered":"https:\/\/airsystems.ge\/shop\/product\/vrf-system-indoor-unit-ducted-middle-static-pressure-duct-2nd-generation-ac-2-2-14-kw-mdv-dt2-n1-da5b-mdv-d22t2-n1-da5b-mdv-d28t2-n1-da5b-mdv-d36t2-n1-da5b-mdv-d45t2-n1-da5b-mdv-d56t2\/"},"modified":"2025-10-18T15:10:43","modified_gmt":"2025-10-18T11:10:43","slug":"vrf-system-indoor-unit-ducted-middle-static-pressure-duct-2nd-generation-ac-2-2-14-kw-mdv-dt2-n1-da5b-mdv-d22t2-n1-da5b-mdv-d28t2-n1-da5b-mdv-d36t2-n1-da5b-mdv-d45t2-n1-da5b-mdv-d56t2","status":"publish","type":"product","link":"https:\/\/airsystems.ge\/shop\/fr\/produit\/vrf-system-indoor-unit-ducted-middle-static-pressure-duct-2nd-generation-ac-2-2-14-kw-mdv-dt2-n1-da5b-mdv-d22t2-n1-da5b-mdv-d28t2-n1-da5b-mdv-d36t2-n1-da5b-mdv-d45t2-n1-da5b-mdv-d56t2\/","title":{"rendered":"Unit\u00e9 int\u00e9rieure DRV gainable Pression statique moyenne gainable, 2e g\u00e9n\u00e9ration, climatisation 2,2 &#8211; 14 kW MDV-D**T2\/N1-DA5(B)  MDV-D22T2\/N1-DA5(B) MDV-D28T2\/N1-DA5(B) MDV-D36T2\/N1-DA5(B) MDV-D45T2\/N1-DA5(B) MDV-D56T2\/N1-DA5(B) MDV-D71T2\/N1-DA5(B) MDV-D80T2\/N1-BA5(B) MDV-D90T2\/N1-BA5(B) MDV-D112T2\/N1-BA5(B) MDV-D140T2\/N1-BA5(B)  MIDEA"},"content":{"rendered":"","protected":false},"excerpt":{"rendered":"<h1>Pression statique moyenne Climatiseur gainable \u00e0 pression statique moyenne, 2e g\u00e9n\u00e9ration AC<\/h1>\n<p>Caract\u00e9ristiques du produit<\/p>\n<p>Unit\u00e9 int\u00e9rieure gainable \u00e0 pression statique moyenne, 2e g\u00e9n\u00e9ration<\/p>\n<p>3 vitesses de ventilation<br \/>\nHauteur de relevage de la pompe de vidange\u00a0: 75\u00a0cm<\/p>\n","protected":false},"featured_media":43026,"template":"","meta":[],"product_brand":[],"product_cat":[1992],"product_tag":[],"class_list":{"0":"post-43031","1":"product","2":"type-product","3":"status-publish","4":"has-post-thumbnail","6":"product_cat-systeme-vrf","8":"first","9":"instock","10":"shipping-taxable","11":"product-type-simple"},"_links":{"self":[{"href":"https:\/\/airsystems.ge\/shop\/fr\/wp-json\/wp\/v2\/product\/43031","targetHints":{"allow":["GET"]}}],"collection":[{"href":"https:\/\/airsystems.ge\/shop\/fr\/wp-json\/wp\/v2\/product"}],"about":[{"href":"https:\/\/airsystems.ge\/shop\/fr\/wp-json\/wp\/v2\/types\/product"}],"wp:featuredmedia":[{"embeddable":true,"href":"https:\/\/airsystems.ge\/shop\/fr\/wp-json\/wp\/v2\/media\/43026"}],"wp:attachment":[{"href":"https:\/\/airsystems.ge\/shop\/fr\/wp-json\/wp\/v2\/media?parent=43031"}],"wp:term":[{"taxonomy":"product_brand","embeddable":true,"href":"https:\/\/airsystems.ge\/shop\/fr\/wp-json\/wp\/v2\/product_brand?post=43031"},{"taxonomy":"product_cat","embeddable":true,"href":"https:\/\/airsystems.ge\/shop\/fr\/wp-json\/wp\/v2\/product_cat?post=43031"},{"taxonomy":"product_tag","embeddable":true,"href":"https:\/\/airsystems.ge\/shop\/fr\/wp-json\/wp\/v2\/product_tag?post=43031"}],"curies":[{"name":"wp","href":"https:\/\/api.w.org\/{rel}","templated":true}]}}