{"id":43013,"date":"2025-10-18T14:28:36","date_gmt":"2025-10-18T10:28:36","guid":{"rendered":"https:\/\/airsystems.ge\/shop\/product\/vrf-system-indoor-unit-ducted-middle-static-pressure-duct-2nd-generation-dc-2-2-14-kw-mi2-t2dn1-mi2-22t2dn1-mi2-28t2dn1-mi2-36t2dn1-mi2-45t2dn1-mi2-56t2dn1-mi2-71t2dn1-mi2-80t2dn1-mi2-90t2dn1-m\/"},"modified":"2025-10-18T14:56:43","modified_gmt":"2025-10-18T10:56:43","slug":"vrf-system-indoor-unit-ducted-middle-static-pressure-duct-2nd-generation-dc-2-2-14-kw-mi2-t2dn1-mi2-22t2dn1-mi2-28t2dn1-mi2-36t2dn1-mi2-45t2dn1-mi2-56t2dn1-mi2-71t2dn1-mi2-80t2dn1-mi2-90t2dn1-m","status":"publish","type":"product","link":"https:\/\/airsystems.ge\/shop\/fr\/produit\/vrf-system-indoor-unit-ducted-middle-static-pressure-duct-2nd-generation-dc-2-2-14-kw-mi2-t2dn1-mi2-22t2dn1-mi2-28t2dn1-mi2-36t2dn1-mi2-45t2dn1-mi2-56t2dn1-mi2-71t2dn1-mi2-80t2dn1-mi2-90t2dn1-m\/","title":{"rendered":"Unit\u00e9 int\u00e9rieure DRV gainable Unit\u00e9 int\u00e9rieure gainable \u00e0 pression statique moyenne, 2e g\u00e9n\u00e9ration, CC 2,2 &#8211; 14 kW MI2-**T2DN1  MI2-22T2DN1 MI2-28T2DN1 MI2-36T2DN1 MI2-45T2DN1 MI2-56T2DN1 MI2-71T2DN1 MI2-80T2DN1 MI2-90T2DN1 MI2-112T2DN1 MI2-140T2DN1  MIDEA"},"content":{"rendered":"","protected":false},"excerpt":{"rendered":"<div id=\"w-node-_99251b19-02be-a60d-3556-d396ae97cee4-875f3092\" class=\"product-inner_img-thumbs-wrapper\">\n<div class=\"product-inner_img-thumb is-active\" data-index=\"0\"><span style=\"color: #1b1919; font-size: 28px;\">Unit\u00e9 int\u00e9rieure gainable \u00e0 pression statique moyenne, 2e g\u00e9n\u00e9ration, DC<\/span><\/div>\n<\/div>\n<div id=\"w-node-c63541f9-43bc-1c18-7844-90c28a81f2cb-875f3092\" class=\"product-inner_info-block\">\n<div class=\"product-inner_info-block-inner\">\n<div class=\"product-inner_text-block\">\n<p>Caract\u00e9ristiques du produit<\/p>\n<p>Unit\u00e9 int\u00e9rieure gainable \u00e0 pression statique moyenne, 2e g\u00e9n\u00e9ration<\/p>\n<p>Technologie Inverter 7 vitesses<br \/>\nHauteur de relevage de la pompe de vidange\u00a0: 75\u00a0cm<\/p>\n<\/div>\n<\/div>\n<\/div>\n","protected":false},"featured_media":43008,"template":"","meta":[],"product_brand":[],"product_cat":[1992],"product_tag":[],"class_list":{"0":"post-43013","1":"product","2":"type-product","3":"status-publish","4":"has-post-thumbnail","6":"product_cat-systeme-vrf","8":"first","9":"instock","10":"shipping-taxable","11":"product-type-simple"},"_links":{"self":[{"href":"https:\/\/airsystems.ge\/shop\/fr\/wp-json\/wp\/v2\/product\/43013","targetHints":{"allow":["GET"]}}],"collection":[{"href":"https:\/\/airsystems.ge\/shop\/fr\/wp-json\/wp\/v2\/product"}],"about":[{"href":"https:\/\/airsystems.ge\/shop\/fr\/wp-json\/wp\/v2\/types\/product"}],"wp:featuredmedia":[{"embeddable":true,"href":"https:\/\/airsystems.ge\/shop\/fr\/wp-json\/wp\/v2\/media\/43008"}],"wp:attachment":[{"href":"https:\/\/airsystems.ge\/shop\/fr\/wp-json\/wp\/v2\/media?parent=43013"}],"wp:term":[{"taxonomy":"product_brand","embeddable":true,"href":"https:\/\/airsystems.ge\/shop\/fr\/wp-json\/wp\/v2\/product_brand?post=43013"},{"taxonomy":"product_cat","embeddable":true,"href":"https:\/\/airsystems.ge\/shop\/fr\/wp-json\/wp\/v2\/product_cat?post=43013"},{"taxonomy":"product_tag","embeddable":true,"href":"https:\/\/airsystems.ge\/shop\/fr\/wp-json\/wp\/v2\/product_tag?post=43013"}],"curies":[{"name":"wp","href":"https:\/\/api.w.org\/{rel}","templated":true}]}}