{"id":42997,"date":"2025-10-18T12:57:09","date_gmt":"2025-10-18T08:57:09","guid":{"rendered":"https:\/\/airsystems.ge\/shop\/product\/vrf-system-indoor-unit-floor-standing-ceiling-floor-ceiling-floor-2nd-generation-ac-3-6-14-kw-mdv-ddl-n1-cb-mdv-d36dl-n1-cb-mdv-d45dl-n1-cb-mdv-d56dl-n1-cb-mdv-d71dl-n1-cb-mdv-d80\/"},"modified":"2025-10-18T13:02:12","modified_gmt":"2025-10-18T09:02:12","slug":"vrf-system-indoor-unit-floor-standing-ceiling-floor-ceiling-floor-2nd-generation-ac-3-6-14-kw-mdv-ddl-n1-cb-mdv-d36dl-n1-cb-mdv-d45dl-n1-cb-mdv-d56dl-n1-cb-mdv-d71dl-n1-cb-mdv-d80","status":"publish","type":"product","link":"https:\/\/airsystems.ge\/shop\/fr\/produit\/vrf-system-indoor-unit-floor-standing-ceiling-floor-ceiling-floor-2nd-generation-ac-3-6-14-kw-mdv-ddl-n1-cb-mdv-d36dl-n1-cb-mdv-d45dl-n1-cb-mdv-d56dl-n1-cb-mdv-d71dl-n1-cb-mdv-d80\/","title":{"rendered":"Syst\u00e8me DRV Unit\u00e9 int\u00e9rieure au sol Plafonnier et sol Plafonnier et sol, 2e g\u00e9n\u00e9ration, climatiseur 3,6 &#8211; 14 kW MDV-D**DL\/N1-C(B)  MDV-D36DL\/N1-C(B) MDV-D45DL\/N1-C(B) MDV-D56DL\/N1-C(B) MDV-D71DL\/N1-C(B) MDV-D80DL\/N1-C(B) MDV-D90DL\/N1-C(B) MDV-D112DL\/N1-C(B) MDV-D140DL\/N1-C(B  MIDEA"},"content":{"rendered":"","protected":false},"excerpt":{"rendered":"<h1>Plafonnier et sol, 2e g\u00e9n\u00e9ration, climatiseur<\/h1>\n<p>Caract\u00e9ristiques du produit<\/p>\n<p>Unit\u00e9 int\u00e9rieure au sol et plafond, 2e g\u00e9n\u00e9ration<\/p>\n<p>3 vitesses de ventilation<br \/>\nFonction d&rsquo;orientation verticale des volets<\/p>\n","protected":false},"featured_media":42992,"template":"","meta":[],"product_brand":[],"product_cat":[1992],"product_tag":[],"class_list":{"0":"post-42997","1":"product","2":"type-product","3":"status-publish","4":"has-post-thumbnail","6":"product_cat-systeme-vrf","8":"first","9":"instock","10":"shipping-taxable","11":"product-type-simple"},"_links":{"self":[{"href":"https:\/\/airsystems.ge\/shop\/fr\/wp-json\/wp\/v2\/product\/42997","targetHints":{"allow":["GET"]}}],"collection":[{"href":"https:\/\/airsystems.ge\/shop\/fr\/wp-json\/wp\/v2\/product"}],"about":[{"href":"https:\/\/airsystems.ge\/shop\/fr\/wp-json\/wp\/v2\/types\/product"}],"wp:featuredmedia":[{"embeddable":true,"href":"https:\/\/airsystems.ge\/shop\/fr\/wp-json\/wp\/v2\/media\/42992"}],"wp:attachment":[{"href":"https:\/\/airsystems.ge\/shop\/fr\/wp-json\/wp\/v2\/media?parent=42997"}],"wp:term":[{"taxonomy":"product_brand","embeddable":true,"href":"https:\/\/airsystems.ge\/shop\/fr\/wp-json\/wp\/v2\/product_brand?post=42997"},{"taxonomy":"product_cat","embeddable":true,"href":"https:\/\/airsystems.ge\/shop\/fr\/wp-json\/wp\/v2\/product_cat?post=42997"},{"taxonomy":"product_tag","embeddable":true,"href":"https:\/\/airsystems.ge\/shop\/fr\/wp-json\/wp\/v2\/product_tag?post=42997"}],"curies":[{"name":"wp","href":"https:\/\/api.w.org\/{rel}","templated":true}]}}