{"id":42981,"date":"2025-10-18T12:34:58","date_gmt":"2025-10-18T08:34:58","guid":{"rendered":"https:\/\/airsystems.ge\/shop\/product\/vrf-system-indoor-unit-wall-mounted-wall-mounted-v8-series-1-5-8-kw-mihghn18-mih15ghn18-mih22ghn18-mih28ghn18-mih36ghn18-mih45ghn18-mih56ghn18-mih71gn18-mih80gn18-midea\/"},"modified":"2025-10-18T12:41:18","modified_gmt":"2025-10-18T08:41:18","slug":"vrf-system-indoor-unit-wall-mounted-wall-mounted-v8-series-1-5-8-kw-mihghn18-mih15ghn18-mih22ghn18-mih28ghn18-mih36ghn18-mih45ghn18-mih56ghn18-mih71gn18-mih80gn18-midea","status":"publish","type":"product","link":"https:\/\/airsystems.ge\/shop\/fr\/produit\/vrf-system-indoor-unit-wall-mounted-wall-mounted-v8-series-1-5-8-kw-mihghn18-mih15ghn18-mih22ghn18-mih28ghn18-mih36ghn18-mih45ghn18-mih56ghn18-mih71gn18-mih80gn18-midea\/","title":{"rendered":"Unit\u00e9 int\u00e9rieure DRV murale Unit\u00e9 murale, S\u00e9rie V8 1,5 &#8211; 8 kW MIH**GHN18  MIH15GHN18 MIH22GHN18 MIH28GHN18 MIH36GHN18 MIH45GHN18 MIH56GHN18 MIH71GN18 MIH80GN18  MIDEA"},"content":{"rendered":"","protected":false},"excerpt":{"rendered":"<section class=\"section_product-inner-hero\">\n<div class=\"padding-global\">\n<div id=\"lg-parent\" class=\"grid\">\n<div id=\"w-node-c63541f9-43bc-1c18-7844-90c28a81f2cb-875f3092\" class=\"product-inner_info-block\">\n<div class=\"product-inner_info-block-inner\">\n<div class=\"product-inner_text-block\">\n<h1>Unit\u00e9 murale, S\u00e9rie V8<\/h1>\n<p>Caract\u00e9ristiques produit<\/p>\n<p>Unit\u00e9 int\u00e9rieure murale, G\u00e9n\u00e9ration V8<\/p>\n<p>Technologie Inverter 7 vitesses<br \/>\nPompe de vidange Inverter haute pression\u00a0: Hauteur de relevage\u00a0: 1,2\u00a0m<br \/>\nFonction d&rsquo;orientation verticale des volets<br \/>\nOrifice d&rsquo;admission d&rsquo;air frais\u00a0: Jusqu&rsquo;\u00e0 10\u00a0%<br \/>\nContr\u00f4le de l&rsquo;humidit\u00e9<br \/>\nMETA 2\u00a0: Efficacit\u00e9 am\u00e9lior\u00e9e, Refroidissement\/Chauffage rapide<br \/>\nHyperlink\u00a0: R\u00e9duction du temps et des co\u00fbts d&rsquo;installation<br \/>\nZen air 2.0\u00a0: Gestion multifonctionnelle du flux d&rsquo;air<br \/>\nFonction de nettoyage automatique de l&rsquo;\u00e9changeur de chaleur<br \/>\nConception ferm\u00e9e, fonctionnement silencieux<\/p>\n<\/div>\n<\/div>\n<\/div>\n<\/div>\n<\/div>\n<\/section>\n<div class=\"padding-global\"><\/div>\n","protected":false},"featured_media":42970,"template":"","meta":[],"product_brand":[],"product_cat":[1992],"product_tag":[],"class_list":{"0":"post-42981","1":"product","2":"type-product","3":"status-publish","4":"has-post-thumbnail","6":"product_cat-systeme-vrf","8":"first","9":"instock","10":"shipping-taxable","11":"product-type-simple"},"_links":{"self":[{"href":"https:\/\/airsystems.ge\/shop\/fr\/wp-json\/wp\/v2\/product\/42981","targetHints":{"allow":["GET"]}}],"collection":[{"href":"https:\/\/airsystems.ge\/shop\/fr\/wp-json\/wp\/v2\/product"}],"about":[{"href":"https:\/\/airsystems.ge\/shop\/fr\/wp-json\/wp\/v2\/types\/product"}],"wp:featuredmedia":[{"embeddable":true,"href":"https:\/\/airsystems.ge\/shop\/fr\/wp-json\/wp\/v2\/media\/42970"}],"wp:attachment":[{"href":"https:\/\/airsystems.ge\/shop\/fr\/wp-json\/wp\/v2\/media?parent=42981"}],"wp:term":[{"taxonomy":"product_brand","embeddable":true,"href":"https:\/\/airsystems.ge\/shop\/fr\/wp-json\/wp\/v2\/product_brand?post=42981"},{"taxonomy":"product_cat","embeddable":true,"href":"https:\/\/airsystems.ge\/shop\/fr\/wp-json\/wp\/v2\/product_cat?post=42981"},{"taxonomy":"product_tag","embeddable":true,"href":"https:\/\/airsystems.ge\/shop\/fr\/wp-json\/wp\/v2\/product_tag?post=42981"}],"curies":[{"name":"wp","href":"https:\/\/api.w.org\/{rel}","templated":true}]}}