{"id":42959,"date":"2025-10-18T12:25:19","date_gmt":"2025-10-18T08:25:19","guid":{"rendered":"https:\/\/airsystems.ge\/shop\/product\/vrf-system-indoor-unit-wall-mounted-wall-mounted-2nd-generation-ac-2-2-9-kw-mdv-dg-n1-m-mdv-d22g-n1-m-mdv-d28g-n1-m-mdv-d36g-n1-m-mdv-d-45g-n1-m-mdv-d56g-n1-m-mdv-d71g-n1-m-mdv-d80g-n1-m-mdv-d90\/"},"modified":"2025-10-18T12:30:12","modified_gmt":"2025-10-18T08:30:12","slug":"vrf-system-indoor-unit-wall-mounted-wall-mounted-2nd-generation-ac-2-2-9-kw-mdv-dg-n1-m-mdv-d22g-n1-m-mdv-d28g-n1-m-mdv-d36g-n1-m-mdv-d-45g-n1-m-mdv-d56g-n1-m-mdv-d71g-n1-m-mdv-d80g-n1-m-mdv-d90","status":"publish","type":"product","link":"https:\/\/airsystems.ge\/shop\/fr\/produit\/vrf-system-indoor-unit-wall-mounted-wall-mounted-2nd-generation-ac-2-2-9-kw-mdv-dg-n1-m-mdv-d22g-n1-m-mdv-d28g-n1-m-mdv-d36g-n1-m-mdv-d-45g-n1-m-mdv-d56g-n1-m-mdv-d71g-n1-m-mdv-d80g-n1-m-mdv-d90\/","title":{"rendered":"Unit\u00e9 int\u00e9rieure DRV murale Unit\u00e9 int\u00e9rieure murale, 2e g\u00e9n\u00e9ration, climatisation AC 2,2 &#8211; 9 kW MDV-D**G\/N1-M MDV-D22G\/N1-M MDV-D28G\/N1-M MDV-D36G\/N1-M MDV-D-45G\/N1-M MDV-D56G\/N1-M MDV-D71G\/N1-M MDV-D80G\/N1-M MDV-D90G\/N1-M  MIDEA"},"content":{"rendered":"","protected":false},"excerpt":{"rendered":"<h1>Unit\u00e9 int\u00e9rieure murale, 2e g\u00e9n\u00e9ration, climatisation, AC<\/h1>\n<p>Unit\u00e9 int\u00e9rieure murale, 2e g\u00e9n\u00e9ration, climatisation<br \/>\nCaract\u00e9ristiques du produit<\/p>\n<p>Unit\u00e9 int\u00e9rieure murale, 2e g\u00e9n\u00e9ration<\/p>\n<p>7 vitesses de ventilation<br \/>\nFonction d&rsquo;orientation verticale des volets<\/p>\n","protected":false},"featured_media":42954,"template":"","meta":[],"product_brand":[],"product_cat":[1992],"product_tag":[],"class_list":{"0":"post-42959","1":"product","2":"type-product","3":"status-publish","4":"has-post-thumbnail","6":"product_cat-systeme-vrf","8":"first","9":"instock","10":"shipping-taxable","11":"product-type-simple"},"_links":{"self":[{"href":"https:\/\/airsystems.ge\/shop\/fr\/wp-json\/wp\/v2\/product\/42959","targetHints":{"allow":["GET"]}}],"collection":[{"href":"https:\/\/airsystems.ge\/shop\/fr\/wp-json\/wp\/v2\/product"}],"about":[{"href":"https:\/\/airsystems.ge\/shop\/fr\/wp-json\/wp\/v2\/types\/product"}],"wp:featuredmedia":[{"embeddable":true,"href":"https:\/\/airsystems.ge\/shop\/fr\/wp-json\/wp\/v2\/media\/42954"}],"wp:attachment":[{"href":"https:\/\/airsystems.ge\/shop\/fr\/wp-json\/wp\/v2\/media?parent=42959"}],"wp:term":[{"taxonomy":"product_brand","embeddable":true,"href":"https:\/\/airsystems.ge\/shop\/fr\/wp-json\/wp\/v2\/product_brand?post=42959"},{"taxonomy":"product_cat","embeddable":true,"href":"https:\/\/airsystems.ge\/shop\/fr\/wp-json\/wp\/v2\/product_cat?post=42959"},{"taxonomy":"product_tag","embeddable":true,"href":"https:\/\/airsystems.ge\/shop\/fr\/wp-json\/wp\/v2\/product_tag?post=42959"}],"curies":[{"name":"wp","href":"https:\/\/api.w.org\/{rel}","templated":true}]}}