{"id":42944,"date":"2025-10-18T11:56:15","date_gmt":"2025-10-18T07:56:15","guid":{"rendered":"https:\/\/airsystems.ge\/shop\/product\/vrf-system-indoor-unit-wall-mounted-wall-mounted-2nd-generation-dc-2-2-9-kw-mi2-gdn1-mi2-22gdn1-mi2-28gdn1-mi2-36gdn1-mi2-45gdn1-mi2-56gdn1-mi2-71gdn1-mi2-80gdn1-mi2-90gdn1-midea\/"},"modified":"2025-10-18T12:01:22","modified_gmt":"2025-10-18T08:01:22","slug":"vrf-system-indoor-unit-wall-mounted-wall-mounted-2nd-generation-dc-2-2-9-kw-mi2-gdn1-mi2-22gdn1-mi2-28gdn1-mi2-36gdn1-mi2-45gdn1-mi2-56gdn1-mi2-71gdn1-mi2-80gdn1-mi2-90gdn1-midea","status":"publish","type":"product","link":"https:\/\/airsystems.ge\/shop\/fr\/produit\/vrf-system-indoor-unit-wall-mounted-wall-mounted-2nd-generation-dc-2-2-9-kw-mi2-gdn1-mi2-22gdn1-mi2-28gdn1-mi2-36gdn1-mi2-45gdn1-mi2-56gdn1-mi2-71gdn1-mi2-80gdn1-mi2-90gdn1-midea\/","title":{"rendered":"VRF Sistemi Daxili blok Divara qura\u015fd\u0131r\u0131lm\u0131\u015fd\u0131r Divara qura\u015fd\u0131r\u0131lm\u0131\u015f, 2-ci N\u0259sil, DC 2,2 &#8211; 9 kVt MI2-**GDN1  MI2-22GDN1 MI2-28GDN1 MI2-36GDN1 MI2-45GDN1 MI2-56GDN1 MI2-71GDN1 MI2-80GDN1 MI2-90GDN1  MIDEA"},"content":{"rendered":"","protected":false},"excerpt":{"rendered":"<h1>Divara qura\u015fd\u0131r\u0131lm\u0131\u015f, 2-ci N\u0259sil, DC<\/h1>\n<p>M\u0259hsulun spesifikasiyas\u0131<\/p>\n<p>2-ci N\u0259sil Divara Qura\u015fd\u0131r\u0131lm\u0131\u015f Daxili B\u00f6lm\u0259<\/p>\n<p>7 S\u00fcr\u0259tli \u0130nverter Texnologiyas\u0131<br \/>\n\u015eaquli Luvr yell\u0259nc\u0259k funksiyas\u0131<br \/>\nSakit \u018fm\u0259liyyat<\/p>\n","protected":false},"featured_media":42938,"template":"","meta":[],"product_brand":[],"product_cat":[1992],"product_tag":[],"class_list":{"0":"post-42944","1":"product","2":"type-product","3":"status-publish","4":"has-post-thumbnail","6":"product_cat-systeme-vrf","8":"first","9":"instock","10":"shipping-taxable","11":"product-type-simple"},"_links":{"self":[{"href":"https:\/\/airsystems.ge\/shop\/fr\/wp-json\/wp\/v2\/product\/42944","targetHints":{"allow":["GET"]}}],"collection":[{"href":"https:\/\/airsystems.ge\/shop\/fr\/wp-json\/wp\/v2\/product"}],"about":[{"href":"https:\/\/airsystems.ge\/shop\/fr\/wp-json\/wp\/v2\/types\/product"}],"wp:featuredmedia":[{"embeddable":true,"href":"https:\/\/airsystems.ge\/shop\/fr\/wp-json\/wp\/v2\/media\/42938"}],"wp:attachment":[{"href":"https:\/\/airsystems.ge\/shop\/fr\/wp-json\/wp\/v2\/media?parent=42944"}],"wp:term":[{"taxonomy":"product_brand","embeddable":true,"href":"https:\/\/airsystems.ge\/shop\/fr\/wp-json\/wp\/v2\/product_brand?post=42944"},{"taxonomy":"product_cat","embeddable":true,"href":"https:\/\/airsystems.ge\/shop\/fr\/wp-json\/wp\/v2\/product_cat?post=42944"},{"taxonomy":"product_tag","embeddable":true,"href":"https:\/\/airsystems.ge\/shop\/fr\/wp-json\/wp\/v2\/product_tag?post=42944"}],"curies":[{"name":"wp","href":"https:\/\/api.w.org\/{rel}","templated":true}]}}