{"id":42927,"date":"2025-10-17T21:45:09","date_gmt":"2025-10-17T17:45:09","guid":{"rendered":"https:\/\/airsystems.ge\/shop\/product\/vrf-system-indoor-unit-floor-standing-floor-standing-2nd-generation-dc-2-2-8-kw-mi2-f5dn1a-mi2-22f5dn1a-mi2-28f5dn1a-mi2-36f5dn1a-mi2-45f5dn1a-mi2-56f5dn1a-mi2-71f5dn1a-mi2-80f5dn1\/"},"modified":"2025-10-17T21:50:52","modified_gmt":"2025-10-17T17:50:52","slug":"vrf-system-indoor-unit-floor-standing-floor-standing-2nd-generation-dc-2-2-8-kw-mi2-f5dn1a-mi2-22f5dn1a-mi2-28f5dn1a-mi2-36f5dn1a-mi2-45f5dn1a-mi2-56f5dn1a-mi2-71f5dn1a-mi2-80f5dn1","status":"publish","type":"product","link":"https:\/\/airsystems.ge\/shop\/fr\/produit\/vrf-system-indoor-unit-floor-standing-floor-standing-2nd-generation-dc-2-2-8-kw-mi2-f5dn1a-mi2-22f5dn1a-mi2-28f5dn1a-mi2-36f5dn1a-mi2-45f5dn1a-mi2-56f5dn1a-mi2-71f5dn1a-mi2-80f5dn1\/","title":{"rendered":"Unit\u00e9 int\u00e9rieure DRV, pose au sol Position au sol, 2e g\u00e9n\u00e9ration, CC 2,2 &#8211; 8 kW MI2-**F5DN1(A) MI2-22F5DN1(A) MI2-28F5DN1(A) MI2-36F5DN1(A) MI2-45F5DN1(A) MI2-56F5DN1(A) MI2-71F5DN1(A) MI2-80F5DN1(A) Midea"},"content":{"rendered":"","protected":false},"excerpt":{"rendered":"<h1>Position au sol, 2e g\u00e9n\u00e9ration, CC<\/h1>\n<p>Caract\u00e9ristiques du produit<\/p>\n<p>Unit\u00e9 int\u00e9rieure, pose au sol, 2e g\u00e9n\u00e9ration<\/p>\n<p>Technologie Inverter 7 vitesses<br \/>\nFonctionnement silencieux<\/p>\n","protected":false},"featured_media":42922,"template":"","meta":[],"product_brand":[],"product_cat":[1992],"product_tag":[],"class_list":{"0":"post-42927","1":"product","2":"type-product","3":"status-publish","4":"has-post-thumbnail","6":"product_cat-systeme-vrf","8":"first","9":"instock","10":"shipping-taxable","11":"product-type-simple"},"_links":{"self":[{"href":"https:\/\/airsystems.ge\/shop\/fr\/wp-json\/wp\/v2\/product\/42927","targetHints":{"allow":["GET"]}}],"collection":[{"href":"https:\/\/airsystems.ge\/shop\/fr\/wp-json\/wp\/v2\/product"}],"about":[{"href":"https:\/\/airsystems.ge\/shop\/fr\/wp-json\/wp\/v2\/types\/product"}],"wp:featuredmedia":[{"embeddable":true,"href":"https:\/\/airsystems.ge\/shop\/fr\/wp-json\/wp\/v2\/media\/42922"}],"wp:attachment":[{"href":"https:\/\/airsystems.ge\/shop\/fr\/wp-json\/wp\/v2\/media?parent=42927"}],"wp:term":[{"taxonomy":"product_brand","embeddable":true,"href":"https:\/\/airsystems.ge\/shop\/fr\/wp-json\/wp\/v2\/product_brand?post=42927"},{"taxonomy":"product_cat","embeddable":true,"href":"https:\/\/airsystems.ge\/shop\/fr\/wp-json\/wp\/v2\/product_cat?post=42927"},{"taxonomy":"product_tag","embeddable":true,"href":"https:\/\/airsystems.ge\/shop\/fr\/wp-json\/wp\/v2\/product_tag?post=42927"}],"curies":[{"name":"wp","href":"https:\/\/api.w.org\/{rel}","templated":true}]}}