{"id":42894,"date":"2025-10-14T22:47:20","date_gmt":"2025-10-14T18:47:20","guid":{"rendered":"https:\/\/airsystems.ge\/shop\/product\/vrf-system-indoor-unit-fresh-air-unit-small-airflow-v8-fresh-air-unit-9-28-kw-mihfashn18-mih90fashn18-mih140fashn18-mih160fashn18-mih224fashn18-mih280fashn18\/"},"modified":"2025-10-14T22:50:02","modified_gmt":"2025-10-14T18:50:02","slug":"vrf-system-indoor-unit-fresh-air-unit-small-airflow-v8-fresh-air-unit-9-28-kw-mihfashn18-mih90fashn18-mih140fashn18-mih160fashn18-mih224fashn18-mih280fashn18","status":"publish","type":"product","link":"https:\/\/airsystems.ge\/shop\/fr\/produit\/vrf-system-indoor-unit-fresh-air-unit-small-airflow-v8-fresh-air-unit-9-28-kw-mihfashn18-mih90fashn18-mih140fashn18-mih160fashn18-mih224fashn18-mih280fashn18\/","title":{"rendered":"Unit\u00e9 int\u00e9rieure du syst\u00e8me DRV Unit\u00e9 d&rsquo;air frais Unit\u00e9 d&rsquo;air frais V8 \u00e0 faible d\u00e9bit 9 &#8211; 28 kW MIH**FASHN18  MIH90FASHN18 MIH140FASHN18 MIH160FASHN18 MIH224FASHN18 MIH280FASHN18"},"content":{"rendered":"","protected":false},"excerpt":{"rendered":"<p><strong>Unit\u00e9 d&rsquo;air frais V8 \u00e0 faible d\u00e9bit<\/strong><br \/>\nCaract\u00e9ristiques du produit<\/p>\n<p>Unit\u00e9 d&rsquo;air frais du syst\u00e8me DRV<\/p>\n<p>100 % d&rsquo;air frais<br \/>\nTechnologie Full Inverter<br \/>\nPlage de fonctionnement \u00e9tendue\u00a0: Hiver\u00a0: -10\u00a0\u00b0C, \u00c9t\u00e9\u00a0: 43\u00a0\u00b0C<br \/>\nFournit une temp\u00e9rature d&rsquo;air confortable quelles que soient les conditions ext\u00e9rieures<br \/>\nPression externe \u00e9lev\u00e9e\u00a0: jusqu&rsquo;\u00e0 400\u00a0Pa<\/p>\n","protected":false},"featured_media":42889,"template":"","meta":[],"product_brand":[],"product_cat":[1992],"product_tag":[],"class_list":{"0":"post-42894","1":"product","2":"type-product","3":"status-publish","4":"has-post-thumbnail","6":"product_cat-systeme-vrf","8":"first","9":"instock","10":"shipping-taxable","11":"product-type-simple"},"_links":{"self":[{"href":"https:\/\/airsystems.ge\/shop\/fr\/wp-json\/wp\/v2\/product\/42894","targetHints":{"allow":["GET"]}}],"collection":[{"href":"https:\/\/airsystems.ge\/shop\/fr\/wp-json\/wp\/v2\/product"}],"about":[{"href":"https:\/\/airsystems.ge\/shop\/fr\/wp-json\/wp\/v2\/types\/product"}],"wp:featuredmedia":[{"embeddable":true,"href":"https:\/\/airsystems.ge\/shop\/fr\/wp-json\/wp\/v2\/media\/42889"}],"wp:attachment":[{"href":"https:\/\/airsystems.ge\/shop\/fr\/wp-json\/wp\/v2\/media?parent=42894"}],"wp:term":[{"taxonomy":"product_brand","embeddable":true,"href":"https:\/\/airsystems.ge\/shop\/fr\/wp-json\/wp\/v2\/product_brand?post=42894"},{"taxonomy":"product_cat","embeddable":true,"href":"https:\/\/airsystems.ge\/shop\/fr\/wp-json\/wp\/v2\/product_cat?post=42894"},{"taxonomy":"product_tag","embeddable":true,"href":"https:\/\/airsystems.ge\/shop\/fr\/wp-json\/wp\/v2\/product_tag?post=42894"}],"curies":[{"name":"wp","href":"https:\/\/api.w.org\/{rel}","templated":true}]}}