{"id":42876,"date":"2025-10-14T22:39:37","date_gmt":"2025-10-14T18:39:37","guid":{"rendered":"https:\/\/airsystems.ge\/shop\/product\/vrf-system-indoor-unit-fresh-air-unit-v8-fresh-air-unit-20-56-kw-mihfahn18-mih200fahn18-mih224fahn18-mih252fahn18-mih280fahn18-mih335fahn18-mih400fahn18-mih450fahn18-mih560fahn18\/"},"modified":"2025-10-14T22:43:03","modified_gmt":"2025-10-14T18:43:03","slug":"vrf-system-indoor-unit-fresh-air-unit-v8-fresh-air-unit-20-56-kw-mihfahn18-mih200fahn18-mih224fahn18-mih252fahn18-mih280fahn18-mih335fahn18-mih400fahn18-mih450fahn18-mih560fahn18","status":"publish","type":"product","link":"https:\/\/airsystems.ge\/shop\/fr\/produit\/vrf-system-indoor-unit-fresh-air-unit-v8-fresh-air-unit-20-56-kw-mihfahn18-mih200fahn18-mih224fahn18-mih252fahn18-mih280fahn18-mih335fahn18-mih400fahn18-mih450fahn18-mih560fahn18\/","title":{"rendered":"Syst\u00e8me DRV Unit\u00e9 int\u00e9rieure Unit\u00e9 d&rsquo;air frais Unit\u00e9 d&rsquo;air frais V8 20 &#8211; 56 kW MIH***FAHN18  MIH200FAHN18 MIH224FAHN18 MIH252FAHN18 MIH280FAHN18 MIH335FAHN18 MIH400FAHN18 MIH450FAHN18 MIH560FAHN18"},"content":{"rendered":"","protected":false},"excerpt":{"rendered":"<h1>Unit\u00e9 d&rsquo;air frais V8<\/h1>\n<p>Caract\u00e9ristiques du produit<\/p>\n<p>100 % air frais<br \/>\nTechnologie Full Inverter<br \/>\nPlage de fonctionnement\u00a0: Hiver\u00a0: -5\u00a0\u00b0C, \u00c9t\u00e9\u00a0: 43\u00a0\u00b0C<br \/>\nD\u00e9bit d&rsquo;air important<br \/>\nPression externe \u00e9lev\u00e9e\u00a0: jusqu&rsquo;\u00e0 400\u00a0Pa<\/p>\n","protected":false},"featured_media":42871,"template":"","meta":[],"product_brand":[],"product_cat":[1992],"product_tag":[],"class_list":{"0":"post-42876","1":"product","2":"type-product","3":"status-publish","4":"has-post-thumbnail","6":"product_cat-systeme-vrf","8":"first","9":"instock","10":"shipping-taxable","11":"product-type-simple"},"_links":{"self":[{"href":"https:\/\/airsystems.ge\/shop\/fr\/wp-json\/wp\/v2\/product\/42876","targetHints":{"allow":["GET"]}}],"collection":[{"href":"https:\/\/airsystems.ge\/shop\/fr\/wp-json\/wp\/v2\/product"}],"about":[{"href":"https:\/\/airsystems.ge\/shop\/fr\/wp-json\/wp\/v2\/types\/product"}],"wp:featuredmedia":[{"embeddable":true,"href":"https:\/\/airsystems.ge\/shop\/fr\/wp-json\/wp\/v2\/media\/42871"}],"wp:attachment":[{"href":"https:\/\/airsystems.ge\/shop\/fr\/wp-json\/wp\/v2\/media?parent=42876"}],"wp:term":[{"taxonomy":"product_brand","embeddable":true,"href":"https:\/\/airsystems.ge\/shop\/fr\/wp-json\/wp\/v2\/product_brand?post=42876"},{"taxonomy":"product_cat","embeddable":true,"href":"https:\/\/airsystems.ge\/shop\/fr\/wp-json\/wp\/v2\/product_cat?post=42876"},{"taxonomy":"product_tag","embeddable":true,"href":"https:\/\/airsystems.ge\/shop\/fr\/wp-json\/wp\/v2\/product_tag?post=42876"}],"curies":[{"name":"wp","href":"https:\/\/api.w.org\/{rel}","templated":true}]}}