{"id":42862,"date":"2025-10-14T22:29:45","date_gmt":"2025-10-14T18:29:45","guid":{"rendered":"https:\/\/airsystems.ge\/shop\/product\/vrf-system-indoor-unit-fresh-air-unit-fresh-air-unit-2nd-generation-12-5-56-kw-mi2-fadhn1-mi2-125fadhn1-mi2-140fadhn1-mi2-200fadhn1-mi2-250fadhn1-mi2-280fadhn1-mi2-450fadhn1-mi2-560fadhn1\/"},"modified":"2025-10-14T22:36:22","modified_gmt":"2025-10-14T18:36:22","slug":"vrf-system-indoor-unit-fresh-air-unit-fresh-air-unit-2nd-generation-12-5-56-kw-mi2-fadhn1-mi2-125fadhn1-mi2-140fadhn1-mi2-200fadhn1-mi2-250fadhn1-mi2-280fadhn1-mi2-450fadhn1-mi2-560fadhn1","status":"publish","type":"product","link":"https:\/\/airsystems.ge\/shop\/fr\/produit\/vrf-system-indoor-unit-fresh-air-unit-fresh-air-unit-2nd-generation-12-5-56-kw-mi2-fadhn1-mi2-125fadhn1-mi2-140fadhn1-mi2-200fadhn1-mi2-250fadhn1-mi2-280fadhn1-mi2-450fadhn1-mi2-560fadhn1\/","title":{"rendered":"Syst\u00e8me DRV Unit\u00e9 int\u00e9rieure Unit\u00e9 d&rsquo;air frais Unit\u00e9 d&rsquo;air frais, 2e g\u00e9n\u00e9ration 12,5 &#8211; 56 kW MI2-***FADHN1  MI2-125FADHN1 MI2-140FADHN1 MI2-200FADHN1 MI2-250FADHN1 MI2-280FADHN1 MI2-450FADHN1 MI2-560FADHN1"},"content":{"rendered":"","protected":false},"excerpt":{"rendered":"<h1>Unit\u00e9 d&rsquo;air frais, 2e g\u00e9n\u00e9ration<\/h1>\n<p>Caract\u00e9ristiques du produit<\/p>\n<p>Unit\u00e9 d&rsquo;air frais du syst\u00e8me DRV<\/p>\n<p>100 % air frais<br \/>\nTechnologie Full Inverter<br \/>\nPlage de fonctionnement\u00a0: Hiver\u00a0: -5\u00a0\u00b0C, \u00c9t\u00e9\u00a0: 43\u00a0\u00b0C<br \/>\nD\u00e9bit d&rsquo;air important<br \/>\nPression externe \u00e9lev\u00e9e\u00a0: jusqu&rsquo;\u00e0 400\u00a0Pa<\/p>\n","protected":false},"featured_media":42857,"template":"","meta":[],"product_brand":[],"product_cat":[1992],"product_tag":[],"class_list":{"0":"post-42862","1":"product","2":"type-product","3":"status-publish","4":"has-post-thumbnail","6":"product_cat-systeme-vrf","8":"first","9":"instock","10":"shipping-taxable","11":"product-type-simple"},"_links":{"self":[{"href":"https:\/\/airsystems.ge\/shop\/fr\/wp-json\/wp\/v2\/product\/42862","targetHints":{"allow":["GET"]}}],"collection":[{"href":"https:\/\/airsystems.ge\/shop\/fr\/wp-json\/wp\/v2\/product"}],"about":[{"href":"https:\/\/airsystems.ge\/shop\/fr\/wp-json\/wp\/v2\/types\/product"}],"wp:featuredmedia":[{"embeddable":true,"href":"https:\/\/airsystems.ge\/shop\/fr\/wp-json\/wp\/v2\/media\/42857"}],"wp:attachment":[{"href":"https:\/\/airsystems.ge\/shop\/fr\/wp-json\/wp\/v2\/media?parent=42862"}],"wp:term":[{"taxonomy":"product_brand","embeddable":true,"href":"https:\/\/airsystems.ge\/shop\/fr\/wp-json\/wp\/v2\/product_brand?post=42862"},{"taxonomy":"product_cat","embeddable":true,"href":"https:\/\/airsystems.ge\/shop\/fr\/wp-json\/wp\/v2\/product_cat?post=42862"},{"taxonomy":"product_tag","embeddable":true,"href":"https:\/\/airsystems.ge\/shop\/fr\/wp-json\/wp\/v2\/product_tag?post=42862"}],"curies":[{"name":"wp","href":"https:\/\/api.w.org\/{rel}","templated":true}]}}