{"id":42847,"date":"2025-10-14T19:13:42","date_gmt":"2025-10-14T15:13:42","guid":{"rendered":"https:\/\/airsystems.ge\/shop\/product\/vrf-system-indoor-unit-hydro-module-high-temperature-hydro-module-14-kw-smk-140-rn3\/"},"modified":"2025-10-14T19:16:47","modified_gmt":"2025-10-14T15:16:47","slug":"vrf-system-indoor-unit-hydro-module-high-temperature-hydro-module-14-kw-smk-140-rn3","status":"publish","type":"product","link":"https:\/\/airsystems.ge\/shop\/fr\/produit\/vrf-system-indoor-unit-hydro-module-high-temperature-hydro-module-14-kw-smk-140-rn3\/","title":{"rendered":"Module hydraulique pour unit\u00e9 int\u00e9rieure du syst\u00e8me DRV Module hydraulique haute temp\u00e9rature 14 kW SMK-140\/RN3"},"content":{"rendered":"","protected":false},"excerpt":{"rendered":"<h1>Module hydraulique haute temp\u00e9rature<\/h1>\n<p>Caract\u00e9ristiques du produit<\/p>\n<p>Module hydraulique pour syst\u00e8me DRV 3 tubes, fournissant de l&rsquo;eau chaude sanitaire.<\/p>\n<p>R\u00e9cup\u00e9ration de chaleur des unit\u00e9s int\u00e9rieures de refroidissement, permettant la production d&rsquo;eau chaude sanitaire.<\/p>\n<p>Eau chaude sanitaire jusqu&rsquo;\u00e0 80 \u00b0C<br \/>\nPuissance\u00a0: 14 kW<\/p>\n","protected":false},"featured_media":42841,"template":"","meta":[],"product_brand":[],"product_cat":[1992],"product_tag":[],"class_list":{"0":"post-42847","1":"product","2":"type-product","3":"status-publish","4":"has-post-thumbnail","6":"product_cat-systeme-vrf","8":"first","9":"instock","10":"shipping-taxable","11":"purchasable","12":"product-type-simple"},"_links":{"self":[{"href":"https:\/\/airsystems.ge\/shop\/fr\/wp-json\/wp\/v2\/product\/42847","targetHints":{"allow":["GET"]}}],"collection":[{"href":"https:\/\/airsystems.ge\/shop\/fr\/wp-json\/wp\/v2\/product"}],"about":[{"href":"https:\/\/airsystems.ge\/shop\/fr\/wp-json\/wp\/v2\/types\/product"}],"wp:featuredmedia":[{"embeddable":true,"href":"https:\/\/airsystems.ge\/shop\/fr\/wp-json\/wp\/v2\/media\/42841"}],"wp:attachment":[{"href":"https:\/\/airsystems.ge\/shop\/fr\/wp-json\/wp\/v2\/media?parent=42847"}],"wp:term":[{"taxonomy":"product_brand","embeddable":true,"href":"https:\/\/airsystems.ge\/shop\/fr\/wp-json\/wp\/v2\/product_brand?post=42847"},{"taxonomy":"product_cat","embeddable":true,"href":"https:\/\/airsystems.ge\/shop\/fr\/wp-json\/wp\/v2\/product_cat?post=42847"},{"taxonomy":"product_tag","embeddable":true,"href":"https:\/\/airsystems.ge\/shop\/fr\/wp-json\/wp\/v2\/product_tag?post=42847"}],"curies":[{"name":"wp","href":"https:\/\/api.w.org\/{rel}","templated":true}]}}