{"id":42798,"date":"2025-10-14T18:46:50","date_gmt":"2025-10-14T14:46:50","guid":{"rendered":"https:\/\/airsystems.ge\/shop\/product\/vrf-system-outdoor-unit-vertical-discharge-v8-pro-series-25-2-101-kw-mv8-wv2gn1pro-mv8-252wv2gn1pro-mv8-280wv2gn1pro-mv8-335wv2gn1pro-mv8-400wv2gn1pro-mv8-450wv2gn1pro-mv8-500wv2gn1\/"},"modified":"2025-10-14T18:51:24","modified_gmt":"2025-10-14T14:51:24","slug":"vrf-system-outdoor-unit-vertical-discharge-v8-pro-series-25-2-101-kw-mv8-wv2gn1pro-mv8-252wv2gn1pro-mv8-280wv2gn1pro-mv8-335wv2gn1pro-mv8-400wv2gn1pro-mv8-450wv2gn1pro-mv8-500wv2gn1","status":"publish","type":"product","link":"https:\/\/airsystems.ge\/shop\/fr\/produit\/vrf-system-outdoor-unit-vertical-discharge-v8-pro-series-25-2-101-kw-mv8-wv2gn1pro-mv8-252wv2gn1pro-mv8-280wv2gn1pro-mv8-335wv2gn1pro-mv8-400wv2gn1pro-mv8-450wv2gn1pro-mv8-500wv2gn1\/","title":{"rendered":"Unit\u00e9 ext\u00e9rieure DRV \u00e0 soufflage vertical, s\u00e9rie V8 Pro 25,2 &#8211; 101 kW MV8-***WV2GN1(PRO) MV8-252WV2GN1(PRO) MV8-280WV2GN1(PRO) MV8-335WV2GN1(PRO) MV8-400WV2GN1(PRO) MV8-450WV2GN1(PRO) MV8-500WV2GN1(PRO) MV8-560WV2GN1(PRO) MV8-615WV2GN1(PRO) MV8-670WV2GN1(PRO) MV8-730WV2GN1(PRO) MV8-785WV2GN1(PRO) MV8-850WV2GN1(PRO) MV8-900WV2GN1(PRO) MV8-950WV2GN1(PRO) MV8-1010WV2GN1(PRO)"},"content":{"rendered":"","protected":false},"excerpt":{"rendered":"<h1>S\u00e9rie V8 Pro<\/h1>\n<p>Caract\u00e9ristiques du produit<\/p>\n<p>Unit\u00e9 ext\u00e9rieure du syst\u00e8me DRV\u00a0: conception modulaire, possibilit\u00e9 de connexion de 3 unit\u00e9s ext\u00e9rieures<\/p>\n<p>Conception modulaire\u00a0: possibilit\u00e9 de connexion de 3 unit\u00e9s ext\u00e9rieures<br \/>\nOnduleur CC continu<br \/>\nEfficacit\u00e9 \u00e9nerg\u00e9tique saisonni\u00e8re exceptionnelle<br \/>\nLarge plage de puissance\u00a0: jusqu\u2019\u00e0 101\u00a0kW<br \/>\nLarge rapport de combinaison\u00a0: 50-200\u00a0%<br \/>\nCompresseur \u00e0 injection de vapeur am\u00e9lior\u00e9e (EVI)<br \/>\nShieldBox\u00a0: garantit la fiabilit\u00e9 du syst\u00e8me dans des conditions climatiques extr\u00eames.<br \/>\nMETA 2\u00a0: Efficacit\u00e9 am\u00e9lior\u00e9e, contr\u00f4le de la d\u00e9shumidification<br \/>\nHyperlien\u00a0: R\u00e9duction du temps et des co\u00fbts d\u2019installation<br \/>\nVaste plage de fonctionnement\u00a0: Hiver\u00a0: -30\u00a0\u00b0C, \u00c9t\u00e9\u00a0: 55\u00a0\u00b0C<br \/>\nQuatre fonctions de secours\u00a0: Fonctionnement continu en cas de panne<br \/>\nDouble cycle de service\u00a0: Dur\u00e9e de vie prolong\u00e9e du syst\u00e8me<br \/>\nDoctor M 2.0\u00a0: Outil de maintenance intelligent<br \/>\nSuper Sense\u00a0: Surveillance avanc\u00e9e du r\u00e9frig\u00e9rant<br \/>\nZen air 2.0\u00a0: Gestion multifonctionnelle du flux d\u2019air<br \/>\nMode silencieux avanc\u00e9 \u00e0 15\u00a0niveaux<br \/>\nFonction de d\u00e9poussi\u00e9rage\/d\u00e9neigement automatique<\/p>\n","protected":false},"featured_media":42805,"template":"","meta":[],"product_brand":[],"product_cat":[1992],"product_tag":[],"class_list":{"0":"post-42798","1":"product","2":"type-product","3":"status-publish","4":"has-post-thumbnail","6":"product_cat-systeme-vrf","8":"first","9":"instock","10":"shipping-taxable","11":"product-type-simple"},"_links":{"self":[{"href":"https:\/\/airsystems.ge\/shop\/fr\/wp-json\/wp\/v2\/product\/42798","targetHints":{"allow":["GET"]}}],"collection":[{"href":"https:\/\/airsystems.ge\/shop\/fr\/wp-json\/wp\/v2\/product"}],"about":[{"href":"https:\/\/airsystems.ge\/shop\/fr\/wp-json\/wp\/v2\/types\/product"}],"wp:featuredmedia":[{"embeddable":true,"href":"https:\/\/airsystems.ge\/shop\/fr\/wp-json\/wp\/v2\/media\/42805"}],"wp:attachment":[{"href":"https:\/\/airsystems.ge\/shop\/fr\/wp-json\/wp\/v2\/media?parent=42798"}],"wp:term":[{"taxonomy":"product_brand","embeddable":true,"href":"https:\/\/airsystems.ge\/shop\/fr\/wp-json\/wp\/v2\/product_brand?post=42798"},{"taxonomy":"product_cat","embeddable":true,"href":"https:\/\/airsystems.ge\/shop\/fr\/wp-json\/wp\/v2\/product_cat?post=42798"},{"taxonomy":"product_tag","embeddable":true,"href":"https:\/\/airsystems.ge\/shop\/fr\/wp-json\/wp\/v2\/product_tag?post=42798"}],"curies":[{"name":"wp","href":"https:\/\/api.w.org\/{rel}","templated":true}]}}