{"id":42764,"date":"2025-10-14T18:39:24","date_gmt":"2025-10-14T14:39:24","guid":{"rendered":"https:\/\/airsystems.ge\/shop\/product\/vrf-system-outdoor-unit-vertical-discharge-v8i-master-series-25-2-90-kw-mv8i-wv2rn1ema-mv8i-252wv2rn1ema-mv8i-280wv2rn1ema-mv8i-335wv2rn1ema-mv8i-400wv2rn1ema-mv8i-450wv2rn1ema-mv8i\/"},"modified":"2025-10-14T18:42:22","modified_gmt":"2025-10-14T14:42:22","slug":"vrf-system-outdoor-unit-vertical-discharge-v8i-master-series-25-2-90-kw-mv8i-wv2rn1ema-mv8i-252wv2rn1ema-mv8i-280wv2rn1ema-mv8i-335wv2rn1ema-mv8i-400wv2rn1ema-mv8i-450wv2rn1ema-mv8i","status":"publish","type":"product","link":"https:\/\/airsystems.ge\/shop\/fr\/produit\/vrf-system-outdoor-unit-vertical-discharge-v8i-master-series-25-2-90-kw-mv8i-wv2rn1ema-mv8i-252wv2rn1ema-mv8i-280wv2rn1ema-mv8i-335wv2rn1ema-mv8i-400wv2rn1ema-mv8i-450wv2rn1ema-mv8i\/","title":{"rendered":"Unit\u00e9 ext\u00e9rieure DRV \u00e0 soufflage vertical, s\u00e9rie Master V8i 25,2 &#8211; 90 kW MV8i-***WV2RN1E(MA)  MV8i-252WV2RN1E(MA) MV8i-280WV2RN1E(MA) MV8i-335WV2RN1E(MA) MV8i-400WV2RN1E(MA) MV8i-450WV2RN1E(MA) MV8i-500WV2RN1E(MA) MV8i-560WV2RN1E(MA) MV8i-615WV2RN1E(MA) MV8i-670WV2RN1E(MA) MV8i-730WV2RN1E(MA) MV8i-785WV2RN1E(MA) MV8i-850WV2RN1E(MA) MV8i-900WV2RN1E(MA)"},"content":{"rendered":"","protected":false},"excerpt":{"rendered":"<h1>S\u00e9rie V8i Master<\/h1>\n<p>Caract\u00e9ristiques du produit<\/p>\n<p>Unit\u00e9 ext\u00e9rieure du syst\u00e8me DRV<\/p>\n<p>Onduleur CC continu<br \/>\nEfficacit\u00e9 \u00e9nerg\u00e9tique saisonni\u00e8re exceptionnelle<br \/>\nLarge plage de puissance\u00a0: jusqu\u2019\u00e0 90\u00a0kW<br \/>\nLarge rapport de combinaison\u00a0: 50-200\u00a0%<br \/>\nCompresseur \u00e0 injection de vapeur am\u00e9lior\u00e9e (EVI)<br \/>\nShieldBox\u00a0: garantit la fiabilit\u00e9 du syst\u00e8me dans des conditions climatiques extr\u00eames.<br \/>\nMETA 2 : Efficacit\u00e9 am\u00e9lior\u00e9e, contr\u00f4le de la d\u00e9shumidification<br \/>\nHyperlien : R\u00e9duction du temps et des co\u00fbts d&rsquo;installation<br \/>\nVaste plage de fonctionnement : Hiver : -30 \u00b0C, \u00c9t\u00e9 : 55 \u00b0C<br \/>\nQuatre fonctions de secours : Fonctionnement continu en cas de panne<br \/>\nDouble cycle de service : Dur\u00e9e de vie prolong\u00e9e du syst\u00e8me<br \/>\nDoctor M 2.0 : Outil de maintenance intelligent<br \/>\nSuper Sense : Surveillance avanc\u00e9e du r\u00e9frig\u00e9rant<br \/>\nZen air 2.0 : Gestion multifonctionnelle du flux d&rsquo;air<br \/>\nMode silencieux avanc\u00e9 \u00e0 15 niveaux<br \/>\nFonction de d\u00e9poussi\u00e9rage\/d\u00e9neigement automatique<\/p>\n","protected":false},"featured_media":42747,"template":"","meta":[],"product_brand":[],"product_cat":[1992],"product_tag":[],"class_list":{"0":"post-42764","1":"product","2":"type-product","3":"status-publish","4":"has-post-thumbnail","6":"product_cat-systeme-vrf","8":"first","9":"instock","10":"shipping-taxable","11":"product-type-simple"},"_links":{"self":[{"href":"https:\/\/airsystems.ge\/shop\/fr\/wp-json\/wp\/v2\/product\/42764","targetHints":{"allow":["GET"]}}],"collection":[{"href":"https:\/\/airsystems.ge\/shop\/fr\/wp-json\/wp\/v2\/product"}],"about":[{"href":"https:\/\/airsystems.ge\/shop\/fr\/wp-json\/wp\/v2\/types\/product"}],"wp:featuredmedia":[{"embeddable":true,"href":"https:\/\/airsystems.ge\/shop\/fr\/wp-json\/wp\/v2\/media\/42747"}],"wp:attachment":[{"href":"https:\/\/airsystems.ge\/shop\/fr\/wp-json\/wp\/v2\/media?parent=42764"}],"wp:term":[{"taxonomy":"product_brand","embeddable":true,"href":"https:\/\/airsystems.ge\/shop\/fr\/wp-json\/wp\/v2\/product_brand?post=42764"},{"taxonomy":"product_cat","embeddable":true,"href":"https:\/\/airsystems.ge\/shop\/fr\/wp-json\/wp\/v2\/product_cat?post=42764"},{"taxonomy":"product_tag","embeddable":true,"href":"https:\/\/airsystems.ge\/shop\/fr\/wp-json\/wp\/v2\/product_tag?post=42764"}],"curies":[{"name":"wp","href":"https:\/\/api.w.org\/{rel}","templated":true}]}}