{"id":42732,"date":"2025-10-14T18:30:41","date_gmt":"2025-10-14T14:30:41","guid":{"rendered":"https:\/\/airsystems.ge\/shop\/product\/vrf-system-outdoor-unit-vertical-discharge-v8-master-series-25-2-90-kw-mv8-wv2rn1ema-mv8-252wv2rn1ema-mv8-280wv2rn1ema-mv8-335wv2rn1ema-mv8-400wv2rn1ema-mv8-450wv2rn1ema-mv8-500wv2rn\/"},"modified":"2025-10-14T18:33:40","modified_gmt":"2025-10-14T14:33:40","slug":"vrf-system-outdoor-unit-vertical-discharge-v8-master-series-25-2-90-kw-mv8-wv2rn1ema-mv8-252wv2rn1ema-mv8-280wv2rn1ema-mv8-335wv2rn1ema-mv8-400wv2rn1ema-mv8-450wv2rn1ema-mv8-500wv2rn","status":"publish","type":"product","link":"https:\/\/airsystems.ge\/shop\/fr\/produit\/vrf-system-outdoor-unit-vertical-discharge-v8-master-series-25-2-90-kw-mv8-wv2rn1ema-mv8-252wv2rn1ema-mv8-280wv2rn1ema-mv8-335wv2rn1ema-mv8-400wv2rn1ema-mv8-450wv2rn1ema-mv8-500wv2rn\/","title":{"rendered":"Unit\u00e9 ext\u00e9rieure VRF \u00e0 d\u00e9charge verticale, s\u00e9rie V8 Master 25,2 &#8211; 90 kW MV8-***WV2RN1E(MA)  MV8-252WV2RN1E(MA) MV8-280WV2RN1E(MA) MV8-335WV2RN1E(MA) MV8-400WV2RN1E(MA) MV8-450WV2RN1E(MA) MV8-500WV2RN1E(MA) MV8-560WV2RN1E(MA) MV8-615WV2RN1E(MA) MV8-670WV2RN1E(MA) MV8-730WV2RN1E(MA) MV8-785WV2RN1E(MA) MV8-850WV2RN1E(MA) MV8-900WV2RN1E(MA)"},"content":{"rendered":"","protected":false},"excerpt":{"rendered":"<h1>S\u00e9rie V8 Master<\/h1>\n<p>Produit Sp\u00e9cifications<\/p>\n<p>Unit\u00e9 ext\u00e9rieure du syst\u00e8me DRV\u00a0: conception modulaire, possibilit\u00e9 de connecter 3 unit\u00e9s ext\u00e9rieures<\/p>\n<p>Conception modulaire\u00a0: possibilit\u00e9 de connecter 3 unit\u00e9s ext\u00e9rieures<br \/>\nOnduleur CC continu<br \/>\nEfficacit\u00e9 \u00e9nerg\u00e9tique saisonni\u00e8re exceptionnelle<br \/>\nLarge plage de puissance\u00a0: jusqu\u2019\u00e0 90\u00a0kW<br \/>\nLarge rapport de combinaison\u00a0: 50-200\u00a0%<br \/>\nCompresseur \u00e0 injection de vapeur am\u00e9lior\u00e9e (EVI)<br \/>\nShieldBox\u00a0: garantit la fiabilit\u00e9 du syst\u00e8me dans des conditions climatiques extr\u00eames.<br \/>\nMETA\u00a02\u00a0: efficacit\u00e9 am\u00e9lior\u00e9e, contr\u00f4le de la d\u00e9shumidification<br \/>\nHyperlink\u00a0: r\u00e9duit le temps et les co\u00fbts d\u2019installation<br \/>\nVaste plage de fonctionnement\u00a0: hiver\u00a0: -30\u00a0\u00b0C, \u00e9t\u00e9\u00a0: 55\u00a0\u00b0C<br \/>\nQuadruple fonction de secours\u00a0: fonctionnement continu en cas de panne<br \/>\nDouble cycle de service\u00a0: dur\u00e9e de vie prolong\u00e9e du syst\u00e8me<br \/>\nDoctor M\u00a02.0\u00a0: outil de maintenance intelligent<br \/>\nSuper Sense\u00a0: surveillance avanc\u00e9e du r\u00e9frig\u00e9rant<br \/>\nZen air\u00a02.0\u00a0: gestion multifonctionnelle du flux d\u2019air<br \/>\nMode silencieux avanc\u00e9 \u00e0 15\u00a0niveaux<br \/>\nFonction de d\u00e9poussi\u00e9rage automatique<\/p>\n","protected":false},"featured_media":42709,"template":"","meta":[],"product_brand":[],"product_cat":[1992],"product_tag":[],"class_list":{"0":"post-42732","1":"product","2":"type-product","3":"status-publish","4":"has-post-thumbnail","6":"product_cat-systeme-vrf","8":"first","9":"instock","10":"shipping-taxable","11":"product-type-simple"},"_links":{"self":[{"href":"https:\/\/airsystems.ge\/shop\/fr\/wp-json\/wp\/v2\/product\/42732","targetHints":{"allow":["GET"]}}],"collection":[{"href":"https:\/\/airsystems.ge\/shop\/fr\/wp-json\/wp\/v2\/product"}],"about":[{"href":"https:\/\/airsystems.ge\/shop\/fr\/wp-json\/wp\/v2\/types\/product"}],"wp:featuredmedia":[{"embeddable":true,"href":"https:\/\/airsystems.ge\/shop\/fr\/wp-json\/wp\/v2\/media\/42709"}],"wp:attachment":[{"href":"https:\/\/airsystems.ge\/shop\/fr\/wp-json\/wp\/v2\/media?parent=42732"}],"wp:term":[{"taxonomy":"product_brand","embeddable":true,"href":"https:\/\/airsystems.ge\/shop\/fr\/wp-json\/wp\/v2\/product_brand?post=42732"},{"taxonomy":"product_cat","embeddable":true,"href":"https:\/\/airsystems.ge\/shop\/fr\/wp-json\/wp\/v2\/product_cat?post=42732"},{"taxonomy":"product_tag","embeddable":true,"href":"https:\/\/airsystems.ge\/shop\/fr\/wp-json\/wp\/v2\/product_tag?post=42732"}],"curies":[{"name":"wp","href":"https:\/\/api.w.org\/{rel}","templated":true}]}}